{"id":85421,"date":"2026-04-10T11:25:06","date_gmt":"2026-04-10T09:25:06","guid":{"rendered":"https:\/\/biznes.t-mobile.pl\/?page_id=85421"},"modified":"2026-04-10T11:38:05","modified_gmt":"2026-04-10T09:38:05","slug":"miasto-w-ruchu-platnosci-bez-przestojow-ciaglosc-dzialania-aplikacji-mobilet-dzieki-rozwiazaniu-metrocluster","status":"publish","type":"page","link":"https:\/\/biznes.t-mobile.pl\/pl\/case-study\/miasto-w-ruchu-platnosci-bez-przestojow-ciaglosc-dzialania-aplikacji-mobilet-dzieki-rozwiazaniu-metrocluster","title":{"rendered":"Miasto w ruchu, p\u0142atno\u015bci bez przestoj\u00f3w \u2013 ci\u0105g\u0142o\u015b\u0107 dzia\u0142ania aplikacji Mobilet dzi\u0119ki rozwi\u0105zaniu MetroCluster"},"content":{"rendered":"","protected":false},"excerpt":{"rendered":"","protected":false},"author":7,"featured_media":0,"parent":11827,"menu_order":0,"comment_status":"closed","ping_status":"closed","template":"page-case-study-new.php","meta":{"_acf_changed":false,"footnotes":""},"class_list":["post-85421","page","type-page","status-publish","hentry"],"acf":[],"yoast_head":"<!-- This site is optimized with the Yoast SEO plugin v26.4 - https:\/\/yoast.com\/wordpress\/plugins\/seo\/ -->\n<title>Miasto w ruchu, p\u0142atno\u015bci bez przestoj\u00f3w \u2013 ci\u0105g\u0142o\u015b\u0107 dzia\u0142ania aplikacji Mobilet dzi\u0119ki rozwi\u0105zaniu MetroCluster | T-Mobile Biznes<\/title>\n<meta name=\"description\" content=\"Mobilet to nowoczesna aplikacja mobilna z bran\u017cy fintech, kt\u00f3ra umo\u017cliwia wygodne i bezgot\u00f3wkowe p\u0142atno\u015bci za bilety komunikacji miejskiej oraz parkingi.\" \/>\n<meta name=\"robots\" content=\"index, follow, max-snippet:-1, max-image-preview:large, max-video-preview:-1\" \/>\n<link rel=\"canonical\" href=\"https:\/\/biznes.t-mobile.pl\/pl\/case-study\/miasto-w-ruchu-platnosci-bez-przestojow-ciaglosc-dzialania-aplikacji-mobilet-dzieki-rozwiazaniu-metrocluster\" \/>\n<meta property=\"og:locale\" content=\"pl_PL\" \/>\n<meta property=\"og:type\" content=\"article\" \/>\n<meta property=\"og:title\" content=\"Miasto w ruchu, p\u0142atno\u015bci bez przestoj\u00f3w \u2013 ci\u0105g\u0142o\u015b\u0107 dzia\u0142ania aplikacji Mobilet dzi\u0119ki rozwi\u0105zaniu MetroCluster | T-Mobile Biznes\" \/>\n<meta property=\"og:description\" content=\"Mobilet to nowoczesna aplikacja mobilna z bran\u017cy fintech, kt\u00f3ra umo\u017cliwia wygodne i bezgot\u00f3wkowe p\u0142atno\u015bci za bilety komunikacji miejskiej oraz parkingi.\" \/>\n<meta property=\"og:url\" content=\"https:\/\/biznes.t-mobile.pl\/pl\/case-study\/miasto-w-ruchu-platnosci-bez-przestojow-ciaglosc-dzialania-aplikacji-mobilet-dzieki-rozwiazaniu-metrocluster\" \/>\n<meta property=\"og:site_name\" content=\"T-Mobile Biznes Polska\" \/>\n<meta property=\"article:modified_time\" content=\"2026-04-10T09:38:05+00:00\" \/>\n<meta name=\"twitter:card\" content=\"summary_large_image\" \/>\n<script type=\"application\/ld+json\" class=\"yoast-schema-graph\">{\"@context\":\"https:\/\/schema.org\",\"@graph\":[{\"@type\":\"WebPage\",\"@id\":\"https:\/\/biznes.t-mobile.pl\/pl\/case-study\/miasto-w-ruchu-platnosci-bez-przestojow-ciaglosc-dzialania-aplikacji-mobilet-dzieki-rozwiazaniu-metrocluster\",\"url\":\"https:\/\/biznes.t-mobile.pl\/pl\/case-study\/miasto-w-ruchu-platnosci-bez-przestojow-ciaglosc-dzialania-aplikacji-mobilet-dzieki-rozwiazaniu-metrocluster\",\"name\":\"Miasto w ruchu, p\u0142atno\u015bci bez przestoj\u00f3w \u2013 ci\u0105g\u0142o\u015b\u0107 dzia\u0142ania aplikacji Mobilet dzi\u0119ki rozwi\u0105zaniu MetroCluster | T-Mobile Biznes\",\"isPartOf\":{\"@id\":\"https:\/\/biznes.t-mobile.pl\/pl\/#website\"},\"datePublished\":\"2026-04-10T09:25:06+00:00\",\"dateModified\":\"2026-04-10T09:38:05+00:00\",\"description\":\"Mobilet to nowoczesna aplikacja mobilna z bran\u017cy fintech, kt\u00f3ra umo\u017cliwia wygodne i bezgot\u00f3wkowe p\u0142atno\u015bci za bilety komunikacji miejskiej oraz parkingi.\",\"breadcrumb\":{\"@id\":\"https:\/\/biznes.t-mobile.pl\/pl\/case-study\/miasto-w-ruchu-platnosci-bez-przestojow-ciaglosc-dzialania-aplikacji-mobilet-dzieki-rozwiazaniu-metrocluster#breadcrumb\"},\"inLanguage\":\"pl-PL\",\"potentialAction\":[{\"@type\":\"ReadAction\",\"target\":[\"https:\/\/biznes.t-mobile.pl\/pl\/case-study\/miasto-w-ruchu-platnosci-bez-przestojow-ciaglosc-dzialania-aplikacji-mobilet-dzieki-rozwiazaniu-metrocluster\"]}]},{\"@type\":\"BreadcrumbList\",\"@id\":\"https:\/\/biznes.t-mobile.pl\/pl\/case-study\/miasto-w-ruchu-platnosci-bez-przestojow-ciaglosc-dzialania-aplikacji-mobilet-dzieki-rozwiazaniu-metrocluster#breadcrumb\",\"itemListElement\":[{\"@type\":\"ListItem\",\"position\":1,\"name\":\"Strona g\u0142\u00f3wna\",\"item\":\"https:\/\/biznes.t-mobile.pl\/pl\"},{\"@type\":\"ListItem\",\"position\":2,\"name\":\"Case Study\",\"item\":\"https:\/\/biznes.t-mobile.pl\/pl\/case-study\"},{\"@type\":\"ListItem\",\"position\":3,\"name\":\"Miasto w ruchu, p\u0142atno\u015bci bez przestoj\u00f3w \u2013 ci\u0105g\u0142o\u015b\u0107 dzia\u0142ania aplikacji Mobilet dzi\u0119ki rozwi\u0105zaniu MetroCluster\"}]},{\"@type\":\"WebSite\",\"@id\":\"https:\/\/biznes.t-mobile.pl\/pl\/#website\",\"url\":\"https:\/\/biznes.t-mobile.pl\/pl\/\",\"name\":\"T-Mobile Biznes Polska\",\"description\":\"Kompletna oferta T-Mobile dla firm. Sprawd\u017a us\u0142ugi mobilne, stacjonarne, sieci transmisji danych, internetu, centrum danych, cyberbezpiecze\u0144stwa i smart city ju\u017c teraz!\",\"publisher\":{\"@id\":\"https:\/\/biznes.t-mobile.pl\/pl\/#organization\"},\"potentialAction\":[{\"@type\":\"SearchAction\",\"target\":{\"@type\":\"EntryPoint\",\"urlTemplate\":\"https:\/\/biznes.t-mobile.pl\/pl\/?s={search_term_string}\"},\"query-input\":{\"@type\":\"PropertyValueSpecification\",\"valueRequired\":true,\"valueName\":\"search_term_string\"}}],\"inLanguage\":\"pl-PL\"},{\"@type\":\"Organization\",\"@id\":\"https:\/\/biznes.t-mobile.pl\/pl\/#organization\",\"name\":\"T-Mobile Biznes Polska\",\"url\":\"https:\/\/biznes.t-mobile.pl\/pl\/\",\"logo\":{\"@type\":\"ImageObject\",\"inLanguage\":\"pl-PL\",\"@id\":\"https:\/\/biznes.t-mobile.pl\/pl\/#\/schema\/logo\/image\/\",\"url\":\"https:\/\/biznes.t-mobile.pl\/wp-content\/uploads\/2024\/05\/logo-tmobile-white-new.svg\",\"contentUrl\":\"https:\/\/biznes.t-mobile.pl\/wp-content\/uploads\/2024\/05\/logo-tmobile-white-new.svg\",\"caption\":\"T-Mobile Biznes Polska\"},\"image\":{\"@id\":\"https:\/\/biznes.t-mobile.pl\/pl\/#\/schema\/logo\/image\/\"}}]}<\/script>\n<!-- \/ Yoast SEO plugin. -->","yoast_head_json":{"title":"Miasto w ruchu, p\u0142atno\u015bci bez przestoj\u00f3w \u2013 ci\u0105g\u0142o\u015b\u0107 dzia\u0142ania aplikacji Mobilet dzi\u0119ki rozwi\u0105zaniu MetroCluster | T-Mobile Biznes","description":"Mobilet to nowoczesna aplikacja mobilna z bran\u017cy fintech, kt\u00f3ra umo\u017cliwia wygodne i bezgot\u00f3wkowe p\u0142atno\u015bci za bilety komunikacji miejskiej oraz parkingi.","robots":{"index":"index","follow":"follow","max-snippet":"max-snippet:-1","max-image-preview":"max-image-preview:large","max-video-preview":"max-video-preview:-1"},"canonical":"https:\/\/biznes.t-mobile.pl\/pl\/case-study\/miasto-w-ruchu-platnosci-bez-przestojow-ciaglosc-dzialania-aplikacji-mobilet-dzieki-rozwiazaniu-metrocluster","og_locale":"pl_PL","og_type":"article","og_title":"Miasto w ruchu, p\u0142atno\u015bci bez przestoj\u00f3w \u2013 ci\u0105g\u0142o\u015b\u0107 dzia\u0142ania aplikacji Mobilet dzi\u0119ki rozwi\u0105zaniu MetroCluster | T-Mobile Biznes","og_description":"Mobilet to nowoczesna aplikacja mobilna z bran\u017cy fintech, kt\u00f3ra umo\u017cliwia wygodne i bezgot\u00f3wkowe p\u0142atno\u015bci za bilety komunikacji miejskiej oraz parkingi.","og_url":"https:\/\/biznes.t-mobile.pl\/pl\/case-study\/miasto-w-ruchu-platnosci-bez-przestojow-ciaglosc-dzialania-aplikacji-mobilet-dzieki-rozwiazaniu-metrocluster","og_site_name":"T-Mobile Biznes Polska","article_modified_time":"2026-04-10T09:38:05+00:00","twitter_card":"summary_large_image","schema":{"@context":"https:\/\/schema.org","@graph":[{"@type":"WebPage","@id":"https:\/\/biznes.t-mobile.pl\/pl\/case-study\/miasto-w-ruchu-platnosci-bez-przestojow-ciaglosc-dzialania-aplikacji-mobilet-dzieki-rozwiazaniu-metrocluster","url":"https:\/\/biznes.t-mobile.pl\/pl\/case-study\/miasto-w-ruchu-platnosci-bez-przestojow-ciaglosc-dzialania-aplikacji-mobilet-dzieki-rozwiazaniu-metrocluster","name":"Miasto w ruchu, p\u0142atno\u015bci bez przestoj\u00f3w \u2013 ci\u0105g\u0142o\u015b\u0107 dzia\u0142ania aplikacji Mobilet dzi\u0119ki rozwi\u0105zaniu MetroCluster | T-Mobile Biznes","isPartOf":{"@id":"https:\/\/biznes.t-mobile.pl\/pl\/#website"},"datePublished":"2026-04-10T09:25:06+00:00","dateModified":"2026-04-10T09:38:05+00:00","description":"Mobilet to nowoczesna aplikacja mobilna z bran\u017cy fintech, kt\u00f3ra umo\u017cliwia wygodne i bezgot\u00f3wkowe p\u0142atno\u015bci za bilety komunikacji miejskiej oraz parkingi.","breadcrumb":{"@id":"https:\/\/biznes.t-mobile.pl\/pl\/case-study\/miasto-w-ruchu-platnosci-bez-przestojow-ciaglosc-dzialania-aplikacji-mobilet-dzieki-rozwiazaniu-metrocluster#breadcrumb"},"inLanguage":"pl-PL","potentialAction":[{"@type":"ReadAction","target":["https:\/\/biznes.t-mobile.pl\/pl\/case-study\/miasto-w-ruchu-platnosci-bez-przestojow-ciaglosc-dzialania-aplikacji-mobilet-dzieki-rozwiazaniu-metrocluster"]}]},{"@type":"BreadcrumbList","@id":"https:\/\/biznes.t-mobile.pl\/pl\/case-study\/miasto-w-ruchu-platnosci-bez-przestojow-ciaglosc-dzialania-aplikacji-mobilet-dzieki-rozwiazaniu-metrocluster#breadcrumb","itemListElement":[{"@type":"ListItem","position":1,"name":"Strona g\u0142\u00f3wna","item":"https:\/\/biznes.t-mobile.pl\/pl"},{"@type":"ListItem","position":2,"name":"Case Study","item":"https:\/\/biznes.t-mobile.pl\/pl\/case-study"},{"@type":"ListItem","position":3,"name":"Miasto w ruchu, p\u0142atno\u015bci bez przestoj\u00f3w \u2013 ci\u0105g\u0142o\u015b\u0107 dzia\u0142ania aplikacji Mobilet dzi\u0119ki rozwi\u0105zaniu MetroCluster"}]},{"@type":"WebSite","@id":"https:\/\/biznes.t-mobile.pl\/pl\/#website","url":"https:\/\/biznes.t-mobile.pl\/pl\/","name":"T-Mobile Biznes Polska","description":"Kompletna oferta T-Mobile dla firm. Sprawd\u017a us\u0142ugi mobilne, stacjonarne, sieci transmisji danych, internetu, centrum danych, cyberbezpiecze\u0144stwa i smart city ju\u017c teraz!","publisher":{"@id":"https:\/\/biznes.t-mobile.pl\/pl\/#organization"},"potentialAction":[{"@type":"SearchAction","target":{"@type":"EntryPoint","urlTemplate":"https:\/\/biznes.t-mobile.pl\/pl\/?s={search_term_string}"},"query-input":{"@type":"PropertyValueSpecification","valueRequired":true,"valueName":"search_term_string"}}],"inLanguage":"pl-PL"},{"@type":"Organization","@id":"https:\/\/biznes.t-mobile.pl\/pl\/#organization","name":"T-Mobile Biznes Polska","url":"https:\/\/biznes.t-mobile.pl\/pl\/","logo":{"@type":"ImageObject","inLanguage":"pl-PL","@id":"https:\/\/biznes.t-mobile.pl\/pl\/#\/schema\/logo\/image\/","url":"https:\/\/biznes.t-mobile.pl\/wp-content\/uploads\/2024\/05\/logo-tmobile-white-new.svg","contentUrl":"https:\/\/biznes.t-mobile.pl\/wp-content\/uploads\/2024\/05\/logo-tmobile-white-new.svg","caption":"T-Mobile Biznes Polska"},"image":{"@id":"https:\/\/biznes.t-mobile.pl\/pl\/#\/schema\/logo\/image\/"}}]}},"_links":{"self":[{"href":"https:\/\/biznes.t-mobile.pl\/pl\/wp-json\/wp\/v2\/pages\/85421","targetHints":{"allow":["GET"]}}],"collection":[{"href":"https:\/\/biznes.t-mobile.pl\/pl\/wp-json\/wp\/v2\/pages"}],"about":[{"href":"https:\/\/biznes.t-mobile.pl\/pl\/wp-json\/wp\/v2\/types\/page"}],"author":[{"embeddable":true,"href":"https:\/\/biznes.t-mobile.pl\/pl\/wp-json\/wp\/v2\/users\/7"}],"replies":[{"embeddable":true,"href":"https:\/\/biznes.t-mobile.pl\/pl\/wp-json\/wp\/v2\/comments?post=85421"}],"version-history":[{"count":1,"href":"https:\/\/biznes.t-mobile.pl\/pl\/wp-json\/wp\/v2\/pages\/85421\/revisions"}],"predecessor-version":[{"id":85491,"href":"https:\/\/biznes.t-mobile.pl\/pl\/wp-json\/wp\/v2\/pages\/85421\/revisions\/85491"}],"up":[{"embeddable":true,"href":"https:\/\/biznes.t-mobile.pl\/pl\/wp-json\/wp\/v2\/pages\/11827"}],"wp:attachment":[{"href":"https:\/\/biznes.t-mobile.pl\/pl\/wp-json\/wp\/v2\/media?parent=85421"}],"curies":[{"name":"wp","href":"https:\/\/api.w.org\/{rel}","templated":true}]}}