{"id":85359,"date":"2026-04-10T10:17:45","date_gmt":"2026-04-10T08:17:45","guid":{"rendered":"https:\/\/biznes.t-mobile.pl\/?page_id=85359"},"modified":"2026-04-10T10:21:36","modified_gmt":"2026-04-10T08:21:36","slug":"grupa-kety","status":"publish","type":"page","link":"https:\/\/biznes.t-mobile.pl\/pl\/case-study\/grupa-kety","title":{"rendered":"Grupa K\u0119ty S.A."},"content":{"rendered":"","protected":false},"excerpt":{"rendered":"","protected":false},"author":7,"featured_media":0,"parent":11827,"menu_order":0,"comment_status":"closed","ping_status":"closed","template":"page-case-study-new.php","meta":{"_acf_changed":false,"footnotes":""},"class_list":["post-85359","page","type-page","status-publish","hentry"],"acf":[],"yoast_head":"<!-- This site is optimized with the Yoast SEO plugin v26.4 - https:\/\/yoast.com\/wordpress\/plugins\/seo\/ -->\n<title>Nowoczesne \u015brodowisko pracy w Grupie K\u0119ty \u2013 wdro\u017cenie Microsoft 365 | Case study<\/title>\n<meta name=\"description\" content=\"Zobacz, jak Grupa K\u0119ty wdro\u017cy\u0142a Microsoft 365, zwi\u0119kszaj\u0105c bezpiecze\u0144stwo danych, usprawniaj\u0105c komunikacj\u0119 i wsp\u00f3\u0142prac\u0119 w nowoczesnym \u015brodowisku pracy.\" \/>\n<meta name=\"robots\" content=\"index, follow, max-snippet:-1, max-image-preview:large, max-video-preview:-1\" \/>\n<link rel=\"canonical\" href=\"https:\/\/biznes.t-mobile.pl\/pl\/case-study\/grupa-kety\" \/>\n<meta property=\"og:locale\" content=\"pl_PL\" \/>\n<meta property=\"og:type\" content=\"article\" \/>\n<meta property=\"og:title\" content=\"Nowoczesne \u015brodowisko pracy w Grupie K\u0119ty \u2013 wdro\u017cenie Microsoft 365 | Case study\" \/>\n<meta property=\"og:description\" content=\"Zobacz, jak Grupa K\u0119ty wdro\u017cy\u0142a Microsoft 365, zwi\u0119kszaj\u0105c bezpiecze\u0144stwo danych, usprawniaj\u0105c komunikacj\u0119 i wsp\u00f3\u0142prac\u0119 w nowoczesnym \u015brodowisku pracy.\" \/>\n<meta property=\"og:url\" content=\"https:\/\/biznes.t-mobile.pl\/pl\/case-study\/grupa-kety\" \/>\n<meta property=\"og:site_name\" content=\"T-Mobile Biznes Polska\" \/>\n<meta property=\"article:modified_time\" content=\"2026-04-10T08:21:36+00:00\" \/>\n<meta name=\"twitter:card\" content=\"summary_large_image\" \/>\n<script type=\"application\/ld+json\" class=\"yoast-schema-graph\">{\"@context\":\"https:\/\/schema.org\",\"@graph\":[{\"@type\":\"WebPage\",\"@id\":\"https:\/\/biznes.t-mobile.pl\/pl\/case-study\/grupa-kety\",\"url\":\"https:\/\/biznes.t-mobile.pl\/pl\/case-study\/grupa-kety\",\"name\":\"Nowoczesne \u015brodowisko pracy w Grupie K\u0119ty \u2013 wdro\u017cenie Microsoft 365 | Case study\",\"isPartOf\":{\"@id\":\"https:\/\/biznes.t-mobile.pl\/pl\/#website\"},\"datePublished\":\"2026-04-10T08:17:45+00:00\",\"dateModified\":\"2026-04-10T08:21:36+00:00\",\"description\":\"Zobacz, jak Grupa K\u0119ty wdro\u017cy\u0142a Microsoft 365, zwi\u0119kszaj\u0105c bezpiecze\u0144stwo danych, usprawniaj\u0105c komunikacj\u0119 i wsp\u00f3\u0142prac\u0119 w nowoczesnym \u015brodowisku pracy.\",\"breadcrumb\":{\"@id\":\"https:\/\/biznes.t-mobile.pl\/pl\/case-study\/grupa-kety#breadcrumb\"},\"inLanguage\":\"pl-PL\",\"potentialAction\":[{\"@type\":\"ReadAction\",\"target\":[\"https:\/\/biznes.t-mobile.pl\/pl\/case-study\/grupa-kety\"]}]},{\"@type\":\"BreadcrumbList\",\"@id\":\"https:\/\/biznes.t-mobile.pl\/pl\/case-study\/grupa-kety#breadcrumb\",\"itemListElement\":[{\"@type\":\"ListItem\",\"position\":1,\"name\":\"Strona g\u0142\u00f3wna\",\"item\":\"https:\/\/biznes.t-mobile.pl\/pl\"},{\"@type\":\"ListItem\",\"position\":2,\"name\":\"Case Study\",\"item\":\"https:\/\/biznes.t-mobile.pl\/pl\/case-study\"},{\"@type\":\"ListItem\",\"position\":3,\"name\":\"Grupa K\u0119ty S.A.\"}]},{\"@type\":\"WebSite\",\"@id\":\"https:\/\/biznes.t-mobile.pl\/pl\/#website\",\"url\":\"https:\/\/biznes.t-mobile.pl\/pl\/\",\"name\":\"T-Mobile Biznes Polska\",\"description\":\"Kompletna oferta T-Mobile dla firm. Sprawd\u017a us\u0142ugi mobilne, stacjonarne, sieci transmisji danych, internetu, centrum danych, cyberbezpiecze\u0144stwa i smart city ju\u017c teraz!\",\"publisher\":{\"@id\":\"https:\/\/biznes.t-mobile.pl\/pl\/#organization\"},\"potentialAction\":[{\"@type\":\"SearchAction\",\"target\":{\"@type\":\"EntryPoint\",\"urlTemplate\":\"https:\/\/biznes.t-mobile.pl\/pl\/?s={search_term_string}\"},\"query-input\":{\"@type\":\"PropertyValueSpecification\",\"valueRequired\":true,\"valueName\":\"search_term_string\"}}],\"inLanguage\":\"pl-PL\"},{\"@type\":\"Organization\",\"@id\":\"https:\/\/biznes.t-mobile.pl\/pl\/#organization\",\"name\":\"T-Mobile Biznes Polska\",\"url\":\"https:\/\/biznes.t-mobile.pl\/pl\/\",\"logo\":{\"@type\":\"ImageObject\",\"inLanguage\":\"pl-PL\",\"@id\":\"https:\/\/biznes.t-mobile.pl\/pl\/#\/schema\/logo\/image\/\",\"url\":\"https:\/\/biznes.t-mobile.pl\/wp-content\/uploads\/2024\/05\/logo-tmobile-white-new.svg\",\"contentUrl\":\"https:\/\/biznes.t-mobile.pl\/wp-content\/uploads\/2024\/05\/logo-tmobile-white-new.svg\",\"caption\":\"T-Mobile Biznes Polska\"},\"image\":{\"@id\":\"https:\/\/biznes.t-mobile.pl\/pl\/#\/schema\/logo\/image\/\"}}]}<\/script>\n<!-- \/ Yoast SEO plugin. -->","yoast_head_json":{"title":"Nowoczesne \u015brodowisko pracy w Grupie K\u0119ty \u2013 wdro\u017cenie Microsoft 365 | Case study","description":"Zobacz, jak Grupa K\u0119ty wdro\u017cy\u0142a Microsoft 365, zwi\u0119kszaj\u0105c bezpiecze\u0144stwo danych, usprawniaj\u0105c komunikacj\u0119 i wsp\u00f3\u0142prac\u0119 w nowoczesnym \u015brodowisku pracy.","robots":{"index":"index","follow":"follow","max-snippet":"max-snippet:-1","max-image-preview":"max-image-preview:large","max-video-preview":"max-video-preview:-1"},"canonical":"https:\/\/biznes.t-mobile.pl\/pl\/case-study\/grupa-kety","og_locale":"pl_PL","og_type":"article","og_title":"Nowoczesne \u015brodowisko pracy w Grupie K\u0119ty \u2013 wdro\u017cenie Microsoft 365 | Case study","og_description":"Zobacz, jak Grupa K\u0119ty wdro\u017cy\u0142a Microsoft 365, zwi\u0119kszaj\u0105c bezpiecze\u0144stwo danych, usprawniaj\u0105c komunikacj\u0119 i wsp\u00f3\u0142prac\u0119 w nowoczesnym \u015brodowisku pracy.","og_url":"https:\/\/biznes.t-mobile.pl\/pl\/case-study\/grupa-kety","og_site_name":"T-Mobile Biznes Polska","article_modified_time":"2026-04-10T08:21:36+00:00","twitter_card":"summary_large_image","schema":{"@context":"https:\/\/schema.org","@graph":[{"@type":"WebPage","@id":"https:\/\/biznes.t-mobile.pl\/pl\/case-study\/grupa-kety","url":"https:\/\/biznes.t-mobile.pl\/pl\/case-study\/grupa-kety","name":"Nowoczesne \u015brodowisko pracy w Grupie K\u0119ty \u2013 wdro\u017cenie Microsoft 365 | Case study","isPartOf":{"@id":"https:\/\/biznes.t-mobile.pl\/pl\/#website"},"datePublished":"2026-04-10T08:17:45+00:00","dateModified":"2026-04-10T08:21:36+00:00","description":"Zobacz, jak Grupa K\u0119ty wdro\u017cy\u0142a Microsoft 365, zwi\u0119kszaj\u0105c bezpiecze\u0144stwo danych, usprawniaj\u0105c komunikacj\u0119 i wsp\u00f3\u0142prac\u0119 w nowoczesnym \u015brodowisku pracy.","breadcrumb":{"@id":"https:\/\/biznes.t-mobile.pl\/pl\/case-study\/grupa-kety#breadcrumb"},"inLanguage":"pl-PL","potentialAction":[{"@type":"ReadAction","target":["https:\/\/biznes.t-mobile.pl\/pl\/case-study\/grupa-kety"]}]},{"@type":"BreadcrumbList","@id":"https:\/\/biznes.t-mobile.pl\/pl\/case-study\/grupa-kety#breadcrumb","itemListElement":[{"@type":"ListItem","position":1,"name":"Strona g\u0142\u00f3wna","item":"https:\/\/biznes.t-mobile.pl\/pl"},{"@type":"ListItem","position":2,"name":"Case Study","item":"https:\/\/biznes.t-mobile.pl\/pl\/case-study"},{"@type":"ListItem","position":3,"name":"Grupa K\u0119ty S.A."}]},{"@type":"WebSite","@id":"https:\/\/biznes.t-mobile.pl\/pl\/#website","url":"https:\/\/biznes.t-mobile.pl\/pl\/","name":"T-Mobile Biznes Polska","description":"Kompletna oferta T-Mobile dla firm. Sprawd\u017a us\u0142ugi mobilne, stacjonarne, sieci transmisji danych, internetu, centrum danych, cyberbezpiecze\u0144stwa i smart city ju\u017c teraz!","publisher":{"@id":"https:\/\/biznes.t-mobile.pl\/pl\/#organization"},"potentialAction":[{"@type":"SearchAction","target":{"@type":"EntryPoint","urlTemplate":"https:\/\/biznes.t-mobile.pl\/pl\/?s={search_term_string}"},"query-input":{"@type":"PropertyValueSpecification","valueRequired":true,"valueName":"search_term_string"}}],"inLanguage":"pl-PL"},{"@type":"Organization","@id":"https:\/\/biznes.t-mobile.pl\/pl\/#organization","name":"T-Mobile Biznes Polska","url":"https:\/\/biznes.t-mobile.pl\/pl\/","logo":{"@type":"ImageObject","inLanguage":"pl-PL","@id":"https:\/\/biznes.t-mobile.pl\/pl\/#\/schema\/logo\/image\/","url":"https:\/\/biznes.t-mobile.pl\/wp-content\/uploads\/2024\/05\/logo-tmobile-white-new.svg","contentUrl":"https:\/\/biznes.t-mobile.pl\/wp-content\/uploads\/2024\/05\/logo-tmobile-white-new.svg","caption":"T-Mobile Biznes Polska"},"image":{"@id":"https:\/\/biznes.t-mobile.pl\/pl\/#\/schema\/logo\/image\/"}}]}},"_links":{"self":[{"href":"https:\/\/biznes.t-mobile.pl\/pl\/wp-json\/wp\/v2\/pages\/85359","targetHints":{"allow":["GET"]}}],"collection":[{"href":"https:\/\/biznes.t-mobile.pl\/pl\/wp-json\/wp\/v2\/pages"}],"about":[{"href":"https:\/\/biznes.t-mobile.pl\/pl\/wp-json\/wp\/v2\/types\/page"}],"author":[{"embeddable":true,"href":"https:\/\/biznes.t-mobile.pl\/pl\/wp-json\/wp\/v2\/users\/7"}],"replies":[{"embeddable":true,"href":"https:\/\/biznes.t-mobile.pl\/pl\/wp-json\/wp\/v2\/comments?post=85359"}],"version-history":[{"count":2,"href":"https:\/\/biznes.t-mobile.pl\/pl\/wp-json\/wp\/v2\/pages\/85359\/revisions"}],"predecessor-version":[{"id":85419,"href":"https:\/\/biznes.t-mobile.pl\/pl\/wp-json\/wp\/v2\/pages\/85359\/revisions\/85419"}],"up":[{"embeddable":true,"href":"https:\/\/biznes.t-mobile.pl\/pl\/wp-json\/wp\/v2\/pages\/11827"}],"wp:attachment":[{"href":"https:\/\/biznes.t-mobile.pl\/pl\/wp-json\/wp\/v2\/media?parent=85359"}],"curies":[{"name":"wp","href":"https:\/\/api.w.org\/{rel}","templated":true}]}}