{"id":84053,"date":"2025-11-21T11:48:48","date_gmt":"2025-11-21T10:48:48","guid":{"rendered":"https:\/\/biznes.t-mobile.pl\/?page_id=84053"},"modified":"2025-11-21T11:48:48","modified_gmt":"2025-11-21T10:48:48","slug":"bmw-sikora","status":"publish","type":"page","link":"https:\/\/biznes.t-mobile.pl\/pl\/case-study\/bmw-sikora","title":{"rendered":"BMW Sikora"},"content":{"rendered":"","protected":false},"excerpt":{"rendered":"","protected":false},"author":39,"featured_media":0,"parent":11827,"menu_order":0,"comment_status":"closed","ping_status":"closed","template":"page-case-study-new.php","meta":{"_acf_changed":false,"footnotes":""},"class_list":["post-84053","page","type-page","status-publish","hentry"],"acf":[],"yoast_head":"<!-- This site is optimized with the Yoast SEO plugin v26.4 - https:\/\/yoast.com\/wordpress\/plugins\/seo\/ -->\n<title>Wirtualne Call Center dla BMW Sikora \u2013 case study T-Mobile<\/title>\n<meta name=\"description\" content=\"Sprawd\u017a, jak Wirtualne Call Center i sie\u0107 5G od T-Mobile pomog\u0142y BMW Sikora usprawni\u0107 obs\u0142ug\u0119 telefoniczn\u0105, zwi\u0119kszy\u0107 sprzeda\u017c i zadba\u0107 o klient\u00f3w premium.\" \/>\n<meta name=\"robots\" content=\"index, follow, max-snippet:-1, max-image-preview:large, max-video-preview:-1\" \/>\n<link rel=\"canonical\" href=\"https:\/\/biznes.t-mobile.pl\/pl\/case-study\/bmw-sikora\" \/>\n<meta property=\"og:locale\" content=\"pl_PL\" \/>\n<meta property=\"og:type\" content=\"article\" \/>\n<meta property=\"og:title\" content=\"Wirtualne Call Center dla BMW Sikora \u2013 case study T-Mobile\" \/>\n<meta property=\"og:description\" content=\"Sprawd\u017a, jak Wirtualne Call Center i sie\u0107 5G od T-Mobile pomog\u0142y BMW Sikora usprawni\u0107 obs\u0142ug\u0119 telefoniczn\u0105, zwi\u0119kszy\u0107 sprzeda\u017c i zadba\u0107 o klient\u00f3w premium.\" \/>\n<meta property=\"og:url\" content=\"https:\/\/biznes.t-mobile.pl\/pl\/case-study\/bmw-sikora\" \/>\n<meta property=\"og:site_name\" content=\"T-Mobile Biznes Polska\" \/>\n<meta name=\"twitter:card\" content=\"summary_large_image\" \/>\n<script type=\"application\/ld+json\" class=\"yoast-schema-graph\">{\"@context\":\"https:\/\/schema.org\",\"@graph\":[{\"@type\":\"WebPage\",\"@id\":\"https:\/\/biznes.t-mobile.pl\/pl\/case-study\/bmw-sikora\",\"url\":\"https:\/\/biznes.t-mobile.pl\/pl\/case-study\/bmw-sikora\",\"name\":\"Wirtualne Call Center dla BMW Sikora \u2013 case study T-Mobile\",\"isPartOf\":{\"@id\":\"https:\/\/biznes.t-mobile.pl\/pl\/#website\"},\"datePublished\":\"2025-11-21T10:48:48+00:00\",\"description\":\"Sprawd\u017a, jak Wirtualne Call Center i sie\u0107 5G od T-Mobile pomog\u0142y BMW Sikora usprawni\u0107 obs\u0142ug\u0119 telefoniczn\u0105, zwi\u0119kszy\u0107 sprzeda\u017c i zadba\u0107 o klient\u00f3w premium.\",\"breadcrumb\":{\"@id\":\"https:\/\/biznes.t-mobile.pl\/pl\/case-study\/bmw-sikora#breadcrumb\"},\"inLanguage\":\"pl-PL\",\"potentialAction\":[{\"@type\":\"ReadAction\",\"target\":[\"https:\/\/biznes.t-mobile.pl\/pl\/case-study\/bmw-sikora\"]}]},{\"@type\":\"BreadcrumbList\",\"@id\":\"https:\/\/biznes.t-mobile.pl\/pl\/case-study\/bmw-sikora#breadcrumb\",\"itemListElement\":[{\"@type\":\"ListItem\",\"position\":1,\"name\":\"Strona g\u0142\u00f3wna\",\"item\":\"https:\/\/biznes.t-mobile.pl\/pl\"},{\"@type\":\"ListItem\",\"position\":2,\"name\":\"Case Study\",\"item\":\"https:\/\/biznes.t-mobile.pl\/pl\/case-study\"},{\"@type\":\"ListItem\",\"position\":3,\"name\":\"BMW Sikora\"}]},{\"@type\":\"WebSite\",\"@id\":\"https:\/\/biznes.t-mobile.pl\/pl\/#website\",\"url\":\"https:\/\/biznes.t-mobile.pl\/pl\/\",\"name\":\"T-Mobile Biznes Polska\",\"description\":\"Kompletna oferta T-Mobile dla firm. Sprawd\u017a us\u0142ugi mobilne, stacjonarne, sieci transmisji danych, internetu, centrum danych, cyberbezpiecze\u0144stwa i smart city ju\u017c teraz!\",\"publisher\":{\"@id\":\"https:\/\/biznes.t-mobile.pl\/pl\/#organization\"},\"potentialAction\":[{\"@type\":\"SearchAction\",\"target\":{\"@type\":\"EntryPoint\",\"urlTemplate\":\"https:\/\/biznes.t-mobile.pl\/pl\/?s={search_term_string}\"},\"query-input\":{\"@type\":\"PropertyValueSpecification\",\"valueRequired\":true,\"valueName\":\"search_term_string\"}}],\"inLanguage\":\"pl-PL\"},{\"@type\":\"Organization\",\"@id\":\"https:\/\/biznes.t-mobile.pl\/pl\/#organization\",\"name\":\"T-Mobile Biznes Polska\",\"url\":\"https:\/\/biznes.t-mobile.pl\/pl\/\",\"logo\":{\"@type\":\"ImageObject\",\"inLanguage\":\"pl-PL\",\"@id\":\"https:\/\/biznes.t-mobile.pl\/pl\/#\/schema\/logo\/image\/\",\"url\":\"https:\/\/biznes.t-mobile.pl\/wp-content\/uploads\/2024\/05\/logo-tmobile-white-new.svg\",\"contentUrl\":\"https:\/\/biznes.t-mobile.pl\/wp-content\/uploads\/2024\/05\/logo-tmobile-white-new.svg\",\"caption\":\"T-Mobile Biznes Polska\"},\"image\":{\"@id\":\"https:\/\/biznes.t-mobile.pl\/pl\/#\/schema\/logo\/image\/\"}}]}<\/script>\n<!-- \/ Yoast SEO plugin. -->","yoast_head_json":{"title":"Wirtualne Call Center dla BMW Sikora \u2013 case study T-Mobile","description":"Sprawd\u017a, jak Wirtualne Call Center i sie\u0107 5G od T-Mobile pomog\u0142y BMW Sikora usprawni\u0107 obs\u0142ug\u0119 telefoniczn\u0105, zwi\u0119kszy\u0107 sprzeda\u017c i zadba\u0107 o klient\u00f3w premium.","robots":{"index":"index","follow":"follow","max-snippet":"max-snippet:-1","max-image-preview":"max-image-preview:large","max-video-preview":"max-video-preview:-1"},"canonical":"https:\/\/biznes.t-mobile.pl\/pl\/case-study\/bmw-sikora","og_locale":"pl_PL","og_type":"article","og_title":"Wirtualne Call Center dla BMW Sikora \u2013 case study T-Mobile","og_description":"Sprawd\u017a, jak Wirtualne Call Center i sie\u0107 5G od T-Mobile pomog\u0142y BMW Sikora usprawni\u0107 obs\u0142ug\u0119 telefoniczn\u0105, zwi\u0119kszy\u0107 sprzeda\u017c i zadba\u0107 o klient\u00f3w premium.","og_url":"https:\/\/biznes.t-mobile.pl\/pl\/case-study\/bmw-sikora","og_site_name":"T-Mobile Biznes Polska","twitter_card":"summary_large_image","schema":{"@context":"https:\/\/schema.org","@graph":[{"@type":"WebPage","@id":"https:\/\/biznes.t-mobile.pl\/pl\/case-study\/bmw-sikora","url":"https:\/\/biznes.t-mobile.pl\/pl\/case-study\/bmw-sikora","name":"Wirtualne Call Center dla BMW Sikora \u2013 case study T-Mobile","isPartOf":{"@id":"https:\/\/biznes.t-mobile.pl\/pl\/#website"},"datePublished":"2025-11-21T10:48:48+00:00","description":"Sprawd\u017a, jak Wirtualne Call Center i sie\u0107 5G od T-Mobile pomog\u0142y BMW Sikora usprawni\u0107 obs\u0142ug\u0119 telefoniczn\u0105, zwi\u0119kszy\u0107 sprzeda\u017c i zadba\u0107 o klient\u00f3w premium.","breadcrumb":{"@id":"https:\/\/biznes.t-mobile.pl\/pl\/case-study\/bmw-sikora#breadcrumb"},"inLanguage":"pl-PL","potentialAction":[{"@type":"ReadAction","target":["https:\/\/biznes.t-mobile.pl\/pl\/case-study\/bmw-sikora"]}]},{"@type":"BreadcrumbList","@id":"https:\/\/biznes.t-mobile.pl\/pl\/case-study\/bmw-sikora#breadcrumb","itemListElement":[{"@type":"ListItem","position":1,"name":"Strona g\u0142\u00f3wna","item":"https:\/\/biznes.t-mobile.pl\/pl"},{"@type":"ListItem","position":2,"name":"Case Study","item":"https:\/\/biznes.t-mobile.pl\/pl\/case-study"},{"@type":"ListItem","position":3,"name":"BMW Sikora"}]},{"@type":"WebSite","@id":"https:\/\/biznes.t-mobile.pl\/pl\/#website","url":"https:\/\/biznes.t-mobile.pl\/pl\/","name":"T-Mobile Biznes Polska","description":"Kompletna oferta T-Mobile dla firm. Sprawd\u017a us\u0142ugi mobilne, stacjonarne, sieci transmisji danych, internetu, centrum danych, cyberbezpiecze\u0144stwa i smart city ju\u017c teraz!","publisher":{"@id":"https:\/\/biznes.t-mobile.pl\/pl\/#organization"},"potentialAction":[{"@type":"SearchAction","target":{"@type":"EntryPoint","urlTemplate":"https:\/\/biznes.t-mobile.pl\/pl\/?s={search_term_string}"},"query-input":{"@type":"PropertyValueSpecification","valueRequired":true,"valueName":"search_term_string"}}],"inLanguage":"pl-PL"},{"@type":"Organization","@id":"https:\/\/biznes.t-mobile.pl\/pl\/#organization","name":"T-Mobile Biznes Polska","url":"https:\/\/biznes.t-mobile.pl\/pl\/","logo":{"@type":"ImageObject","inLanguage":"pl-PL","@id":"https:\/\/biznes.t-mobile.pl\/pl\/#\/schema\/logo\/image\/","url":"https:\/\/biznes.t-mobile.pl\/wp-content\/uploads\/2024\/05\/logo-tmobile-white-new.svg","contentUrl":"https:\/\/biznes.t-mobile.pl\/wp-content\/uploads\/2024\/05\/logo-tmobile-white-new.svg","caption":"T-Mobile Biznes Polska"},"image":{"@id":"https:\/\/biznes.t-mobile.pl\/pl\/#\/schema\/logo\/image\/"}}]}},"_links":{"self":[{"href":"https:\/\/biznes.t-mobile.pl\/pl\/wp-json\/wp\/v2\/pages\/84053","targetHints":{"allow":["GET"]}}],"collection":[{"href":"https:\/\/biznes.t-mobile.pl\/pl\/wp-json\/wp\/v2\/pages"}],"about":[{"href":"https:\/\/biznes.t-mobile.pl\/pl\/wp-json\/wp\/v2\/types\/page"}],"author":[{"embeddable":true,"href":"https:\/\/biznes.t-mobile.pl\/pl\/wp-json\/wp\/v2\/users\/39"}],"replies":[{"embeddable":true,"href":"https:\/\/biznes.t-mobile.pl\/pl\/wp-json\/wp\/v2\/comments?post=84053"}],"version-history":[{"count":1,"href":"https:\/\/biznes.t-mobile.pl\/pl\/wp-json\/wp\/v2\/pages\/84053\/revisions"}],"predecessor-version":[{"id":84119,"href":"https:\/\/biznes.t-mobile.pl\/pl\/wp-json\/wp\/v2\/pages\/84053\/revisions\/84119"}],"up":[{"embeddable":true,"href":"https:\/\/biznes.t-mobile.pl\/pl\/wp-json\/wp\/v2\/pages\/11827"}],"wp:attachment":[{"href":"https:\/\/biznes.t-mobile.pl\/pl\/wp-json\/wp\/v2\/media?parent=84053"}],"curies":[{"name":"wp","href":"https:\/\/api.w.org\/{rel}","templated":true}]}}