{"id":67003,"date":"2024-04-10T10:52:38","date_gmt":"2024-04-10T08:52:38","guid":{"rendered":"https:\/\/biznes.t-mobile.pl\/?page_id=67003"},"modified":"2025-08-04T11:56:04","modified_gmt":"2025-08-04T09:56:04","slug":"deichmann","status":"publish","type":"page","link":"https:\/\/biznes.t-mobile.pl\/pl\/case-study\/deichmann","title":{"rendered":"Deichmann"},"content":{"rendered":"","protected":false},"excerpt":{"rendered":"","protected":false},"author":1,"featured_media":67007,"parent":11827,"menu_order":0,"comment_status":"closed","ping_status":"closed","template":"page-case-study.php","meta":{"_acf_changed":false,"footnotes":""},"class_list":["post-67003","page","type-page","status-publish","has-post-thumbnail","hentry"],"acf":[],"yoast_head":"<!-- This site is optimized with the Yoast SEO plugin v26.4 - https:\/\/yoast.com\/wordpress\/plugins\/seo\/ -->\n<title>Stabilno\u015b\u0107 i bezpiecze\u0144stwo \u0142\u0105czy sieciowych w 260 salonach Deichmann [case study] | Blog T-Mobile Biznes<\/title>\n<meta name=\"description\" content=\"Sprawd\u017a case study dot. rozwi\u0105zania umo\u017cliwiaj\u0105cego gwarancj\u0119 jako\u015bciowych us\u0142ug dostarczanych dla rozproszonych sieci sklep\u00f3w - jak poradzili\u015bmy sobie ze wspomnianym wyzwaniem?\" \/>\n<meta name=\"robots\" content=\"index, follow, max-snippet:-1, max-image-preview:large, max-video-preview:-1\" \/>\n<link rel=\"canonical\" href=\"https:\/\/biznes.t-mobile.pl\/pl\/case-study\/deichmann\" \/>\n<meta property=\"og:locale\" content=\"pl_PL\" \/>\n<meta property=\"og:type\" content=\"article\" \/>\n<meta property=\"og:title\" content=\"Stabilno\u015b\u0107 i bezpiecze\u0144stwo \u0142\u0105czy sieciowych w 260 salonach Deichmann [case study] | Blog T-Mobile Biznes\" \/>\n<meta property=\"og:description\" content=\"Sprawd\u017a case study dot. rozwi\u0105zania umo\u017cliwiaj\u0105cego gwarancj\u0119 jako\u015bciowych us\u0142ug dostarczanych dla rozproszonych sieci sklep\u00f3w - jak poradzili\u015bmy sobie ze wspomnianym wyzwaniem?\" \/>\n<meta property=\"og:url\" content=\"https:\/\/biznes.t-mobile.pl\/pl\/case-study\/deichmann\" \/>\n<meta property=\"og:site_name\" content=\"T-Mobile Biznes Polska\" \/>\n<meta property=\"article:modified_time\" content=\"2025-08-04T09:56:04+00:00\" \/>\n<meta property=\"og:image\" content=\"https:\/\/biznes.t-mobile.pl\/wp-content\/uploads\/2024\/04\/header_375x325.png\" \/>\n\t<meta property=\"og:image:width\" content=\"375\" \/>\n\t<meta property=\"og:image:height\" content=\"325\" \/>\n\t<meta property=\"og:image:type\" content=\"image\/png\" \/>\n<meta name=\"twitter:card\" content=\"summary_large_image\" \/>\n<script type=\"application\/ld+json\" class=\"yoast-schema-graph\">{\"@context\":\"https:\/\/schema.org\",\"@graph\":[{\"@type\":\"WebPage\",\"@id\":\"https:\/\/biznes.t-mobile.pl\/pl\/case-study\/deichmann\",\"url\":\"https:\/\/biznes.t-mobile.pl\/pl\/case-study\/deichmann\",\"name\":\"Stabilno\u015b\u0107 i bezpiecze\u0144stwo \u0142\u0105czy sieciowych w 260 salonach Deichmann [case study] | Blog T-Mobile Biznes\",\"isPartOf\":{\"@id\":\"https:\/\/biznes.t-mobile.pl\/pl\/#website\"},\"primaryImageOfPage\":{\"@id\":\"https:\/\/biznes.t-mobile.pl\/pl\/case-study\/deichmann#primaryimage\"},\"image\":{\"@id\":\"https:\/\/biznes.t-mobile.pl\/pl\/case-study\/deichmann#primaryimage\"},\"thumbnailUrl\":\"https:\/\/biznes.t-mobile.pl\/wp-content\/uploads\/2024\/04\/header_375x325.png\",\"datePublished\":\"2024-04-10T08:52:38+00:00\",\"dateModified\":\"2025-08-04T09:56:04+00:00\",\"description\":\"Sprawd\u017a case study dot. rozwi\u0105zania umo\u017cliwiaj\u0105cego gwarancj\u0119 jako\u015bciowych us\u0142ug dostarczanych dla rozproszonych sieci sklep\u00f3w - jak poradzili\u015bmy sobie ze wspomnianym wyzwaniem?\",\"breadcrumb\":{\"@id\":\"https:\/\/biznes.t-mobile.pl\/pl\/case-study\/deichmann#breadcrumb\"},\"inLanguage\":\"pl-PL\",\"potentialAction\":[{\"@type\":\"ReadAction\",\"target\":[\"https:\/\/biznes.t-mobile.pl\/pl\/case-study\/deichmann\"]}]},{\"@type\":\"ImageObject\",\"inLanguage\":\"pl-PL\",\"@id\":\"https:\/\/biznes.t-mobile.pl\/pl\/case-study\/deichmann#primaryimage\",\"url\":\"https:\/\/biznes.t-mobile.pl\/wp-content\/uploads\/2024\/04\/header_375x325.png\",\"contentUrl\":\"https:\/\/biznes.t-mobile.pl\/wp-content\/uploads\/2024\/04\/header_375x325.png\",\"width\":375,\"height\":325,\"caption\":\"\\\" \\\"\"},{\"@type\":\"BreadcrumbList\",\"@id\":\"https:\/\/biznes.t-mobile.pl\/pl\/case-study\/deichmann#breadcrumb\",\"itemListElement\":[{\"@type\":\"ListItem\",\"position\":1,\"name\":\"Strona g\u0142\u00f3wna\",\"item\":\"https:\/\/biznes.t-mobile.pl\/pl\"},{\"@type\":\"ListItem\",\"position\":2,\"name\":\"Case Study\",\"item\":\"https:\/\/biznes.t-mobile.pl\/pl\/case-study\"},{\"@type\":\"ListItem\",\"position\":3,\"name\":\"Deichmann\"}]},{\"@type\":\"WebSite\",\"@id\":\"https:\/\/biznes.t-mobile.pl\/pl\/#website\",\"url\":\"https:\/\/biznes.t-mobile.pl\/pl\/\",\"name\":\"T-Mobile Biznes Polska\",\"description\":\"Kompletna oferta T-Mobile dla firm. Sprawd\u017a us\u0142ugi mobilne, stacjonarne, sieci transmisji danych, internetu, centrum danych, cyberbezpiecze\u0144stwa i smart city ju\u017c teraz!\",\"publisher\":{\"@id\":\"https:\/\/biznes.t-mobile.pl\/pl\/#organization\"},\"potentialAction\":[{\"@type\":\"SearchAction\",\"target\":{\"@type\":\"EntryPoint\",\"urlTemplate\":\"https:\/\/biznes.t-mobile.pl\/pl\/?s={search_term_string}\"},\"query-input\":{\"@type\":\"PropertyValueSpecification\",\"valueRequired\":true,\"valueName\":\"search_term_string\"}}],\"inLanguage\":\"pl-PL\"},{\"@type\":\"Organization\",\"@id\":\"https:\/\/biznes.t-mobile.pl\/pl\/#organization\",\"name\":\"T-Mobile Biznes Polska\",\"url\":\"https:\/\/biznes.t-mobile.pl\/pl\/\",\"logo\":{\"@type\":\"ImageObject\",\"inLanguage\":\"pl-PL\",\"@id\":\"https:\/\/biznes.t-mobile.pl\/pl\/#\/schema\/logo\/image\/\",\"url\":\"https:\/\/biznes.t-mobile.pl\/wp-content\/uploads\/2024\/05\/logo-tmobile-white-new.svg\",\"contentUrl\":\"https:\/\/biznes.t-mobile.pl\/wp-content\/uploads\/2024\/05\/logo-tmobile-white-new.svg\",\"caption\":\"T-Mobile Biznes Polska\"},\"image\":{\"@id\":\"https:\/\/biznes.t-mobile.pl\/pl\/#\/schema\/logo\/image\/\"}}]}<\/script>\n<!-- \/ Yoast SEO plugin. -->","yoast_head_json":{"title":"Stabilno\u015b\u0107 i bezpiecze\u0144stwo \u0142\u0105czy sieciowych w 260 salonach Deichmann [case study] | Blog T-Mobile Biznes","description":"Sprawd\u017a case study dot. rozwi\u0105zania umo\u017cliwiaj\u0105cego gwarancj\u0119 jako\u015bciowych us\u0142ug dostarczanych dla rozproszonych sieci sklep\u00f3w - jak poradzili\u015bmy sobie ze wspomnianym wyzwaniem?","robots":{"index":"index","follow":"follow","max-snippet":"max-snippet:-1","max-image-preview":"max-image-preview:large","max-video-preview":"max-video-preview:-1"},"canonical":"https:\/\/biznes.t-mobile.pl\/pl\/case-study\/deichmann","og_locale":"pl_PL","og_type":"article","og_title":"Stabilno\u015b\u0107 i bezpiecze\u0144stwo \u0142\u0105czy sieciowych w 260 salonach Deichmann [case study] | Blog T-Mobile Biznes","og_description":"Sprawd\u017a case study dot. rozwi\u0105zania umo\u017cliwiaj\u0105cego gwarancj\u0119 jako\u015bciowych us\u0142ug dostarczanych dla rozproszonych sieci sklep\u00f3w - jak poradzili\u015bmy sobie ze wspomnianym wyzwaniem?","og_url":"https:\/\/biznes.t-mobile.pl\/pl\/case-study\/deichmann","og_site_name":"T-Mobile Biznes Polska","article_modified_time":"2025-08-04T09:56:04+00:00","og_image":[{"width":375,"height":325,"url":"https:\/\/biznes.t-mobile.pl\/wp-content\/uploads\/2024\/04\/header_375x325.png","type":"image\/png"}],"twitter_card":"summary_large_image","schema":{"@context":"https:\/\/schema.org","@graph":[{"@type":"WebPage","@id":"https:\/\/biznes.t-mobile.pl\/pl\/case-study\/deichmann","url":"https:\/\/biznes.t-mobile.pl\/pl\/case-study\/deichmann","name":"Stabilno\u015b\u0107 i bezpiecze\u0144stwo \u0142\u0105czy sieciowych w 260 salonach Deichmann [case study] | Blog T-Mobile Biznes","isPartOf":{"@id":"https:\/\/biznes.t-mobile.pl\/pl\/#website"},"primaryImageOfPage":{"@id":"https:\/\/biznes.t-mobile.pl\/pl\/case-study\/deichmann#primaryimage"},"image":{"@id":"https:\/\/biznes.t-mobile.pl\/pl\/case-study\/deichmann#primaryimage"},"thumbnailUrl":"https:\/\/biznes.t-mobile.pl\/wp-content\/uploads\/2024\/04\/header_375x325.png","datePublished":"2024-04-10T08:52:38+00:00","dateModified":"2025-08-04T09:56:04+00:00","description":"Sprawd\u017a case study dot. rozwi\u0105zania umo\u017cliwiaj\u0105cego gwarancj\u0119 jako\u015bciowych us\u0142ug dostarczanych dla rozproszonych sieci sklep\u00f3w - jak poradzili\u015bmy sobie ze wspomnianym wyzwaniem?","breadcrumb":{"@id":"https:\/\/biznes.t-mobile.pl\/pl\/case-study\/deichmann#breadcrumb"},"inLanguage":"pl-PL","potentialAction":[{"@type":"ReadAction","target":["https:\/\/biznes.t-mobile.pl\/pl\/case-study\/deichmann"]}]},{"@type":"ImageObject","inLanguage":"pl-PL","@id":"https:\/\/biznes.t-mobile.pl\/pl\/case-study\/deichmann#primaryimage","url":"https:\/\/biznes.t-mobile.pl\/wp-content\/uploads\/2024\/04\/header_375x325.png","contentUrl":"https:\/\/biznes.t-mobile.pl\/wp-content\/uploads\/2024\/04\/header_375x325.png","width":375,"height":325,"caption":"\" \""},{"@type":"BreadcrumbList","@id":"https:\/\/biznes.t-mobile.pl\/pl\/case-study\/deichmann#breadcrumb","itemListElement":[{"@type":"ListItem","position":1,"name":"Strona g\u0142\u00f3wna","item":"https:\/\/biznes.t-mobile.pl\/pl"},{"@type":"ListItem","position":2,"name":"Case Study","item":"https:\/\/biznes.t-mobile.pl\/pl\/case-study"},{"@type":"ListItem","position":3,"name":"Deichmann"}]},{"@type":"WebSite","@id":"https:\/\/biznes.t-mobile.pl\/pl\/#website","url":"https:\/\/biznes.t-mobile.pl\/pl\/","name":"T-Mobile Biznes Polska","description":"Kompletna oferta T-Mobile dla firm. Sprawd\u017a us\u0142ugi mobilne, stacjonarne, sieci transmisji danych, internetu, centrum danych, cyberbezpiecze\u0144stwa i smart city ju\u017c teraz!","publisher":{"@id":"https:\/\/biznes.t-mobile.pl\/pl\/#organization"},"potentialAction":[{"@type":"SearchAction","target":{"@type":"EntryPoint","urlTemplate":"https:\/\/biznes.t-mobile.pl\/pl\/?s={search_term_string}"},"query-input":{"@type":"PropertyValueSpecification","valueRequired":true,"valueName":"search_term_string"}}],"inLanguage":"pl-PL"},{"@type":"Organization","@id":"https:\/\/biznes.t-mobile.pl\/pl\/#organization","name":"T-Mobile Biznes Polska","url":"https:\/\/biznes.t-mobile.pl\/pl\/","logo":{"@type":"ImageObject","inLanguage":"pl-PL","@id":"https:\/\/biznes.t-mobile.pl\/pl\/#\/schema\/logo\/image\/","url":"https:\/\/biznes.t-mobile.pl\/wp-content\/uploads\/2024\/05\/logo-tmobile-white-new.svg","contentUrl":"https:\/\/biznes.t-mobile.pl\/wp-content\/uploads\/2024\/05\/logo-tmobile-white-new.svg","caption":"T-Mobile Biznes Polska"},"image":{"@id":"https:\/\/biznes.t-mobile.pl\/pl\/#\/schema\/logo\/image\/"}}]}},"_links":{"self":[{"href":"https:\/\/biznes.t-mobile.pl\/pl\/wp-json\/wp\/v2\/pages\/67003","targetHints":{"allow":["GET"]}}],"collection":[{"href":"https:\/\/biznes.t-mobile.pl\/pl\/wp-json\/wp\/v2\/pages"}],"about":[{"href":"https:\/\/biznes.t-mobile.pl\/pl\/wp-json\/wp\/v2\/types\/page"}],"author":[{"embeddable":true,"href":"https:\/\/biznes.t-mobile.pl\/pl\/wp-json\/wp\/v2\/users\/1"}],"replies":[{"embeddable":true,"href":"https:\/\/biznes.t-mobile.pl\/pl\/wp-json\/wp\/v2\/comments?post=67003"}],"version-history":[{"count":4,"href":"https:\/\/biznes.t-mobile.pl\/pl\/wp-json\/wp\/v2\/pages\/67003\/revisions"}],"predecessor-version":[{"id":79299,"href":"https:\/\/biznes.t-mobile.pl\/pl\/wp-json\/wp\/v2\/pages\/67003\/revisions\/79299"}],"up":[{"embeddable":true,"href":"https:\/\/biznes.t-mobile.pl\/pl\/wp-json\/wp\/v2\/pages\/11827"}],"wp:featuredmedia":[{"embeddable":true,"href":"https:\/\/biznes.t-mobile.pl\/pl\/wp-json\/wp\/v2\/media\/67007"}],"wp:attachment":[{"href":"https:\/\/biznes.t-mobile.pl\/pl\/wp-json\/wp\/v2\/media?parent=67003"}],"curies":[{"name":"wp","href":"https:\/\/api.w.org\/{rel}","templated":true}]}}