{"id":63081,"date":"2023-02-14T16:16:42","date_gmt":"2023-02-14T15:16:42","guid":{"rendered":"https:\/\/bizdev1.gts.pl\/?page_id=61993"},"modified":"2025-08-04T11:58:34","modified_gmt":"2025-08-04T09:58:34","slug":"plast-farb","status":"publish","type":"page","link":"https:\/\/biznes.t-mobile.pl\/pl\/case-study\/plast-farb","title":{"rendered":"PLAST-FARB"},"content":{"rendered":"","protected":false},"excerpt":{"rendered":"","protected":false},"author":1,"featured_media":63083,"parent":11827,"menu_order":0,"comment_status":"closed","ping_status":"closed","template":"page-case-study.php","meta":{"_acf_changed":false,"footnotes":""},"class_list":["post-63081","page","type-page","status-publish","has-post-thumbnail","hentry"],"acf":[],"yoast_head":"<!-- This site is optimized with the Yoast SEO plugin v26.4 - https:\/\/yoast.com\/wordpress\/plugins\/seo\/ -->\n<title>SD-WAN dla Plast-Farb - Case Study | T-Mobile Biznes<\/title>\n<meta name=\"description\" content=\"Sprawd\u017a case study wdro\u017cenia SD-WAN przez T-Mobile Biznes dla firmy Plast-Farb i zobacz jak zapewnili\u015bmy bezpiecze\u0144stwo zasob\u00f3w, danych i aplikacji IT.\" \/>\n<meta name=\"robots\" content=\"index, follow, max-snippet:-1, max-image-preview:large, max-video-preview:-1\" \/>\n<link rel=\"canonical\" href=\"https:\/\/biznes.t-mobile.pl\/pl\/case-study\/plast-farb\" \/>\n<meta property=\"og:locale\" content=\"pl_PL\" \/>\n<meta property=\"og:type\" content=\"article\" \/>\n<meta property=\"og:title\" content=\"SD-WAN dla Plast-Farb - Case Study | T-Mobile Biznes\" \/>\n<meta property=\"og:description\" content=\"Sprawd\u017a case study wdro\u017cenia SD-WAN przez T-Mobile Biznes dla firmy Plast-Farb i zobacz jak zapewnili\u015bmy bezpiecze\u0144stwo zasob\u00f3w, danych i aplikacji IT.\" \/>\n<meta property=\"og:url\" content=\"https:\/\/biznes.t-mobile.pl\/pl\/case-study\/plast-farb\" \/>\n<meta property=\"og:site_name\" content=\"T-Mobile Biznes Polska\" \/>\n<meta property=\"article:modified_time\" content=\"2025-08-04T09:58:34+00:00\" \/>\n<meta property=\"og:image\" content=\"https:\/\/biznes.t-mobile.pl\/wp-content\/uploads\/2023\/03\/header_375x325-2.png\" \/>\n\t<meta property=\"og:image:width\" content=\"375\" \/>\n\t<meta property=\"og:image:height\" content=\"325\" \/>\n\t<meta property=\"og:image:type\" content=\"image\/png\" \/>\n<meta name=\"twitter:card\" content=\"summary_large_image\" \/>\n<script type=\"application\/ld+json\" class=\"yoast-schema-graph\">{\"@context\":\"https:\/\/schema.org\",\"@graph\":[{\"@type\":\"WebPage\",\"@id\":\"https:\/\/biznes.t-mobile.pl\/pl\/case-study\/plast-farb\",\"url\":\"https:\/\/biznes.t-mobile.pl\/pl\/case-study\/plast-farb\",\"name\":\"SD-WAN dla Plast-Farb - Case Study | T-Mobile Biznes\",\"isPartOf\":{\"@id\":\"https:\/\/biznes.t-mobile.pl\/pl\/#website\"},\"primaryImageOfPage\":{\"@id\":\"https:\/\/biznes.t-mobile.pl\/pl\/case-study\/plast-farb#primaryimage\"},\"image\":{\"@id\":\"https:\/\/biznes.t-mobile.pl\/pl\/case-study\/plast-farb#primaryimage\"},\"thumbnailUrl\":\"https:\/\/biznes.t-mobile.pl\/wp-content\/uploads\/2023\/03\/header_375x325-2.png\",\"datePublished\":\"2023-02-14T15:16:42+00:00\",\"dateModified\":\"2025-08-04T09:58:34+00:00\",\"description\":\"Sprawd\u017a case study wdro\u017cenia SD-WAN przez T-Mobile Biznes dla firmy Plast-Farb i zobacz jak zapewnili\u015bmy bezpiecze\u0144stwo zasob\u00f3w, danych i aplikacji IT.\",\"breadcrumb\":{\"@id\":\"https:\/\/biznes.t-mobile.pl\/pl\/case-study\/plast-farb#breadcrumb\"},\"inLanguage\":\"pl-PL\",\"potentialAction\":[{\"@type\":\"ReadAction\",\"target\":[\"https:\/\/biznes.t-mobile.pl\/pl\/case-study\/plast-farb\"]}]},{\"@type\":\"ImageObject\",\"inLanguage\":\"pl-PL\",\"@id\":\"https:\/\/biznes.t-mobile.pl\/pl\/case-study\/plast-farb#primaryimage\",\"url\":\"https:\/\/biznes.t-mobile.pl\/wp-content\/uploads\/2023\/03\/header_375x325-2.png\",\"contentUrl\":\"https:\/\/biznes.t-mobile.pl\/wp-content\/uploads\/2023\/03\/header_375x325-2.png\",\"width\":375,\"height\":325,\"caption\":\"\\\" \\\"\"},{\"@type\":\"BreadcrumbList\",\"@id\":\"https:\/\/biznes.t-mobile.pl\/pl\/case-study\/plast-farb#breadcrumb\",\"itemListElement\":[{\"@type\":\"ListItem\",\"position\":1,\"name\":\"Strona g\u0142\u00f3wna\",\"item\":\"https:\/\/biznes.t-mobile.pl\/pl\"},{\"@type\":\"ListItem\",\"position\":2,\"name\":\"Case Study\",\"item\":\"https:\/\/biznes.t-mobile.pl\/pl\/case-study\"},{\"@type\":\"ListItem\",\"position\":3,\"name\":\"PLAST-FARB\"}]},{\"@type\":\"WebSite\",\"@id\":\"https:\/\/biznes.t-mobile.pl\/pl\/#website\",\"url\":\"https:\/\/biznes.t-mobile.pl\/pl\/\",\"name\":\"T-Mobile Biznes Polska\",\"description\":\"Kompletna oferta T-Mobile dla firm. Sprawd\u017a us\u0142ugi mobilne, stacjonarne, sieci transmisji danych, internetu, centrum danych, cyberbezpiecze\u0144stwa i smart city ju\u017c teraz!\",\"publisher\":{\"@id\":\"https:\/\/biznes.t-mobile.pl\/pl\/#organization\"},\"potentialAction\":[{\"@type\":\"SearchAction\",\"target\":{\"@type\":\"EntryPoint\",\"urlTemplate\":\"https:\/\/biznes.t-mobile.pl\/pl\/?s={search_term_string}\"},\"query-input\":{\"@type\":\"PropertyValueSpecification\",\"valueRequired\":true,\"valueName\":\"search_term_string\"}}],\"inLanguage\":\"pl-PL\"},{\"@type\":\"Organization\",\"@id\":\"https:\/\/biznes.t-mobile.pl\/pl\/#organization\",\"name\":\"T-Mobile Biznes Polska\",\"url\":\"https:\/\/biznes.t-mobile.pl\/pl\/\",\"logo\":{\"@type\":\"ImageObject\",\"inLanguage\":\"pl-PL\",\"@id\":\"https:\/\/biznes.t-mobile.pl\/pl\/#\/schema\/logo\/image\/\",\"url\":\"https:\/\/biznes.t-mobile.pl\/wp-content\/uploads\/2024\/05\/logo-tmobile-white-new.svg\",\"contentUrl\":\"https:\/\/biznes.t-mobile.pl\/wp-content\/uploads\/2024\/05\/logo-tmobile-white-new.svg\",\"caption\":\"T-Mobile Biznes Polska\"},\"image\":{\"@id\":\"https:\/\/biznes.t-mobile.pl\/pl\/#\/schema\/logo\/image\/\"}}]}<\/script>\n<!-- \/ Yoast SEO plugin. -->","yoast_head_json":{"title":"SD-WAN dla Plast-Farb - Case Study | T-Mobile Biznes","description":"Sprawd\u017a case study wdro\u017cenia SD-WAN przez T-Mobile Biznes dla firmy Plast-Farb i zobacz jak zapewnili\u015bmy bezpiecze\u0144stwo zasob\u00f3w, danych i aplikacji IT.","robots":{"index":"index","follow":"follow","max-snippet":"max-snippet:-1","max-image-preview":"max-image-preview:large","max-video-preview":"max-video-preview:-1"},"canonical":"https:\/\/biznes.t-mobile.pl\/pl\/case-study\/plast-farb","og_locale":"pl_PL","og_type":"article","og_title":"SD-WAN dla Plast-Farb - Case Study | T-Mobile Biznes","og_description":"Sprawd\u017a case study wdro\u017cenia SD-WAN przez T-Mobile Biznes dla firmy Plast-Farb i zobacz jak zapewnili\u015bmy bezpiecze\u0144stwo zasob\u00f3w, danych i aplikacji IT.","og_url":"https:\/\/biznes.t-mobile.pl\/pl\/case-study\/plast-farb","og_site_name":"T-Mobile Biznes Polska","article_modified_time":"2025-08-04T09:58:34+00:00","og_image":[{"width":375,"height":325,"url":"https:\/\/biznes.t-mobile.pl\/wp-content\/uploads\/2023\/03\/header_375x325-2.png","type":"image\/png"}],"twitter_card":"summary_large_image","schema":{"@context":"https:\/\/schema.org","@graph":[{"@type":"WebPage","@id":"https:\/\/biznes.t-mobile.pl\/pl\/case-study\/plast-farb","url":"https:\/\/biznes.t-mobile.pl\/pl\/case-study\/plast-farb","name":"SD-WAN dla Plast-Farb - Case Study | T-Mobile Biznes","isPartOf":{"@id":"https:\/\/biznes.t-mobile.pl\/pl\/#website"},"primaryImageOfPage":{"@id":"https:\/\/biznes.t-mobile.pl\/pl\/case-study\/plast-farb#primaryimage"},"image":{"@id":"https:\/\/biznes.t-mobile.pl\/pl\/case-study\/plast-farb#primaryimage"},"thumbnailUrl":"https:\/\/biznes.t-mobile.pl\/wp-content\/uploads\/2023\/03\/header_375x325-2.png","datePublished":"2023-02-14T15:16:42+00:00","dateModified":"2025-08-04T09:58:34+00:00","description":"Sprawd\u017a case study wdro\u017cenia SD-WAN przez T-Mobile Biznes dla firmy Plast-Farb i zobacz jak zapewnili\u015bmy bezpiecze\u0144stwo zasob\u00f3w, danych i aplikacji IT.","breadcrumb":{"@id":"https:\/\/biznes.t-mobile.pl\/pl\/case-study\/plast-farb#breadcrumb"},"inLanguage":"pl-PL","potentialAction":[{"@type":"ReadAction","target":["https:\/\/biznes.t-mobile.pl\/pl\/case-study\/plast-farb"]}]},{"@type":"ImageObject","inLanguage":"pl-PL","@id":"https:\/\/biznes.t-mobile.pl\/pl\/case-study\/plast-farb#primaryimage","url":"https:\/\/biznes.t-mobile.pl\/wp-content\/uploads\/2023\/03\/header_375x325-2.png","contentUrl":"https:\/\/biznes.t-mobile.pl\/wp-content\/uploads\/2023\/03\/header_375x325-2.png","width":375,"height":325,"caption":"\" \""},{"@type":"BreadcrumbList","@id":"https:\/\/biznes.t-mobile.pl\/pl\/case-study\/plast-farb#breadcrumb","itemListElement":[{"@type":"ListItem","position":1,"name":"Strona g\u0142\u00f3wna","item":"https:\/\/biznes.t-mobile.pl\/pl"},{"@type":"ListItem","position":2,"name":"Case Study","item":"https:\/\/biznes.t-mobile.pl\/pl\/case-study"},{"@type":"ListItem","position":3,"name":"PLAST-FARB"}]},{"@type":"WebSite","@id":"https:\/\/biznes.t-mobile.pl\/pl\/#website","url":"https:\/\/biznes.t-mobile.pl\/pl\/","name":"T-Mobile Biznes Polska","description":"Kompletna oferta T-Mobile dla firm. Sprawd\u017a us\u0142ugi mobilne, stacjonarne, sieci transmisji danych, internetu, centrum danych, cyberbezpiecze\u0144stwa i smart city ju\u017c teraz!","publisher":{"@id":"https:\/\/biznes.t-mobile.pl\/pl\/#organization"},"potentialAction":[{"@type":"SearchAction","target":{"@type":"EntryPoint","urlTemplate":"https:\/\/biznes.t-mobile.pl\/pl\/?s={search_term_string}"},"query-input":{"@type":"PropertyValueSpecification","valueRequired":true,"valueName":"search_term_string"}}],"inLanguage":"pl-PL"},{"@type":"Organization","@id":"https:\/\/biznes.t-mobile.pl\/pl\/#organization","name":"T-Mobile Biznes Polska","url":"https:\/\/biznes.t-mobile.pl\/pl\/","logo":{"@type":"ImageObject","inLanguage":"pl-PL","@id":"https:\/\/biznes.t-mobile.pl\/pl\/#\/schema\/logo\/image\/","url":"https:\/\/biznes.t-mobile.pl\/wp-content\/uploads\/2024\/05\/logo-tmobile-white-new.svg","contentUrl":"https:\/\/biznes.t-mobile.pl\/wp-content\/uploads\/2024\/05\/logo-tmobile-white-new.svg","caption":"T-Mobile Biznes Polska"},"image":{"@id":"https:\/\/biznes.t-mobile.pl\/pl\/#\/schema\/logo\/image\/"}}]}},"_links":{"self":[{"href":"https:\/\/biznes.t-mobile.pl\/pl\/wp-json\/wp\/v2\/pages\/63081","targetHints":{"allow":["GET"]}}],"collection":[{"href":"https:\/\/biznes.t-mobile.pl\/pl\/wp-json\/wp\/v2\/pages"}],"about":[{"href":"https:\/\/biznes.t-mobile.pl\/pl\/wp-json\/wp\/v2\/types\/page"}],"author":[{"embeddable":true,"href":"https:\/\/biznes.t-mobile.pl\/pl\/wp-json\/wp\/v2\/users\/1"}],"replies":[{"embeddable":true,"href":"https:\/\/biznes.t-mobile.pl\/pl\/wp-json\/wp\/v2\/comments?post=63081"}],"version-history":[{"count":5,"href":"https:\/\/biznes.t-mobile.pl\/pl\/wp-json\/wp\/v2\/pages\/63081\/revisions"}],"predecessor-version":[{"id":79303,"href":"https:\/\/biznes.t-mobile.pl\/pl\/wp-json\/wp\/v2\/pages\/63081\/revisions\/79303"}],"up":[{"embeddable":true,"href":"https:\/\/biznes.t-mobile.pl\/pl\/wp-json\/wp\/v2\/pages\/11827"}],"wp:featuredmedia":[{"embeddable":true,"href":"https:\/\/biznes.t-mobile.pl\/pl\/wp-json\/wp\/v2\/media\/63083"}],"wp:attachment":[{"href":"https:\/\/biznes.t-mobile.pl\/pl\/wp-json\/wp\/v2\/media?parent=63081"}],"curies":[{"name":"wp","href":"https:\/\/api.w.org\/{rel}","templated":true}]}}