{"id":62803,"date":"2022-12-22T12:32:48","date_gmt":"2022-12-22T11:32:48","guid":{"rendered":"https:\/\/bizdev1.gts.pl\/?page_id=61399"},"modified":"2025-08-04T12:01:45","modified_gmt":"2025-08-04T10:01:45","slug":"przedsiebiorstwo-wodociagow-i-kanalizacji-w-kutnie","status":"publish","type":"page","link":"https:\/\/biznes.t-mobile.pl\/pl\/case-study\/przedsiebiorstwo-wodociagow-i-kanalizacji-w-kutnie","title":{"rendered":"Przedsi\u0119biorstwo Wodoci\u0105g\u00f3w i Kanalizacji w Kutnie Sp. z o.o"},"content":{"rendered":"","protected":false},"excerpt":{"rendered":"","protected":false},"author":1,"featured_media":62807,"parent":11827,"menu_order":0,"comment_status":"closed","ping_status":"closed","template":"page-case-study.php","meta":{"_acf_changed":false,"footnotes":""},"class_list":["post-62803","page","type-page","status-publish","has-post-thumbnail","hentry"],"acf":[],"yoast_head":"<!-- This site is optimized with the Yoast SEO plugin v26.4 - https:\/\/yoast.com\/wordpress\/plugins\/seo\/ -->\n<title>Narrowband-IoT w Przedsi\u0119biorstwie Wodoci\u0105g\u00f3w i Kanalizacji | T-Mobile Biznes<\/title>\n<meta name=\"description\" content=\"Przeczytaj Case Study i sprawd\u017a wdro\u017cenie rozwi\u0105za\u0144 telemetrycznych opartych o sie\u0107 Narrowband-IoT w Przedsi\u0119biorstwie Wodoci\u0105g\u00f3w i Kanalizacji w Kutnie Sp. z o.o.\" \/>\n<meta name=\"robots\" content=\"index, follow, max-snippet:-1, max-image-preview:large, max-video-preview:-1\" \/>\n<link rel=\"canonical\" href=\"https:\/\/biznes.t-mobile.pl\/pl\/case-study\/przedsiebiorstwo-wodociagow-i-kanalizacji-w-kutnie\" \/>\n<meta property=\"og:locale\" content=\"pl_PL\" \/>\n<meta property=\"og:type\" content=\"article\" \/>\n<meta property=\"og:title\" content=\"Narrowband-IoT w Przedsi\u0119biorstwie Wodoci\u0105g\u00f3w i Kanalizacji | T-Mobile Biznes\" \/>\n<meta property=\"og:description\" content=\"Przeczytaj Case Study i sprawd\u017a wdro\u017cenie rozwi\u0105za\u0144 telemetrycznych opartych o sie\u0107 Narrowband-IoT w Przedsi\u0119biorstwie Wodoci\u0105g\u00f3w i Kanalizacji w Kutnie Sp. z o.o.\" \/>\n<meta property=\"og:url\" content=\"https:\/\/biznes.t-mobile.pl\/pl\/case-study\/przedsiebiorstwo-wodociagow-i-kanalizacji-w-kutnie\" \/>\n<meta property=\"og:site_name\" content=\"T-Mobile Biznes Polska\" \/>\n<meta property=\"article:modified_time\" content=\"2025-08-04T10:01:45+00:00\" \/>\n<meta property=\"og:image\" content=\"https:\/\/biznes.t-mobile.pl\/wp-content\/uploads\/2023\/03\/header_375x325.png\" \/>\n\t<meta property=\"og:image:width\" content=\"375\" \/>\n\t<meta property=\"og:image:height\" content=\"325\" \/>\n\t<meta property=\"og:image:type\" content=\"image\/png\" \/>\n<meta name=\"twitter:card\" content=\"summary_large_image\" \/>\n<script type=\"application\/ld+json\" class=\"yoast-schema-graph\">{\"@context\":\"https:\/\/schema.org\",\"@graph\":[{\"@type\":\"WebPage\",\"@id\":\"https:\/\/biznes.t-mobile.pl\/pl\/case-study\/przedsiebiorstwo-wodociagow-i-kanalizacji-w-kutnie\",\"url\":\"https:\/\/biznes.t-mobile.pl\/pl\/case-study\/przedsiebiorstwo-wodociagow-i-kanalizacji-w-kutnie\",\"name\":\"Narrowband-IoT w Przedsi\u0119biorstwie Wodoci\u0105g\u00f3w i Kanalizacji | T-Mobile Biznes\",\"isPartOf\":{\"@id\":\"https:\/\/biznes.t-mobile.pl\/pl\/#website\"},\"primaryImageOfPage\":{\"@id\":\"https:\/\/biznes.t-mobile.pl\/pl\/case-study\/przedsiebiorstwo-wodociagow-i-kanalizacji-w-kutnie#primaryimage\"},\"image\":{\"@id\":\"https:\/\/biznes.t-mobile.pl\/pl\/case-study\/przedsiebiorstwo-wodociagow-i-kanalizacji-w-kutnie#primaryimage\"},\"thumbnailUrl\":\"https:\/\/biznes.t-mobile.pl\/wp-content\/uploads\/2023\/03\/header_375x325.png\",\"datePublished\":\"2022-12-22T11:32:48+00:00\",\"dateModified\":\"2025-08-04T10:01:45+00:00\",\"description\":\"Przeczytaj Case Study i sprawd\u017a wdro\u017cenie rozwi\u0105za\u0144 telemetrycznych opartych o sie\u0107 Narrowband-IoT w Przedsi\u0119biorstwie Wodoci\u0105g\u00f3w i Kanalizacji w Kutnie Sp. z o.o.\",\"breadcrumb\":{\"@id\":\"https:\/\/biznes.t-mobile.pl\/pl\/case-study\/przedsiebiorstwo-wodociagow-i-kanalizacji-w-kutnie#breadcrumb\"},\"inLanguage\":\"pl-PL\",\"potentialAction\":[{\"@type\":\"ReadAction\",\"target\":[\"https:\/\/biznes.t-mobile.pl\/pl\/case-study\/przedsiebiorstwo-wodociagow-i-kanalizacji-w-kutnie\"]}]},{\"@type\":\"ImageObject\",\"inLanguage\":\"pl-PL\",\"@id\":\"https:\/\/biznes.t-mobile.pl\/pl\/case-study\/przedsiebiorstwo-wodociagow-i-kanalizacji-w-kutnie#primaryimage\",\"url\":\"https:\/\/biznes.t-mobile.pl\/wp-content\/uploads\/2023\/03\/header_375x325.png\",\"contentUrl\":\"https:\/\/biznes.t-mobile.pl\/wp-content\/uploads\/2023\/03\/header_375x325.png\",\"width\":375,\"height\":325,\"caption\":\"\\\" \\\"\"},{\"@type\":\"BreadcrumbList\",\"@id\":\"https:\/\/biznes.t-mobile.pl\/pl\/case-study\/przedsiebiorstwo-wodociagow-i-kanalizacji-w-kutnie#breadcrumb\",\"itemListElement\":[{\"@type\":\"ListItem\",\"position\":1,\"name\":\"Strona g\u0142\u00f3wna\",\"item\":\"https:\/\/biznes.t-mobile.pl\/pl\"},{\"@type\":\"ListItem\",\"position\":2,\"name\":\"Case Study\",\"item\":\"https:\/\/biznes.t-mobile.pl\/pl\/case-study\"},{\"@type\":\"ListItem\",\"position\":3,\"name\":\"Przedsi\u0119biorstwo Wodoci\u0105g\u00f3w i Kanalizacji w Kutnie Sp. z o.o\"}]},{\"@type\":\"WebSite\",\"@id\":\"https:\/\/biznes.t-mobile.pl\/pl\/#website\",\"url\":\"https:\/\/biznes.t-mobile.pl\/pl\/\",\"name\":\"T-Mobile Biznes Polska\",\"description\":\"Kompletna oferta T-Mobile dla firm. Sprawd\u017a us\u0142ugi mobilne, stacjonarne, sieci transmisji danych, internetu, centrum danych, cyberbezpiecze\u0144stwa i smart city ju\u017c teraz!\",\"publisher\":{\"@id\":\"https:\/\/biznes.t-mobile.pl\/pl\/#organization\"},\"potentialAction\":[{\"@type\":\"SearchAction\",\"target\":{\"@type\":\"EntryPoint\",\"urlTemplate\":\"https:\/\/biznes.t-mobile.pl\/pl\/?s={search_term_string}\"},\"query-input\":{\"@type\":\"PropertyValueSpecification\",\"valueRequired\":true,\"valueName\":\"search_term_string\"}}],\"inLanguage\":\"pl-PL\"},{\"@type\":\"Organization\",\"@id\":\"https:\/\/biznes.t-mobile.pl\/pl\/#organization\",\"name\":\"T-Mobile Biznes Polska\",\"url\":\"https:\/\/biznes.t-mobile.pl\/pl\/\",\"logo\":{\"@type\":\"ImageObject\",\"inLanguage\":\"pl-PL\",\"@id\":\"https:\/\/biznes.t-mobile.pl\/pl\/#\/schema\/logo\/image\/\",\"url\":\"https:\/\/biznes.t-mobile.pl\/wp-content\/uploads\/2024\/05\/logo-tmobile-white-new.svg\",\"contentUrl\":\"https:\/\/biznes.t-mobile.pl\/wp-content\/uploads\/2024\/05\/logo-tmobile-white-new.svg\",\"caption\":\"T-Mobile Biznes Polska\"},\"image\":{\"@id\":\"https:\/\/biznes.t-mobile.pl\/pl\/#\/schema\/logo\/image\/\"}}]}<\/script>\n<!-- \/ Yoast SEO plugin. -->","yoast_head_json":{"title":"Narrowband-IoT w Przedsi\u0119biorstwie Wodoci\u0105g\u00f3w i Kanalizacji | T-Mobile Biznes","description":"Przeczytaj Case Study i sprawd\u017a wdro\u017cenie rozwi\u0105za\u0144 telemetrycznych opartych o sie\u0107 Narrowband-IoT w Przedsi\u0119biorstwie Wodoci\u0105g\u00f3w i Kanalizacji w Kutnie Sp. z o.o.","robots":{"index":"index","follow":"follow","max-snippet":"max-snippet:-1","max-image-preview":"max-image-preview:large","max-video-preview":"max-video-preview:-1"},"canonical":"https:\/\/biznes.t-mobile.pl\/pl\/case-study\/przedsiebiorstwo-wodociagow-i-kanalizacji-w-kutnie","og_locale":"pl_PL","og_type":"article","og_title":"Narrowband-IoT w Przedsi\u0119biorstwie Wodoci\u0105g\u00f3w i Kanalizacji | T-Mobile Biznes","og_description":"Przeczytaj Case Study i sprawd\u017a wdro\u017cenie rozwi\u0105za\u0144 telemetrycznych opartych o sie\u0107 Narrowband-IoT w Przedsi\u0119biorstwie Wodoci\u0105g\u00f3w i Kanalizacji w Kutnie Sp. z o.o.","og_url":"https:\/\/biznes.t-mobile.pl\/pl\/case-study\/przedsiebiorstwo-wodociagow-i-kanalizacji-w-kutnie","og_site_name":"T-Mobile Biznes Polska","article_modified_time":"2025-08-04T10:01:45+00:00","og_image":[{"width":375,"height":325,"url":"https:\/\/biznes.t-mobile.pl\/wp-content\/uploads\/2023\/03\/header_375x325.png","type":"image\/png"}],"twitter_card":"summary_large_image","schema":{"@context":"https:\/\/schema.org","@graph":[{"@type":"WebPage","@id":"https:\/\/biznes.t-mobile.pl\/pl\/case-study\/przedsiebiorstwo-wodociagow-i-kanalizacji-w-kutnie","url":"https:\/\/biznes.t-mobile.pl\/pl\/case-study\/przedsiebiorstwo-wodociagow-i-kanalizacji-w-kutnie","name":"Narrowband-IoT w Przedsi\u0119biorstwie Wodoci\u0105g\u00f3w i Kanalizacji | T-Mobile Biznes","isPartOf":{"@id":"https:\/\/biznes.t-mobile.pl\/pl\/#website"},"primaryImageOfPage":{"@id":"https:\/\/biznes.t-mobile.pl\/pl\/case-study\/przedsiebiorstwo-wodociagow-i-kanalizacji-w-kutnie#primaryimage"},"image":{"@id":"https:\/\/biznes.t-mobile.pl\/pl\/case-study\/przedsiebiorstwo-wodociagow-i-kanalizacji-w-kutnie#primaryimage"},"thumbnailUrl":"https:\/\/biznes.t-mobile.pl\/wp-content\/uploads\/2023\/03\/header_375x325.png","datePublished":"2022-12-22T11:32:48+00:00","dateModified":"2025-08-04T10:01:45+00:00","description":"Przeczytaj Case Study i sprawd\u017a wdro\u017cenie rozwi\u0105za\u0144 telemetrycznych opartych o sie\u0107 Narrowband-IoT w Przedsi\u0119biorstwie Wodoci\u0105g\u00f3w i Kanalizacji w Kutnie Sp. z o.o.","breadcrumb":{"@id":"https:\/\/biznes.t-mobile.pl\/pl\/case-study\/przedsiebiorstwo-wodociagow-i-kanalizacji-w-kutnie#breadcrumb"},"inLanguage":"pl-PL","potentialAction":[{"@type":"ReadAction","target":["https:\/\/biznes.t-mobile.pl\/pl\/case-study\/przedsiebiorstwo-wodociagow-i-kanalizacji-w-kutnie"]}]},{"@type":"ImageObject","inLanguage":"pl-PL","@id":"https:\/\/biznes.t-mobile.pl\/pl\/case-study\/przedsiebiorstwo-wodociagow-i-kanalizacji-w-kutnie#primaryimage","url":"https:\/\/biznes.t-mobile.pl\/wp-content\/uploads\/2023\/03\/header_375x325.png","contentUrl":"https:\/\/biznes.t-mobile.pl\/wp-content\/uploads\/2023\/03\/header_375x325.png","width":375,"height":325,"caption":"\" \""},{"@type":"BreadcrumbList","@id":"https:\/\/biznes.t-mobile.pl\/pl\/case-study\/przedsiebiorstwo-wodociagow-i-kanalizacji-w-kutnie#breadcrumb","itemListElement":[{"@type":"ListItem","position":1,"name":"Strona g\u0142\u00f3wna","item":"https:\/\/biznes.t-mobile.pl\/pl"},{"@type":"ListItem","position":2,"name":"Case Study","item":"https:\/\/biznes.t-mobile.pl\/pl\/case-study"},{"@type":"ListItem","position":3,"name":"Przedsi\u0119biorstwo Wodoci\u0105g\u00f3w i Kanalizacji w Kutnie Sp. z o.o"}]},{"@type":"WebSite","@id":"https:\/\/biznes.t-mobile.pl\/pl\/#website","url":"https:\/\/biznes.t-mobile.pl\/pl\/","name":"T-Mobile Biznes Polska","description":"Kompletna oferta T-Mobile dla firm. Sprawd\u017a us\u0142ugi mobilne, stacjonarne, sieci transmisji danych, internetu, centrum danych, cyberbezpiecze\u0144stwa i smart city ju\u017c teraz!","publisher":{"@id":"https:\/\/biznes.t-mobile.pl\/pl\/#organization"},"potentialAction":[{"@type":"SearchAction","target":{"@type":"EntryPoint","urlTemplate":"https:\/\/biznes.t-mobile.pl\/pl\/?s={search_term_string}"},"query-input":{"@type":"PropertyValueSpecification","valueRequired":true,"valueName":"search_term_string"}}],"inLanguage":"pl-PL"},{"@type":"Organization","@id":"https:\/\/biznes.t-mobile.pl\/pl\/#organization","name":"T-Mobile Biznes Polska","url":"https:\/\/biznes.t-mobile.pl\/pl\/","logo":{"@type":"ImageObject","inLanguage":"pl-PL","@id":"https:\/\/biznes.t-mobile.pl\/pl\/#\/schema\/logo\/image\/","url":"https:\/\/biznes.t-mobile.pl\/wp-content\/uploads\/2024\/05\/logo-tmobile-white-new.svg","contentUrl":"https:\/\/biznes.t-mobile.pl\/wp-content\/uploads\/2024\/05\/logo-tmobile-white-new.svg","caption":"T-Mobile Biznes Polska"},"image":{"@id":"https:\/\/biznes.t-mobile.pl\/pl\/#\/schema\/logo\/image\/"}}]}},"_links":{"self":[{"href":"https:\/\/biznes.t-mobile.pl\/pl\/wp-json\/wp\/v2\/pages\/62803","targetHints":{"allow":["GET"]}}],"collection":[{"href":"https:\/\/biznes.t-mobile.pl\/pl\/wp-json\/wp\/v2\/pages"}],"about":[{"href":"https:\/\/biznes.t-mobile.pl\/pl\/wp-json\/wp\/v2\/types\/page"}],"author":[{"embeddable":true,"href":"https:\/\/biznes.t-mobile.pl\/pl\/wp-json\/wp\/v2\/users\/1"}],"replies":[{"embeddable":true,"href":"https:\/\/biznes.t-mobile.pl\/pl\/wp-json\/wp\/v2\/comments?post=62803"}],"version-history":[{"count":8,"href":"https:\/\/biznes.t-mobile.pl\/pl\/wp-json\/wp\/v2\/pages\/62803\/revisions"}],"predecessor-version":[{"id":79693,"href":"https:\/\/biznes.t-mobile.pl\/pl\/wp-json\/wp\/v2\/pages\/62803\/revisions\/79693"}],"up":[{"embeddable":true,"href":"https:\/\/biznes.t-mobile.pl\/pl\/wp-json\/wp\/v2\/pages\/11827"}],"wp:featuredmedia":[{"embeddable":true,"href":"https:\/\/biznes.t-mobile.pl\/pl\/wp-json\/wp\/v2\/media\/62807"}],"wp:attachment":[{"href":"https:\/\/biznes.t-mobile.pl\/pl\/wp-json\/wp\/v2\/media?parent=62803"}],"curies":[{"name":"wp","href":"https:\/\/api.w.org\/{rel}","templated":true}]}}