{"id":62555,"date":"2023-04-03T10:07:02","date_gmt":"2023-04-03T08:07:02","guid":{"rendered":"https:\/\/bizdev1.gts.pl\/?page_id=62555"},"modified":"2025-09-02T15:55:07","modified_gmt":"2025-09-02T13:55:07","slug":"formaster","status":"publish","type":"page","link":"https:\/\/biznes.t-mobile.pl\/pl\/case-study\/formaster","title":{"rendered":"Formaster"},"content":{"rendered":"","protected":false},"excerpt":{"rendered":"","protected":false},"author":1,"featured_media":63907,"parent":11827,"menu_order":0,"comment_status":"closed","ping_status":"closed","template":"page-case-study.php","meta":{"_acf_changed":false,"footnotes":""},"class_list":["post-62555","page","type-page","status-publish","has-post-thumbnail","hentry"],"acf":[],"yoast_head":"<!-- This site is optimized with the Yoast SEO plugin v26.4 - https:\/\/yoast.com\/wordpress\/plugins\/seo\/ -->\n<title>FORMASTER | Biznes T-Mobile Case Study<\/title>\n<meta name=\"description\" content=\"FORMASTER. Blog Biznes T-Mobile.\" \/>\n<meta name=\"robots\" content=\"index, follow, max-snippet:-1, max-image-preview:large, max-video-preview:-1\" \/>\n<link rel=\"canonical\" href=\"https:\/\/biznes.t-mobile.pl\/pl\/case-study\/formaster\" \/>\n<meta property=\"og:locale\" content=\"pl_PL\" \/>\n<meta property=\"og:type\" content=\"article\" \/>\n<meta property=\"og:title\" content=\"FORMASTER | Biznes T-Mobile Case Study\" \/>\n<meta property=\"og:description\" content=\"FORMASTER. Blog Biznes T-Mobile.\" \/>\n<meta property=\"og:url\" content=\"https:\/\/biznes.t-mobile.pl\/pl\/case-study\/formaster\" \/>\n<meta property=\"og:site_name\" content=\"T-Mobile Biznes Polska\" \/>\n<meta property=\"article:modified_time\" content=\"2025-09-02T13:55:07+00:00\" \/>\n<meta property=\"og:image\" content=\"https:\/\/biznes.t-mobile.pl\/wp-content\/uploads\/2023\/04\/header_375x398px_1.png\" \/>\n\t<meta property=\"og:image:width\" content=\"375\" \/>\n\t<meta property=\"og:image:height\" content=\"398\" \/>\n\t<meta property=\"og:image:type\" content=\"image\/png\" \/>\n<meta name=\"twitter:card\" content=\"summary_large_image\" \/>\n<script type=\"application\/ld+json\" class=\"yoast-schema-graph\">{\"@context\":\"https:\/\/schema.org\",\"@graph\":[{\"@type\":\"WebPage\",\"@id\":\"https:\/\/biznes.t-mobile.pl\/pl\/case-study\/formaster\",\"url\":\"https:\/\/biznes.t-mobile.pl\/pl\/case-study\/formaster\",\"name\":\"FORMASTER | Biznes T-Mobile Case Study\",\"isPartOf\":{\"@id\":\"https:\/\/biznes.t-mobile.pl\/pl\/#website\"},\"primaryImageOfPage\":{\"@id\":\"https:\/\/biznes.t-mobile.pl\/pl\/case-study\/formaster#primaryimage\"},\"image\":{\"@id\":\"https:\/\/biznes.t-mobile.pl\/pl\/case-study\/formaster#primaryimage\"},\"thumbnailUrl\":\"https:\/\/biznes.t-mobile.pl\/wp-content\/uploads\/2023\/04\/header_375x398px_1.png\",\"datePublished\":\"2023-04-03T08:07:02+00:00\",\"dateModified\":\"2025-09-02T13:55:07+00:00\",\"description\":\"FORMASTER. Blog Biznes T-Mobile.\",\"breadcrumb\":{\"@id\":\"https:\/\/biznes.t-mobile.pl\/pl\/case-study\/formaster#breadcrumb\"},\"inLanguage\":\"pl-PL\",\"potentialAction\":[{\"@type\":\"ReadAction\",\"target\":[\"https:\/\/biznes.t-mobile.pl\/pl\/case-study\/formaster\"]}]},{\"@type\":\"ImageObject\",\"inLanguage\":\"pl-PL\",\"@id\":\"https:\/\/biznes.t-mobile.pl\/pl\/case-study\/formaster#primaryimage\",\"url\":\"https:\/\/biznes.t-mobile.pl\/wp-content\/uploads\/2023\/04\/header_375x398px_1.png\",\"contentUrl\":\"https:\/\/biznes.t-mobile.pl\/wp-content\/uploads\/2023\/04\/header_375x398px_1.png\",\"width\":375,\"height\":398,\"caption\":\"\\\" \\\"\"},{\"@type\":\"BreadcrumbList\",\"@id\":\"https:\/\/biznes.t-mobile.pl\/pl\/case-study\/formaster#breadcrumb\",\"itemListElement\":[{\"@type\":\"ListItem\",\"position\":1,\"name\":\"Strona g\u0142\u00f3wna\",\"item\":\"https:\/\/biznes.t-mobile.pl\/pl\"},{\"@type\":\"ListItem\",\"position\":2,\"name\":\"Case Study\",\"item\":\"https:\/\/biznes.t-mobile.pl\/pl\/case-study\"},{\"@type\":\"ListItem\",\"position\":3,\"name\":\"Formaster\"}]},{\"@type\":\"WebSite\",\"@id\":\"https:\/\/biznes.t-mobile.pl\/pl\/#website\",\"url\":\"https:\/\/biznes.t-mobile.pl\/pl\/\",\"name\":\"T-Mobile Biznes Polska\",\"description\":\"Kompletna oferta T-Mobile dla firm. Sprawd\u017a us\u0142ugi mobilne, stacjonarne, sieci transmisji danych, internetu, centrum danych, cyberbezpiecze\u0144stwa i smart city ju\u017c teraz!\",\"publisher\":{\"@id\":\"https:\/\/biznes.t-mobile.pl\/pl\/#organization\"},\"potentialAction\":[{\"@type\":\"SearchAction\",\"target\":{\"@type\":\"EntryPoint\",\"urlTemplate\":\"https:\/\/biznes.t-mobile.pl\/pl\/?s={search_term_string}\"},\"query-input\":{\"@type\":\"PropertyValueSpecification\",\"valueRequired\":true,\"valueName\":\"search_term_string\"}}],\"inLanguage\":\"pl-PL\"},{\"@type\":\"Organization\",\"@id\":\"https:\/\/biznes.t-mobile.pl\/pl\/#organization\",\"name\":\"T-Mobile Biznes Polska\",\"url\":\"https:\/\/biznes.t-mobile.pl\/pl\/\",\"logo\":{\"@type\":\"ImageObject\",\"inLanguage\":\"pl-PL\",\"@id\":\"https:\/\/biznes.t-mobile.pl\/pl\/#\/schema\/logo\/image\/\",\"url\":\"https:\/\/biznes.t-mobile.pl\/wp-content\/uploads\/2024\/05\/logo-tmobile-white-new.svg\",\"contentUrl\":\"https:\/\/biznes.t-mobile.pl\/wp-content\/uploads\/2024\/05\/logo-tmobile-white-new.svg\",\"caption\":\"T-Mobile Biznes Polska\"},\"image\":{\"@id\":\"https:\/\/biznes.t-mobile.pl\/pl\/#\/schema\/logo\/image\/\"}}]}<\/script>\n<!-- \/ Yoast SEO plugin. -->","yoast_head_json":{"title":"FORMASTER | Biznes T-Mobile Case Study","description":"FORMASTER. Blog Biznes T-Mobile.","robots":{"index":"index","follow":"follow","max-snippet":"max-snippet:-1","max-image-preview":"max-image-preview:large","max-video-preview":"max-video-preview:-1"},"canonical":"https:\/\/biznes.t-mobile.pl\/pl\/case-study\/formaster","og_locale":"pl_PL","og_type":"article","og_title":"FORMASTER | Biznes T-Mobile Case Study","og_description":"FORMASTER. Blog Biznes T-Mobile.","og_url":"https:\/\/biznes.t-mobile.pl\/pl\/case-study\/formaster","og_site_name":"T-Mobile Biznes Polska","article_modified_time":"2025-09-02T13:55:07+00:00","og_image":[{"width":375,"height":398,"url":"https:\/\/biznes.t-mobile.pl\/wp-content\/uploads\/2023\/04\/header_375x398px_1.png","type":"image\/png"}],"twitter_card":"summary_large_image","schema":{"@context":"https:\/\/schema.org","@graph":[{"@type":"WebPage","@id":"https:\/\/biznes.t-mobile.pl\/pl\/case-study\/formaster","url":"https:\/\/biznes.t-mobile.pl\/pl\/case-study\/formaster","name":"FORMASTER | Biznes T-Mobile Case Study","isPartOf":{"@id":"https:\/\/biznes.t-mobile.pl\/pl\/#website"},"primaryImageOfPage":{"@id":"https:\/\/biznes.t-mobile.pl\/pl\/case-study\/formaster#primaryimage"},"image":{"@id":"https:\/\/biznes.t-mobile.pl\/pl\/case-study\/formaster#primaryimage"},"thumbnailUrl":"https:\/\/biznes.t-mobile.pl\/wp-content\/uploads\/2023\/04\/header_375x398px_1.png","datePublished":"2023-04-03T08:07:02+00:00","dateModified":"2025-09-02T13:55:07+00:00","description":"FORMASTER. Blog Biznes T-Mobile.","breadcrumb":{"@id":"https:\/\/biznes.t-mobile.pl\/pl\/case-study\/formaster#breadcrumb"},"inLanguage":"pl-PL","potentialAction":[{"@type":"ReadAction","target":["https:\/\/biznes.t-mobile.pl\/pl\/case-study\/formaster"]}]},{"@type":"ImageObject","inLanguage":"pl-PL","@id":"https:\/\/biznes.t-mobile.pl\/pl\/case-study\/formaster#primaryimage","url":"https:\/\/biznes.t-mobile.pl\/wp-content\/uploads\/2023\/04\/header_375x398px_1.png","contentUrl":"https:\/\/biznes.t-mobile.pl\/wp-content\/uploads\/2023\/04\/header_375x398px_1.png","width":375,"height":398,"caption":"\" \""},{"@type":"BreadcrumbList","@id":"https:\/\/biznes.t-mobile.pl\/pl\/case-study\/formaster#breadcrumb","itemListElement":[{"@type":"ListItem","position":1,"name":"Strona g\u0142\u00f3wna","item":"https:\/\/biznes.t-mobile.pl\/pl"},{"@type":"ListItem","position":2,"name":"Case Study","item":"https:\/\/biznes.t-mobile.pl\/pl\/case-study"},{"@type":"ListItem","position":3,"name":"Formaster"}]},{"@type":"WebSite","@id":"https:\/\/biznes.t-mobile.pl\/pl\/#website","url":"https:\/\/biznes.t-mobile.pl\/pl\/","name":"T-Mobile Biznes Polska","description":"Kompletna oferta T-Mobile dla firm. Sprawd\u017a us\u0142ugi mobilne, stacjonarne, sieci transmisji danych, internetu, centrum danych, cyberbezpiecze\u0144stwa i smart city ju\u017c teraz!","publisher":{"@id":"https:\/\/biznes.t-mobile.pl\/pl\/#organization"},"potentialAction":[{"@type":"SearchAction","target":{"@type":"EntryPoint","urlTemplate":"https:\/\/biznes.t-mobile.pl\/pl\/?s={search_term_string}"},"query-input":{"@type":"PropertyValueSpecification","valueRequired":true,"valueName":"search_term_string"}}],"inLanguage":"pl-PL"},{"@type":"Organization","@id":"https:\/\/biznes.t-mobile.pl\/pl\/#organization","name":"T-Mobile Biznes Polska","url":"https:\/\/biznes.t-mobile.pl\/pl\/","logo":{"@type":"ImageObject","inLanguage":"pl-PL","@id":"https:\/\/biznes.t-mobile.pl\/pl\/#\/schema\/logo\/image\/","url":"https:\/\/biznes.t-mobile.pl\/wp-content\/uploads\/2024\/05\/logo-tmobile-white-new.svg","contentUrl":"https:\/\/biznes.t-mobile.pl\/wp-content\/uploads\/2024\/05\/logo-tmobile-white-new.svg","caption":"T-Mobile Biznes Polska"},"image":{"@id":"https:\/\/biznes.t-mobile.pl\/pl\/#\/schema\/logo\/image\/"}}]}},"_links":{"self":[{"href":"https:\/\/biznes.t-mobile.pl\/pl\/wp-json\/wp\/v2\/pages\/62555","targetHints":{"allow":["GET"]}}],"collection":[{"href":"https:\/\/biznes.t-mobile.pl\/pl\/wp-json\/wp\/v2\/pages"}],"about":[{"href":"https:\/\/biznes.t-mobile.pl\/pl\/wp-json\/wp\/v2\/types\/page"}],"author":[{"embeddable":true,"href":"https:\/\/biznes.t-mobile.pl\/pl\/wp-json\/wp\/v2\/users\/1"}],"replies":[{"embeddable":true,"href":"https:\/\/biznes.t-mobile.pl\/pl\/wp-json\/wp\/v2\/comments?post=62555"}],"version-history":[{"count":9,"href":"https:\/\/biznes.t-mobile.pl\/pl\/wp-json\/wp\/v2\/pages\/62555\/revisions"}],"predecessor-version":[{"id":83167,"href":"https:\/\/biznes.t-mobile.pl\/pl\/wp-json\/wp\/v2\/pages\/62555\/revisions\/83167"}],"up":[{"embeddable":true,"href":"https:\/\/biznes.t-mobile.pl\/pl\/wp-json\/wp\/v2\/pages\/11827"}],"wp:featuredmedia":[{"embeddable":true,"href":"https:\/\/biznes.t-mobile.pl\/pl\/wp-json\/wp\/v2\/media\/63907"}],"wp:attachment":[{"href":"https:\/\/biznes.t-mobile.pl\/pl\/wp-json\/wp\/v2\/media?parent=62555"}],"curies":[{"name":"wp","href":"https:\/\/api.w.org\/{rel}","templated":true}]}}