{"id":58665,"date":"2022-08-04T12:21:19","date_gmt":"2022-08-04T10:21:19","guid":{"rendered":"https:\/\/t-mobile-biznes.gogomedia.cloud\/?page_id=58665"},"modified":"2025-03-25T16:12:10","modified_gmt":"2025-03-25T15:12:10","slug":"nowoczesne-centrum-danych","status":"publish","type":"page","link":"https:\/\/biznes.t-mobile.pl\/pl\/nowoczesne-centrum-danych","title":{"rendered":"Nowoczesne Centrum Danych"},"content":{"rendered":"","protected":false},"excerpt":{"rendered":"","protected":false},"author":1,"featured_media":0,"parent":0,"menu_order":0,"comment_status":"closed","ping_status":"closed","template":"page-about-us.php","meta":{"_acf_changed":false,"footnotes":""},"class_list":["post-58665","page","type-page","status-publish","hentry"],"acf":[],"yoast_head":"<!-- This site is optimized with the Yoast SEO plugin v26.4 - https:\/\/yoast.com\/wordpress\/plugins\/seo\/ -->\n<title>Nowoczesne Centrum Danych | T-Mobile Biznes<\/title>\n<meta name=\"description\" content=\"Centrum Przetwarzania Danych to nowoczesny obiekt w sieci data center T-Mobile. Sprawd\u017a wszystkie cechy naszego centrum danych i zapytaj o ofert\u0119!\" \/>\n<meta name=\"robots\" content=\"index, follow, max-snippet:-1, max-image-preview:large, max-video-preview:-1\" \/>\n<link rel=\"canonical\" href=\"https:\/\/t-mobile-biznes.gogomedia.cloud\/o-nas\/\" \/>\n<meta property=\"og:locale\" content=\"pl_PL\" \/>\n<meta property=\"og:type\" content=\"article\" \/>\n<meta property=\"og:title\" content=\"Nowoczesne Centrum Danych | T-Mobile Biznes\" \/>\n<meta property=\"og:description\" content=\"Centrum Przetwarzania Danych to nowoczesny obiekt w sieci data center T-Mobile. Sprawd\u017a wszystkie cechy naszego centrum danych i zapytaj o ofert\u0119!\" \/>\n<meta property=\"og:url\" content=\"https:\/\/t-mobile-biznes.gogomedia.cloud\/o-nas\/\" \/>\n<meta property=\"og:site_name\" content=\"T-Mobile Biznes Polska\" \/>\n<meta property=\"article:modified_time\" content=\"2025-03-25T15:12:10+00:00\" \/>\n<meta name=\"twitter:card\" content=\"summary_large_image\" \/>\n<script type=\"application\/ld+json\" class=\"yoast-schema-graph\">{\"@context\":\"https:\/\/schema.org\",\"@graph\":[{\"@type\":\"WebPage\",\"@id\":\"https:\/\/biznes.t-mobile.pl\/pl\/nowoczesne-centrum-danych\",\"url\":\"https:\/\/t-mobile-biznes.gogomedia.cloud\/o-nas\/\",\"name\":\"Nowoczesne Centrum Danych | T-Mobile Biznes\",\"isPartOf\":{\"@id\":\"https:\/\/biznes.t-mobile.pl\/pl\/#website\"},\"datePublished\":\"2022-08-04T10:21:19+00:00\",\"dateModified\":\"2025-03-25T15:12:10+00:00\",\"description\":\"Centrum Przetwarzania Danych to nowoczesny obiekt w sieci data center T-Mobile. Sprawd\u017a wszystkie cechy naszego centrum danych i zapytaj o ofert\u0119!\",\"breadcrumb\":{\"@id\":\"https:\/\/t-mobile-biznes.gogomedia.cloud\/o-nas\/#breadcrumb\"},\"inLanguage\":\"pl-PL\",\"potentialAction\":[{\"@type\":\"ReadAction\",\"target\":[\"https:\/\/t-mobile-biznes.gogomedia.cloud\/o-nas\/\"]}]},{\"@type\":\"BreadcrumbList\",\"@id\":\"https:\/\/t-mobile-biznes.gogomedia.cloud\/o-nas\/#breadcrumb\",\"itemListElement\":[{\"@type\":\"ListItem\",\"position\":1,\"name\":\"Strona g\u0142\u00f3wna\",\"item\":\"https:\/\/biznes.t-mobile.pl\/pl\"},{\"@type\":\"ListItem\",\"position\":2,\"name\":\"Nowoczesne Centrum Danych\"}]},{\"@type\":\"WebSite\",\"@id\":\"https:\/\/biznes.t-mobile.pl\/pl\/#website\",\"url\":\"https:\/\/biznes.t-mobile.pl\/pl\/\",\"name\":\"T-Mobile Biznes Polska\",\"description\":\"Kompletna oferta T-Mobile dla firm. Sprawd\u017a us\u0142ugi mobilne, stacjonarne, sieci transmisji danych, internetu, centrum danych, cyberbezpiecze\u0144stwa i smart city ju\u017c teraz!\",\"publisher\":{\"@id\":\"https:\/\/biznes.t-mobile.pl\/pl\/#organization\"},\"potentialAction\":[{\"@type\":\"SearchAction\",\"target\":{\"@type\":\"EntryPoint\",\"urlTemplate\":\"https:\/\/biznes.t-mobile.pl\/pl\/?s={search_term_string}\"},\"query-input\":{\"@type\":\"PropertyValueSpecification\",\"valueRequired\":true,\"valueName\":\"search_term_string\"}}],\"inLanguage\":\"pl-PL\"},{\"@type\":\"Organization\",\"@id\":\"https:\/\/biznes.t-mobile.pl\/pl\/#organization\",\"name\":\"T-Mobile Biznes Polska\",\"url\":\"https:\/\/biznes.t-mobile.pl\/pl\/\",\"logo\":{\"@type\":\"ImageObject\",\"inLanguage\":\"pl-PL\",\"@id\":\"https:\/\/biznes.t-mobile.pl\/pl\/#\/schema\/logo\/image\/\",\"url\":\"https:\/\/biznes.t-mobile.pl\/wp-content\/uploads\/2024\/05\/logo-tmobile-white-new.svg\",\"contentUrl\":\"https:\/\/biznes.t-mobile.pl\/wp-content\/uploads\/2024\/05\/logo-tmobile-white-new.svg\",\"caption\":\"T-Mobile Biznes Polska\"},\"image\":{\"@id\":\"https:\/\/biznes.t-mobile.pl\/pl\/#\/schema\/logo\/image\/\"}}]}<\/script>\n<!-- \/ Yoast SEO plugin. -->","yoast_head_json":{"title":"Nowoczesne Centrum Danych | T-Mobile Biznes","description":"Centrum Przetwarzania Danych to nowoczesny obiekt w sieci data center T-Mobile. Sprawd\u017a wszystkie cechy naszego centrum danych i zapytaj o ofert\u0119!","robots":{"index":"index","follow":"follow","max-snippet":"max-snippet:-1","max-image-preview":"max-image-preview:large","max-video-preview":"max-video-preview:-1"},"canonical":"https:\/\/t-mobile-biznes.gogomedia.cloud\/o-nas\/","og_locale":"pl_PL","og_type":"article","og_title":"Nowoczesne Centrum Danych | T-Mobile Biznes","og_description":"Centrum Przetwarzania Danych to nowoczesny obiekt w sieci data center T-Mobile. Sprawd\u017a wszystkie cechy naszego centrum danych i zapytaj o ofert\u0119!","og_url":"https:\/\/t-mobile-biznes.gogomedia.cloud\/o-nas\/","og_site_name":"T-Mobile Biznes Polska","article_modified_time":"2025-03-25T15:12:10+00:00","twitter_card":"summary_large_image","schema":{"@context":"https:\/\/schema.org","@graph":[{"@type":"WebPage","@id":"https:\/\/biznes.t-mobile.pl\/pl\/nowoczesne-centrum-danych","url":"https:\/\/t-mobile-biznes.gogomedia.cloud\/o-nas\/","name":"Nowoczesne Centrum Danych | T-Mobile Biznes","isPartOf":{"@id":"https:\/\/biznes.t-mobile.pl\/pl\/#website"},"datePublished":"2022-08-04T10:21:19+00:00","dateModified":"2025-03-25T15:12:10+00:00","description":"Centrum Przetwarzania Danych to nowoczesny obiekt w sieci data center T-Mobile. Sprawd\u017a wszystkie cechy naszego centrum danych i zapytaj o ofert\u0119!","breadcrumb":{"@id":"https:\/\/t-mobile-biznes.gogomedia.cloud\/o-nas\/#breadcrumb"},"inLanguage":"pl-PL","potentialAction":[{"@type":"ReadAction","target":["https:\/\/t-mobile-biznes.gogomedia.cloud\/o-nas\/"]}]},{"@type":"BreadcrumbList","@id":"https:\/\/t-mobile-biznes.gogomedia.cloud\/o-nas\/#breadcrumb","itemListElement":[{"@type":"ListItem","position":1,"name":"Strona g\u0142\u00f3wna","item":"https:\/\/biznes.t-mobile.pl\/pl"},{"@type":"ListItem","position":2,"name":"Nowoczesne Centrum Danych"}]},{"@type":"WebSite","@id":"https:\/\/biznes.t-mobile.pl\/pl\/#website","url":"https:\/\/biznes.t-mobile.pl\/pl\/","name":"T-Mobile Biznes Polska","description":"Kompletna oferta T-Mobile dla firm. Sprawd\u017a us\u0142ugi mobilne, stacjonarne, sieci transmisji danych, internetu, centrum danych, cyberbezpiecze\u0144stwa i smart city ju\u017c teraz!","publisher":{"@id":"https:\/\/biznes.t-mobile.pl\/pl\/#organization"},"potentialAction":[{"@type":"SearchAction","target":{"@type":"EntryPoint","urlTemplate":"https:\/\/biznes.t-mobile.pl\/pl\/?s={search_term_string}"},"query-input":{"@type":"PropertyValueSpecification","valueRequired":true,"valueName":"search_term_string"}}],"inLanguage":"pl-PL"},{"@type":"Organization","@id":"https:\/\/biznes.t-mobile.pl\/pl\/#organization","name":"T-Mobile Biznes Polska","url":"https:\/\/biznes.t-mobile.pl\/pl\/","logo":{"@type":"ImageObject","inLanguage":"pl-PL","@id":"https:\/\/biznes.t-mobile.pl\/pl\/#\/schema\/logo\/image\/","url":"https:\/\/biznes.t-mobile.pl\/wp-content\/uploads\/2024\/05\/logo-tmobile-white-new.svg","contentUrl":"https:\/\/biznes.t-mobile.pl\/wp-content\/uploads\/2024\/05\/logo-tmobile-white-new.svg","caption":"T-Mobile Biznes Polska"},"image":{"@id":"https:\/\/biznes.t-mobile.pl\/pl\/#\/schema\/logo\/image\/"}}]}},"_links":{"self":[{"href":"https:\/\/biznes.t-mobile.pl\/pl\/wp-json\/wp\/v2\/pages\/58665","targetHints":{"allow":["GET"]}}],"collection":[{"href":"https:\/\/biznes.t-mobile.pl\/pl\/wp-json\/wp\/v2\/pages"}],"about":[{"href":"https:\/\/biznes.t-mobile.pl\/pl\/wp-json\/wp\/v2\/types\/page"}],"author":[{"embeddable":true,"href":"https:\/\/biznes.t-mobile.pl\/pl\/wp-json\/wp\/v2\/users\/1"}],"replies":[{"embeddable":true,"href":"https:\/\/biznes.t-mobile.pl\/pl\/wp-json\/wp\/v2\/comments?post=58665"}],"version-history":[{"count":11,"href":"https:\/\/biznes.t-mobile.pl\/pl\/wp-json\/wp\/v2\/pages\/58665\/revisions"}],"predecessor-version":[{"id":77337,"href":"https:\/\/biznes.t-mobile.pl\/pl\/wp-json\/wp\/v2\/pages\/58665\/revisions\/77337"}],"wp:attachment":[{"href":"https:\/\/biznes.t-mobile.pl\/pl\/wp-json\/wp\/v2\/media?parent=58665"}],"curies":[{"name":"wp","href":"https:\/\/api.w.org\/{rel}","templated":true}]}}