{"id":58178,"date":"2022-07-05T15:51:27","date_gmt":"2022-07-05T13:51:27","guid":{"rendered":"https:\/\/t-mobile-biznes.gogomedia.cloud\/?page_id=58178"},"modified":"2025-08-04T12:08:01","modified_gmt":"2025-08-04T10:08:01","slug":"metrans","status":"publish","type":"page","link":"https:\/\/biznes.t-mobile.pl\/pl\/case-study\/metrans","title":{"rendered":"METRANS"},"content":{"rendered":"","protected":false},"excerpt":{"rendered":"","protected":false},"author":11,"featured_media":58856,"parent":11827,"menu_order":0,"comment_status":"closed","ping_status":"closed","template":"page-case-study.php","meta":{"_acf_changed":false,"footnotes":""},"class_list":["post-58178","page","type-page","status-publish","has-post-thumbnail","hentry"],"acf":[],"yoast_head":"<!-- This site is optimized with the Yoast SEO plugin v26.4 - https:\/\/yoast.com\/wordpress\/plugins\/seo\/ -->\n<title>Efektywne zarz\u0105dzanie lokalizacjami i najwy\u017cszy poziom bezpiecze\u0144stwa dzi\u0119ki wdro\u017ceniu SD-WAN dla METRANS<\/title>\n<meta name=\"description\" content=\"Wdro\u017cenie SD-WAN dla METRANS - poznaj korzy\u015bci oraz sprawd\u017a zastosowane rozwi\u0105zania i technologie. W jaki spos\u00f3b SD-WAN zapewnia najwy\u017cszy poziom bezpiecze\u0144stwa?\" \/>\n<meta name=\"robots\" content=\"index, follow, max-snippet:-1, max-image-preview:large, max-video-preview:-1\" \/>\n<link rel=\"canonical\" href=\"https:\/\/biznes.t-mobile.pl\/pl\/case-study\/metrans\" \/>\n<meta property=\"og:locale\" content=\"pl_PL\" \/>\n<meta property=\"og:type\" content=\"article\" \/>\n<meta property=\"og:title\" content=\"Efektywne zarz\u0105dzanie lokalizacjami i najwy\u017cszy poziom bezpiecze\u0144stwa dzi\u0119ki wdro\u017ceniu SD-WAN dla METRANS\" \/>\n<meta property=\"og:description\" content=\"Wdro\u017cenie SD-WAN dla METRANS - poznaj korzy\u015bci oraz sprawd\u017a zastosowane rozwi\u0105zania i technologie. W jaki spos\u00f3b SD-WAN zapewnia najwy\u017cszy poziom bezpiecze\u0144stwa?\" \/>\n<meta property=\"og:url\" content=\"https:\/\/biznes.t-mobile.pl\/pl\/case-study\/metrans\" \/>\n<meta property=\"og:site_name\" content=\"T-Mobile Biznes Polska\" \/>\n<meta property=\"article:modified_time\" content=\"2025-08-04T10:08:01+00:00\" \/>\n<meta property=\"og:image\" content=\"https:\/\/biznes.t-mobile.pl\/wp-content\/uploads\/2022\/09\/b2b_metransheader_375x398.png\" \/>\n\t<meta property=\"og:image:width\" content=\"375\" \/>\n\t<meta property=\"og:image:height\" content=\"398\" \/>\n\t<meta property=\"og:image:type\" content=\"image\/png\" \/>\n<meta name=\"twitter:card\" content=\"summary_large_image\" \/>\n<script type=\"application\/ld+json\" class=\"yoast-schema-graph\">{\"@context\":\"https:\/\/schema.org\",\"@graph\":[{\"@type\":\"WebPage\",\"@id\":\"https:\/\/biznes.t-mobile.pl\/pl\/case-study\/metrans\",\"url\":\"https:\/\/biznes.t-mobile.pl\/pl\/case-study\/metrans\",\"name\":\"Efektywne zarz\u0105dzanie lokalizacjami i najwy\u017cszy poziom bezpiecze\u0144stwa dzi\u0119ki wdro\u017ceniu SD-WAN dla METRANS\",\"isPartOf\":{\"@id\":\"https:\/\/biznes.t-mobile.pl\/pl\/#website\"},\"primaryImageOfPage\":{\"@id\":\"https:\/\/biznes.t-mobile.pl\/pl\/case-study\/metrans#primaryimage\"},\"image\":{\"@id\":\"https:\/\/biznes.t-mobile.pl\/pl\/case-study\/metrans#primaryimage\"},\"thumbnailUrl\":\"https:\/\/biznes.t-mobile.pl\/wp-content\/uploads\/2022\/09\/b2b_metransheader_375x398.png\",\"datePublished\":\"2022-07-05T13:51:27+00:00\",\"dateModified\":\"2025-08-04T10:08:01+00:00\",\"description\":\"Wdro\u017cenie SD-WAN dla METRANS - poznaj korzy\u015bci oraz sprawd\u017a zastosowane rozwi\u0105zania i technologie. W jaki spos\u00f3b SD-WAN zapewnia najwy\u017cszy poziom bezpiecze\u0144stwa?\",\"breadcrumb\":{\"@id\":\"https:\/\/biznes.t-mobile.pl\/pl\/case-study\/metrans#breadcrumb\"},\"inLanguage\":\"pl-PL\",\"potentialAction\":[{\"@type\":\"ReadAction\",\"target\":[\"https:\/\/biznes.t-mobile.pl\/pl\/case-study\/metrans\"]}]},{\"@type\":\"ImageObject\",\"inLanguage\":\"pl-PL\",\"@id\":\"https:\/\/biznes.t-mobile.pl\/pl\/case-study\/metrans#primaryimage\",\"url\":\"https:\/\/biznes.t-mobile.pl\/wp-content\/uploads\/2022\/09\/b2b_metransheader_375x398.png\",\"contentUrl\":\"https:\/\/biznes.t-mobile.pl\/wp-content\/uploads\/2022\/09\/b2b_metransheader_375x398.png\",\"width\":375,\"height\":398,\"caption\":\"\\\" \\\"\"},{\"@type\":\"BreadcrumbList\",\"@id\":\"https:\/\/biznes.t-mobile.pl\/pl\/case-study\/metrans#breadcrumb\",\"itemListElement\":[{\"@type\":\"ListItem\",\"position\":1,\"name\":\"Strona g\u0142\u00f3wna\",\"item\":\"https:\/\/biznes.t-mobile.pl\/pl\"},{\"@type\":\"ListItem\",\"position\":2,\"name\":\"Case Study\",\"item\":\"https:\/\/biznes.t-mobile.pl\/pl\/case-study\"},{\"@type\":\"ListItem\",\"position\":3,\"name\":\"METRANS\"}]},{\"@type\":\"WebSite\",\"@id\":\"https:\/\/biznes.t-mobile.pl\/pl\/#website\",\"url\":\"https:\/\/biznes.t-mobile.pl\/pl\/\",\"name\":\"T-Mobile Biznes Polska\",\"description\":\"Kompletna oferta T-Mobile dla firm. Sprawd\u017a us\u0142ugi mobilne, stacjonarne, sieci transmisji danych, internetu, centrum danych, cyberbezpiecze\u0144stwa i smart city ju\u017c teraz!\",\"publisher\":{\"@id\":\"https:\/\/biznes.t-mobile.pl\/pl\/#organization\"},\"potentialAction\":[{\"@type\":\"SearchAction\",\"target\":{\"@type\":\"EntryPoint\",\"urlTemplate\":\"https:\/\/biznes.t-mobile.pl\/pl\/?s={search_term_string}\"},\"query-input\":{\"@type\":\"PropertyValueSpecification\",\"valueRequired\":true,\"valueName\":\"search_term_string\"}}],\"inLanguage\":\"pl-PL\"},{\"@type\":\"Organization\",\"@id\":\"https:\/\/biznes.t-mobile.pl\/pl\/#organization\",\"name\":\"T-Mobile Biznes Polska\",\"url\":\"https:\/\/biznes.t-mobile.pl\/pl\/\",\"logo\":{\"@type\":\"ImageObject\",\"inLanguage\":\"pl-PL\",\"@id\":\"https:\/\/biznes.t-mobile.pl\/pl\/#\/schema\/logo\/image\/\",\"url\":\"https:\/\/biznes.t-mobile.pl\/wp-content\/uploads\/2024\/05\/logo-tmobile-white-new.svg\",\"contentUrl\":\"https:\/\/biznes.t-mobile.pl\/wp-content\/uploads\/2024\/05\/logo-tmobile-white-new.svg\",\"caption\":\"T-Mobile Biznes Polska\"},\"image\":{\"@id\":\"https:\/\/biznes.t-mobile.pl\/pl\/#\/schema\/logo\/image\/\"}}]}<\/script>\n<!-- \/ Yoast SEO plugin. -->","yoast_head_json":{"title":"Efektywne zarz\u0105dzanie lokalizacjami i najwy\u017cszy poziom bezpiecze\u0144stwa dzi\u0119ki wdro\u017ceniu SD-WAN dla METRANS","description":"Wdro\u017cenie SD-WAN dla METRANS - poznaj korzy\u015bci oraz sprawd\u017a zastosowane rozwi\u0105zania i technologie. W jaki spos\u00f3b SD-WAN zapewnia najwy\u017cszy poziom bezpiecze\u0144stwa?","robots":{"index":"index","follow":"follow","max-snippet":"max-snippet:-1","max-image-preview":"max-image-preview:large","max-video-preview":"max-video-preview:-1"},"canonical":"https:\/\/biznes.t-mobile.pl\/pl\/case-study\/metrans","og_locale":"pl_PL","og_type":"article","og_title":"Efektywne zarz\u0105dzanie lokalizacjami i najwy\u017cszy poziom bezpiecze\u0144stwa dzi\u0119ki wdro\u017ceniu SD-WAN dla METRANS","og_description":"Wdro\u017cenie SD-WAN dla METRANS - poznaj korzy\u015bci oraz sprawd\u017a zastosowane rozwi\u0105zania i technologie. W jaki spos\u00f3b SD-WAN zapewnia najwy\u017cszy poziom bezpiecze\u0144stwa?","og_url":"https:\/\/biznes.t-mobile.pl\/pl\/case-study\/metrans","og_site_name":"T-Mobile Biznes Polska","article_modified_time":"2025-08-04T10:08:01+00:00","og_image":[{"width":375,"height":398,"url":"https:\/\/biznes.t-mobile.pl\/wp-content\/uploads\/2022\/09\/b2b_metransheader_375x398.png","type":"image\/png"}],"twitter_card":"summary_large_image","schema":{"@context":"https:\/\/schema.org","@graph":[{"@type":"WebPage","@id":"https:\/\/biznes.t-mobile.pl\/pl\/case-study\/metrans","url":"https:\/\/biznes.t-mobile.pl\/pl\/case-study\/metrans","name":"Efektywne zarz\u0105dzanie lokalizacjami i najwy\u017cszy poziom bezpiecze\u0144stwa dzi\u0119ki wdro\u017ceniu SD-WAN dla METRANS","isPartOf":{"@id":"https:\/\/biznes.t-mobile.pl\/pl\/#website"},"primaryImageOfPage":{"@id":"https:\/\/biznes.t-mobile.pl\/pl\/case-study\/metrans#primaryimage"},"image":{"@id":"https:\/\/biznes.t-mobile.pl\/pl\/case-study\/metrans#primaryimage"},"thumbnailUrl":"https:\/\/biznes.t-mobile.pl\/wp-content\/uploads\/2022\/09\/b2b_metransheader_375x398.png","datePublished":"2022-07-05T13:51:27+00:00","dateModified":"2025-08-04T10:08:01+00:00","description":"Wdro\u017cenie SD-WAN dla METRANS - poznaj korzy\u015bci oraz sprawd\u017a zastosowane rozwi\u0105zania i technologie. W jaki spos\u00f3b SD-WAN zapewnia najwy\u017cszy poziom bezpiecze\u0144stwa?","breadcrumb":{"@id":"https:\/\/biznes.t-mobile.pl\/pl\/case-study\/metrans#breadcrumb"},"inLanguage":"pl-PL","potentialAction":[{"@type":"ReadAction","target":["https:\/\/biznes.t-mobile.pl\/pl\/case-study\/metrans"]}]},{"@type":"ImageObject","inLanguage":"pl-PL","@id":"https:\/\/biznes.t-mobile.pl\/pl\/case-study\/metrans#primaryimage","url":"https:\/\/biznes.t-mobile.pl\/wp-content\/uploads\/2022\/09\/b2b_metransheader_375x398.png","contentUrl":"https:\/\/biznes.t-mobile.pl\/wp-content\/uploads\/2022\/09\/b2b_metransheader_375x398.png","width":375,"height":398,"caption":"\" \""},{"@type":"BreadcrumbList","@id":"https:\/\/biznes.t-mobile.pl\/pl\/case-study\/metrans#breadcrumb","itemListElement":[{"@type":"ListItem","position":1,"name":"Strona g\u0142\u00f3wna","item":"https:\/\/biznes.t-mobile.pl\/pl"},{"@type":"ListItem","position":2,"name":"Case Study","item":"https:\/\/biznes.t-mobile.pl\/pl\/case-study"},{"@type":"ListItem","position":3,"name":"METRANS"}]},{"@type":"WebSite","@id":"https:\/\/biznes.t-mobile.pl\/pl\/#website","url":"https:\/\/biznes.t-mobile.pl\/pl\/","name":"T-Mobile Biznes Polska","description":"Kompletna oferta T-Mobile dla firm. Sprawd\u017a us\u0142ugi mobilne, stacjonarne, sieci transmisji danych, internetu, centrum danych, cyberbezpiecze\u0144stwa i smart city ju\u017c teraz!","publisher":{"@id":"https:\/\/biznes.t-mobile.pl\/pl\/#organization"},"potentialAction":[{"@type":"SearchAction","target":{"@type":"EntryPoint","urlTemplate":"https:\/\/biznes.t-mobile.pl\/pl\/?s={search_term_string}"},"query-input":{"@type":"PropertyValueSpecification","valueRequired":true,"valueName":"search_term_string"}}],"inLanguage":"pl-PL"},{"@type":"Organization","@id":"https:\/\/biznes.t-mobile.pl\/pl\/#organization","name":"T-Mobile Biznes Polska","url":"https:\/\/biznes.t-mobile.pl\/pl\/","logo":{"@type":"ImageObject","inLanguage":"pl-PL","@id":"https:\/\/biznes.t-mobile.pl\/pl\/#\/schema\/logo\/image\/","url":"https:\/\/biznes.t-mobile.pl\/wp-content\/uploads\/2024\/05\/logo-tmobile-white-new.svg","contentUrl":"https:\/\/biznes.t-mobile.pl\/wp-content\/uploads\/2024\/05\/logo-tmobile-white-new.svg","caption":"T-Mobile Biznes Polska"},"image":{"@id":"https:\/\/biznes.t-mobile.pl\/pl\/#\/schema\/logo\/image\/"}}]}},"_links":{"self":[{"href":"https:\/\/biznes.t-mobile.pl\/pl\/wp-json\/wp\/v2\/pages\/58178","targetHints":{"allow":["GET"]}}],"collection":[{"href":"https:\/\/biznes.t-mobile.pl\/pl\/wp-json\/wp\/v2\/pages"}],"about":[{"href":"https:\/\/biznes.t-mobile.pl\/pl\/wp-json\/wp\/v2\/types\/page"}],"author":[{"embeddable":true,"href":"https:\/\/biznes.t-mobile.pl\/pl\/wp-json\/wp\/v2\/users\/11"}],"replies":[{"embeddable":true,"href":"https:\/\/biznes.t-mobile.pl\/pl\/wp-json\/wp\/v2\/comments?post=58178"}],"version-history":[{"count":6,"href":"https:\/\/biznes.t-mobile.pl\/pl\/wp-json\/wp\/v2\/pages\/58178\/revisions"}],"predecessor-version":[{"id":80415,"href":"https:\/\/biznes.t-mobile.pl\/pl\/wp-json\/wp\/v2\/pages\/58178\/revisions\/80415"}],"up":[{"embeddable":true,"href":"https:\/\/biznes.t-mobile.pl\/pl\/wp-json\/wp\/v2\/pages\/11827"}],"wp:featuredmedia":[{"embeddable":true,"href":"https:\/\/biznes.t-mobile.pl\/pl\/wp-json\/wp\/v2\/media\/58856"}],"wp:attachment":[{"href":"https:\/\/biznes.t-mobile.pl\/pl\/wp-json\/wp\/v2\/media?parent=58178"}],"curies":[{"name":"wp","href":"https:\/\/api.w.org\/{rel}","templated":true}]}}