{"id":38493,"date":"2021-07-05T17:28:09","date_gmt":"2021-07-05T15:28:09","guid":{"rendered":"https:\/\/biznes.t-mobile.pl\/?page_id=38493"},"modified":"2025-08-04T12:19:18","modified_gmt":"2025-08-04T10:19:18","slug":"telmon","status":"publish","type":"page","link":"https:\/\/biznes.t-mobile.pl\/pl\/case-study\/telmon","title":{"rendered":"TELMON"},"content":{"rendered":"","protected":false},"excerpt":{"rendered":"","protected":false},"author":11,"featured_media":48343,"parent":11827,"menu_order":0,"comment_status":"closed","ping_status":"closed","template":"page-case-study.php","meta":{"_acf_changed":false,"footnotes":""},"class_list":["post-38493","page","type-page","status-publish","has-post-thumbnail","hentry"],"acf":[],"yoast_head":"<!-- This site is optimized with the Yoast SEO plugin v26.4 - https:\/\/yoast.com\/wordpress\/plugins\/seo\/ -->\n<title>Wdro\u017cenie Platformy G\u0142osowej Trakt i \u015bwiat\u0142owodu dla Telmon | Biznes T-Mobile<\/title>\n<meta name=\"description\" content=\"Sprawd\u017a jakie wyzwania stan\u0119\u0142y przed T-Mobile podczas wdra\u017cania rozwi\u0105za\u0144 dla wiod\u0105cej firmy z zakresu telesprzeda\u017cy i obs\u0142ugi klienta. Blog Biznes T-Mobile.\" \/>\n<meta name=\"robots\" content=\"index, follow, max-snippet:-1, max-image-preview:large, max-video-preview:-1\" \/>\n<link rel=\"canonical\" href=\"https:\/\/biznes.t-mobile.pl\/pl\/case-study\/telmon\" \/>\n<meta property=\"og:locale\" content=\"pl_PL\" \/>\n<meta property=\"og:type\" content=\"article\" \/>\n<meta property=\"og:title\" content=\"Wdro\u017cenie Platformy G\u0142osowej Trakt i \u015bwiat\u0142owodu dla Telmon | Biznes T-Mobile\" \/>\n<meta property=\"og:description\" content=\"Sprawd\u017a jakie wyzwania stan\u0119\u0142y przed T-Mobile podczas wdra\u017cania rozwi\u0105za\u0144 dla wiod\u0105cej firmy z zakresu telesprzeda\u017cy i obs\u0142ugi klienta. Blog Biznes T-Mobile.\" \/>\n<meta property=\"og:url\" content=\"https:\/\/biznes.t-mobile.pl\/pl\/case-study\/telmon\" \/>\n<meta property=\"og:site_name\" content=\"T-Mobile Biznes Polska\" \/>\n<meta property=\"article:modified_time\" content=\"2025-08-04T10:19:18+00:00\" \/>\n<meta property=\"og:image\" content=\"https:\/\/biznes.t-mobile.pl\/wp-content\/uploads\/2021\/08\/b2b_caseStudy_telmon_header_375x398_v3.png\" \/>\n\t<meta property=\"og:image:width\" content=\"375\" \/>\n\t<meta property=\"og:image:height\" content=\"398\" \/>\n\t<meta property=\"og:image:type\" content=\"image\/png\" \/>\n<meta name=\"twitter:card\" content=\"summary_large_image\" \/>\n<script type=\"application\/ld+json\" class=\"yoast-schema-graph\">{\"@context\":\"https:\/\/schema.org\",\"@graph\":[{\"@type\":\"WebPage\",\"@id\":\"https:\/\/biznes.t-mobile.pl\/pl\/case-study\/telmon\",\"url\":\"https:\/\/biznes.t-mobile.pl\/pl\/case-study\/telmon\",\"name\":\"Wdro\u017cenie Platformy G\u0142osowej Trakt i \u015bwiat\u0142owodu dla Telmon | Biznes T-Mobile\",\"isPartOf\":{\"@id\":\"https:\/\/biznes.t-mobile.pl\/pl\/#website\"},\"primaryImageOfPage\":{\"@id\":\"https:\/\/biznes.t-mobile.pl\/pl\/case-study\/telmon#primaryimage\"},\"image\":{\"@id\":\"https:\/\/biznes.t-mobile.pl\/pl\/case-study\/telmon#primaryimage\"},\"thumbnailUrl\":\"https:\/\/biznes.t-mobile.pl\/wp-content\/uploads\/2021\/08\/b2b_caseStudy_telmon_header_375x398_v3.png\",\"datePublished\":\"2021-07-05T15:28:09+00:00\",\"dateModified\":\"2025-08-04T10:19:18+00:00\",\"description\":\"Sprawd\u017a jakie wyzwania stan\u0119\u0142y przed T-Mobile podczas wdra\u017cania rozwi\u0105za\u0144 dla wiod\u0105cej firmy z zakresu telesprzeda\u017cy i obs\u0142ugi klienta. Blog Biznes T-Mobile.\",\"breadcrumb\":{\"@id\":\"https:\/\/biznes.t-mobile.pl\/pl\/case-study\/telmon#breadcrumb\"},\"inLanguage\":\"pl-PL\",\"potentialAction\":[{\"@type\":\"ReadAction\",\"target\":[\"https:\/\/biznes.t-mobile.pl\/pl\/case-study\/telmon\"]}]},{\"@type\":\"ImageObject\",\"inLanguage\":\"pl-PL\",\"@id\":\"https:\/\/biznes.t-mobile.pl\/pl\/case-study\/telmon#primaryimage\",\"url\":\"https:\/\/biznes.t-mobile.pl\/wp-content\/uploads\/2021\/08\/b2b_caseStudy_telmon_header_375x398_v3.png\",\"contentUrl\":\"https:\/\/biznes.t-mobile.pl\/wp-content\/uploads\/2021\/08\/b2b_caseStudy_telmon_header_375x398_v3.png\",\"width\":375,\"height\":398,\"caption\":\"\\\" \\\"\"},{\"@type\":\"BreadcrumbList\",\"@id\":\"https:\/\/biznes.t-mobile.pl\/pl\/case-study\/telmon#breadcrumb\",\"itemListElement\":[{\"@type\":\"ListItem\",\"position\":1,\"name\":\"Strona g\u0142\u00f3wna\",\"item\":\"https:\/\/biznes.t-mobile.pl\/pl\"},{\"@type\":\"ListItem\",\"position\":2,\"name\":\"Case Study\",\"item\":\"https:\/\/biznes.t-mobile.pl\/pl\/case-study\"},{\"@type\":\"ListItem\",\"position\":3,\"name\":\"TELMON\"}]},{\"@type\":\"WebSite\",\"@id\":\"https:\/\/biznes.t-mobile.pl\/pl\/#website\",\"url\":\"https:\/\/biznes.t-mobile.pl\/pl\/\",\"name\":\"T-Mobile Biznes Polska\",\"description\":\"Kompletna oferta T-Mobile dla firm. Sprawd\u017a us\u0142ugi mobilne, stacjonarne, sieci transmisji danych, internetu, centrum danych, cyberbezpiecze\u0144stwa i smart city ju\u017c teraz!\",\"publisher\":{\"@id\":\"https:\/\/biznes.t-mobile.pl\/pl\/#organization\"},\"potentialAction\":[{\"@type\":\"SearchAction\",\"target\":{\"@type\":\"EntryPoint\",\"urlTemplate\":\"https:\/\/biznes.t-mobile.pl\/pl\/?s={search_term_string}\"},\"query-input\":{\"@type\":\"PropertyValueSpecification\",\"valueRequired\":true,\"valueName\":\"search_term_string\"}}],\"inLanguage\":\"pl-PL\"},{\"@type\":\"Organization\",\"@id\":\"https:\/\/biznes.t-mobile.pl\/pl\/#organization\",\"name\":\"T-Mobile Biznes Polska\",\"url\":\"https:\/\/biznes.t-mobile.pl\/pl\/\",\"logo\":{\"@type\":\"ImageObject\",\"inLanguage\":\"pl-PL\",\"@id\":\"https:\/\/biznes.t-mobile.pl\/pl\/#\/schema\/logo\/image\/\",\"url\":\"https:\/\/biznes.t-mobile.pl\/wp-content\/uploads\/2024\/05\/logo-tmobile-white-new.svg\",\"contentUrl\":\"https:\/\/biznes.t-mobile.pl\/wp-content\/uploads\/2024\/05\/logo-tmobile-white-new.svg\",\"caption\":\"T-Mobile Biznes Polska\"},\"image\":{\"@id\":\"https:\/\/biznes.t-mobile.pl\/pl\/#\/schema\/logo\/image\/\"}}]}<\/script>\n<!-- \/ Yoast SEO plugin. -->","yoast_head_json":{"title":"Wdro\u017cenie Platformy G\u0142osowej Trakt i \u015bwiat\u0142owodu dla Telmon | Biznes T-Mobile","description":"Sprawd\u017a jakie wyzwania stan\u0119\u0142y przed T-Mobile podczas wdra\u017cania rozwi\u0105za\u0144 dla wiod\u0105cej firmy z zakresu telesprzeda\u017cy i obs\u0142ugi klienta. Blog Biznes T-Mobile.","robots":{"index":"index","follow":"follow","max-snippet":"max-snippet:-1","max-image-preview":"max-image-preview:large","max-video-preview":"max-video-preview:-1"},"canonical":"https:\/\/biznes.t-mobile.pl\/pl\/case-study\/telmon","og_locale":"pl_PL","og_type":"article","og_title":"Wdro\u017cenie Platformy G\u0142osowej Trakt i \u015bwiat\u0142owodu dla Telmon | Biznes T-Mobile","og_description":"Sprawd\u017a jakie wyzwania stan\u0119\u0142y przed T-Mobile podczas wdra\u017cania rozwi\u0105za\u0144 dla wiod\u0105cej firmy z zakresu telesprzeda\u017cy i obs\u0142ugi klienta. Blog Biznes T-Mobile.","og_url":"https:\/\/biznes.t-mobile.pl\/pl\/case-study\/telmon","og_site_name":"T-Mobile Biznes Polska","article_modified_time":"2025-08-04T10:19:18+00:00","og_image":[{"width":375,"height":398,"url":"https:\/\/biznes.t-mobile.pl\/wp-content\/uploads\/2021\/08\/b2b_caseStudy_telmon_header_375x398_v3.png","type":"image\/png"}],"twitter_card":"summary_large_image","schema":{"@context":"https:\/\/schema.org","@graph":[{"@type":"WebPage","@id":"https:\/\/biznes.t-mobile.pl\/pl\/case-study\/telmon","url":"https:\/\/biznes.t-mobile.pl\/pl\/case-study\/telmon","name":"Wdro\u017cenie Platformy G\u0142osowej Trakt i \u015bwiat\u0142owodu dla Telmon | Biznes T-Mobile","isPartOf":{"@id":"https:\/\/biznes.t-mobile.pl\/pl\/#website"},"primaryImageOfPage":{"@id":"https:\/\/biznes.t-mobile.pl\/pl\/case-study\/telmon#primaryimage"},"image":{"@id":"https:\/\/biznes.t-mobile.pl\/pl\/case-study\/telmon#primaryimage"},"thumbnailUrl":"https:\/\/biznes.t-mobile.pl\/wp-content\/uploads\/2021\/08\/b2b_caseStudy_telmon_header_375x398_v3.png","datePublished":"2021-07-05T15:28:09+00:00","dateModified":"2025-08-04T10:19:18+00:00","description":"Sprawd\u017a jakie wyzwania stan\u0119\u0142y przed T-Mobile podczas wdra\u017cania rozwi\u0105za\u0144 dla wiod\u0105cej firmy z zakresu telesprzeda\u017cy i obs\u0142ugi klienta. Blog Biznes T-Mobile.","breadcrumb":{"@id":"https:\/\/biznes.t-mobile.pl\/pl\/case-study\/telmon#breadcrumb"},"inLanguage":"pl-PL","potentialAction":[{"@type":"ReadAction","target":["https:\/\/biznes.t-mobile.pl\/pl\/case-study\/telmon"]}]},{"@type":"ImageObject","inLanguage":"pl-PL","@id":"https:\/\/biznes.t-mobile.pl\/pl\/case-study\/telmon#primaryimage","url":"https:\/\/biznes.t-mobile.pl\/wp-content\/uploads\/2021\/08\/b2b_caseStudy_telmon_header_375x398_v3.png","contentUrl":"https:\/\/biznes.t-mobile.pl\/wp-content\/uploads\/2021\/08\/b2b_caseStudy_telmon_header_375x398_v3.png","width":375,"height":398,"caption":"\" \""},{"@type":"BreadcrumbList","@id":"https:\/\/biznes.t-mobile.pl\/pl\/case-study\/telmon#breadcrumb","itemListElement":[{"@type":"ListItem","position":1,"name":"Strona g\u0142\u00f3wna","item":"https:\/\/biznes.t-mobile.pl\/pl"},{"@type":"ListItem","position":2,"name":"Case Study","item":"https:\/\/biznes.t-mobile.pl\/pl\/case-study"},{"@type":"ListItem","position":3,"name":"TELMON"}]},{"@type":"WebSite","@id":"https:\/\/biznes.t-mobile.pl\/pl\/#website","url":"https:\/\/biznes.t-mobile.pl\/pl\/","name":"T-Mobile Biznes Polska","description":"Kompletna oferta T-Mobile dla firm. Sprawd\u017a us\u0142ugi mobilne, stacjonarne, sieci transmisji danych, internetu, centrum danych, cyberbezpiecze\u0144stwa i smart city ju\u017c teraz!","publisher":{"@id":"https:\/\/biznes.t-mobile.pl\/pl\/#organization"},"potentialAction":[{"@type":"SearchAction","target":{"@type":"EntryPoint","urlTemplate":"https:\/\/biznes.t-mobile.pl\/pl\/?s={search_term_string}"},"query-input":{"@type":"PropertyValueSpecification","valueRequired":true,"valueName":"search_term_string"}}],"inLanguage":"pl-PL"},{"@type":"Organization","@id":"https:\/\/biznes.t-mobile.pl\/pl\/#organization","name":"T-Mobile Biznes Polska","url":"https:\/\/biznes.t-mobile.pl\/pl\/","logo":{"@type":"ImageObject","inLanguage":"pl-PL","@id":"https:\/\/biznes.t-mobile.pl\/pl\/#\/schema\/logo\/image\/","url":"https:\/\/biznes.t-mobile.pl\/wp-content\/uploads\/2024\/05\/logo-tmobile-white-new.svg","contentUrl":"https:\/\/biznes.t-mobile.pl\/wp-content\/uploads\/2024\/05\/logo-tmobile-white-new.svg","caption":"T-Mobile Biznes Polska"},"image":{"@id":"https:\/\/biznes.t-mobile.pl\/pl\/#\/schema\/logo\/image\/"}}]}},"_links":{"self":[{"href":"https:\/\/biznes.t-mobile.pl\/pl\/wp-json\/wp\/v2\/pages\/38493","targetHints":{"allow":["GET"]}}],"collection":[{"href":"https:\/\/biznes.t-mobile.pl\/pl\/wp-json\/wp\/v2\/pages"}],"about":[{"href":"https:\/\/biznes.t-mobile.pl\/pl\/wp-json\/wp\/v2\/types\/page"}],"author":[{"embeddable":true,"href":"https:\/\/biznes.t-mobile.pl\/pl\/wp-json\/wp\/v2\/users\/11"}],"replies":[{"embeddable":true,"href":"https:\/\/biznes.t-mobile.pl\/pl\/wp-json\/wp\/v2\/comments?post=38493"}],"version-history":[{"count":102,"href":"https:\/\/biznes.t-mobile.pl\/pl\/wp-json\/wp\/v2\/pages\/38493\/revisions"}],"predecessor-version":[{"id":82057,"href":"https:\/\/biznes.t-mobile.pl\/pl\/wp-json\/wp\/v2\/pages\/38493\/revisions\/82057"}],"up":[{"embeddable":true,"href":"https:\/\/biznes.t-mobile.pl\/pl\/wp-json\/wp\/v2\/pages\/11827"}],"wp:featuredmedia":[{"embeddable":true,"href":"https:\/\/biznes.t-mobile.pl\/pl\/wp-json\/wp\/v2\/media\/48343"}],"wp:attachment":[{"href":"https:\/\/biznes.t-mobile.pl\/pl\/wp-json\/wp\/v2\/media?parent=38493"}],"curies":[{"name":"wp","href":"https:\/\/api.w.org\/{rel}","templated":true}]}}