{"id":11829,"date":"2021-03-22T11:30:16","date_gmt":"2021-03-22T10:30:16","guid":{"rendered":"https:\/\/biznes.t-mobile.pl\/?page_id=11829"},"modified":"2025-08-04T12:20:31","modified_gmt":"2025-08-04T10:20:31","slug":"coca-cola","status":"publish","type":"page","link":"https:\/\/biznes.t-mobile.pl\/pl\/case-study\/coca-cola","title":{"rendered":"Coca Cola"},"content":{"rendered":"","protected":false},"excerpt":{"rendered":"","protected":false},"author":1,"featured_media":36351,"parent":11827,"menu_order":0,"comment_status":"closed","ping_status":"closed","template":"page-case-study.php","meta":{"_acf_changed":false,"footnotes":""},"class_list":["post-11829","page","type-page","status-publish","has-post-thumbnail","hentry"],"acf":[],"yoast_head":"<!-- This site is optimized with the Yoast SEO plugin v26.4 - https:\/\/yoast.com\/wordpress\/plugins\/seo\/ -->\n<title>Coca Cola - Case Study - T-Mobile Biznes Polska<\/title>\n<meta name=\"description\" content=\"Coca-Cola Hellenic Bottling Company jest wiod\u0105c\u0105 firm\u0105 butelkuj\u0105c\u0105 dla koncernu Coca-Cola Company. Wielko\u015b\u0107 sprzeda\u017cy tej firmy przekracza dwa miliardy skrzynek.\" \/>\n<meta name=\"robots\" content=\"index, follow, max-snippet:-1, max-image-preview:large, max-video-preview:-1\" \/>\n<link rel=\"canonical\" href=\"https:\/\/biznes.t-mobile.pl\/pl\/case-study\/coca-cola\" \/>\n<meta property=\"og:locale\" content=\"pl_PL\" \/>\n<meta property=\"og:type\" content=\"article\" \/>\n<meta property=\"og:title\" content=\"Coca Cola - Case Study - T-Mobile Biznes Polska\" \/>\n<meta property=\"og:description\" content=\"Coca-Cola Hellenic Bottling Company jest wiod\u0105c\u0105 firm\u0105 butelkuj\u0105c\u0105 dla koncernu Coca-Cola Company. Wielko\u015b\u0107 sprzeda\u017cy tej firmy przekracza dwa miliardy skrzynek.\" \/>\n<meta property=\"og:url\" content=\"https:\/\/biznes.t-mobile.pl\/pl\/case-study\/coca-cola\" \/>\n<meta property=\"og:site_name\" content=\"T-Mobile Biznes Polska\" \/>\n<meta property=\"article:modified_time\" content=\"2025-08-04T10:20:31+00:00\" \/>\n<meta property=\"og:image\" content=\"https:\/\/biznes.t-mobile.pl\/wp-content\/uploads\/2021\/04\/Coca_Cola_mobile-2.jpg\" \/>\n\t<meta property=\"og:image:width\" content=\"375\" \/>\n\t<meta property=\"og:image:height\" content=\"212\" \/>\n\t<meta property=\"og:image:type\" content=\"image\/jpeg\" \/>\n<meta name=\"twitter:card\" content=\"summary_large_image\" \/>\n<script type=\"application\/ld+json\" class=\"yoast-schema-graph\">{\"@context\":\"https:\/\/schema.org\",\"@graph\":[{\"@type\":\"WebPage\",\"@id\":\"https:\/\/biznes.t-mobile.pl\/pl\/case-study\/coca-cola\",\"url\":\"https:\/\/biznes.t-mobile.pl\/pl\/case-study\/coca-cola\",\"name\":\"Coca Cola - Case Study - T-Mobile Biznes Polska\",\"isPartOf\":{\"@id\":\"https:\/\/biznes.t-mobile.pl\/pl\/#website\"},\"primaryImageOfPage\":{\"@id\":\"https:\/\/biznes.t-mobile.pl\/pl\/case-study\/coca-cola#primaryimage\"},\"image\":{\"@id\":\"https:\/\/biznes.t-mobile.pl\/pl\/case-study\/coca-cola#primaryimage\"},\"thumbnailUrl\":\"https:\/\/biznes.t-mobile.pl\/wp-content\/uploads\/2021\/04\/Coca_Cola_mobile-2.jpg\",\"datePublished\":\"2021-03-22T10:30:16+00:00\",\"dateModified\":\"2025-08-04T10:20:31+00:00\",\"description\":\"Coca-Cola Hellenic Bottling Company jest wiod\u0105c\u0105 firm\u0105 butelkuj\u0105c\u0105 dla koncernu Coca-Cola Company. Wielko\u015b\u0107 sprzeda\u017cy tej firmy przekracza dwa miliardy skrzynek.\",\"breadcrumb\":{\"@id\":\"https:\/\/biznes.t-mobile.pl\/pl\/case-study\/coca-cola#breadcrumb\"},\"inLanguage\":\"pl-PL\",\"potentialAction\":[{\"@type\":\"ReadAction\",\"target\":[\"https:\/\/biznes.t-mobile.pl\/pl\/case-study\/coca-cola\"]}]},{\"@type\":\"ImageObject\",\"inLanguage\":\"pl-PL\",\"@id\":\"https:\/\/biznes.t-mobile.pl\/pl\/case-study\/coca-cola#primaryimage\",\"url\":\"https:\/\/biznes.t-mobile.pl\/wp-content\/uploads\/2021\/04\/Coca_Cola_mobile-2.jpg\",\"contentUrl\":\"https:\/\/biznes.t-mobile.pl\/wp-content\/uploads\/2021\/04\/Coca_Cola_mobile-2.jpg\",\"width\":375,\"height\":212,\"caption\":\"\\\" \\\"\"},{\"@type\":\"BreadcrumbList\",\"@id\":\"https:\/\/biznes.t-mobile.pl\/pl\/case-study\/coca-cola#breadcrumb\",\"itemListElement\":[{\"@type\":\"ListItem\",\"position\":1,\"name\":\"Strona g\u0142\u00f3wna\",\"item\":\"https:\/\/biznes.t-mobile.pl\/pl\"},{\"@type\":\"ListItem\",\"position\":2,\"name\":\"Case Study\",\"item\":\"https:\/\/biznes.t-mobile.pl\/pl\/case-study\"},{\"@type\":\"ListItem\",\"position\":3,\"name\":\"Coca Cola\"}]},{\"@type\":\"WebSite\",\"@id\":\"https:\/\/biznes.t-mobile.pl\/pl\/#website\",\"url\":\"https:\/\/biznes.t-mobile.pl\/pl\/\",\"name\":\"T-Mobile Biznes Polska\",\"description\":\"Kompletna oferta T-Mobile dla firm. Sprawd\u017a us\u0142ugi mobilne, stacjonarne, sieci transmisji danych, internetu, centrum danych, cyberbezpiecze\u0144stwa i smart city ju\u017c teraz!\",\"publisher\":{\"@id\":\"https:\/\/biznes.t-mobile.pl\/pl\/#organization\"},\"potentialAction\":[{\"@type\":\"SearchAction\",\"target\":{\"@type\":\"EntryPoint\",\"urlTemplate\":\"https:\/\/biznes.t-mobile.pl\/pl\/?s={search_term_string}\"},\"query-input\":{\"@type\":\"PropertyValueSpecification\",\"valueRequired\":true,\"valueName\":\"search_term_string\"}}],\"inLanguage\":\"pl-PL\"},{\"@type\":\"Organization\",\"@id\":\"https:\/\/biznes.t-mobile.pl\/pl\/#organization\",\"name\":\"T-Mobile Biznes Polska\",\"url\":\"https:\/\/biznes.t-mobile.pl\/pl\/\",\"logo\":{\"@type\":\"ImageObject\",\"inLanguage\":\"pl-PL\",\"@id\":\"https:\/\/biznes.t-mobile.pl\/pl\/#\/schema\/logo\/image\/\",\"url\":\"https:\/\/biznes.t-mobile.pl\/wp-content\/uploads\/2024\/05\/logo-tmobile-white-new.svg\",\"contentUrl\":\"https:\/\/biznes.t-mobile.pl\/wp-content\/uploads\/2024\/05\/logo-tmobile-white-new.svg\",\"caption\":\"T-Mobile Biznes Polska\"},\"image\":{\"@id\":\"https:\/\/biznes.t-mobile.pl\/pl\/#\/schema\/logo\/image\/\"}}]}<\/script>\n<!-- \/ Yoast SEO plugin. -->","yoast_head_json":{"title":"Coca Cola - Case Study - T-Mobile Biznes Polska","description":"Coca-Cola Hellenic Bottling Company jest wiod\u0105c\u0105 firm\u0105 butelkuj\u0105c\u0105 dla koncernu Coca-Cola Company. Wielko\u015b\u0107 sprzeda\u017cy tej firmy przekracza dwa miliardy skrzynek.","robots":{"index":"index","follow":"follow","max-snippet":"max-snippet:-1","max-image-preview":"max-image-preview:large","max-video-preview":"max-video-preview:-1"},"canonical":"https:\/\/biznes.t-mobile.pl\/pl\/case-study\/coca-cola","og_locale":"pl_PL","og_type":"article","og_title":"Coca Cola - Case Study - T-Mobile Biznes Polska","og_description":"Coca-Cola Hellenic Bottling Company jest wiod\u0105c\u0105 firm\u0105 butelkuj\u0105c\u0105 dla koncernu Coca-Cola Company. Wielko\u015b\u0107 sprzeda\u017cy tej firmy przekracza dwa miliardy skrzynek.","og_url":"https:\/\/biznes.t-mobile.pl\/pl\/case-study\/coca-cola","og_site_name":"T-Mobile Biznes Polska","article_modified_time":"2025-08-04T10:20:31+00:00","og_image":[{"width":375,"height":212,"url":"https:\/\/biznes.t-mobile.pl\/wp-content\/uploads\/2021\/04\/Coca_Cola_mobile-2.jpg","type":"image\/jpeg"}],"twitter_card":"summary_large_image","schema":{"@context":"https:\/\/schema.org","@graph":[{"@type":"WebPage","@id":"https:\/\/biznes.t-mobile.pl\/pl\/case-study\/coca-cola","url":"https:\/\/biznes.t-mobile.pl\/pl\/case-study\/coca-cola","name":"Coca Cola - Case Study - T-Mobile Biznes Polska","isPartOf":{"@id":"https:\/\/biznes.t-mobile.pl\/pl\/#website"},"primaryImageOfPage":{"@id":"https:\/\/biznes.t-mobile.pl\/pl\/case-study\/coca-cola#primaryimage"},"image":{"@id":"https:\/\/biznes.t-mobile.pl\/pl\/case-study\/coca-cola#primaryimage"},"thumbnailUrl":"https:\/\/biznes.t-mobile.pl\/wp-content\/uploads\/2021\/04\/Coca_Cola_mobile-2.jpg","datePublished":"2021-03-22T10:30:16+00:00","dateModified":"2025-08-04T10:20:31+00:00","description":"Coca-Cola Hellenic Bottling Company jest wiod\u0105c\u0105 firm\u0105 butelkuj\u0105c\u0105 dla koncernu Coca-Cola Company. Wielko\u015b\u0107 sprzeda\u017cy tej firmy przekracza dwa miliardy skrzynek.","breadcrumb":{"@id":"https:\/\/biznes.t-mobile.pl\/pl\/case-study\/coca-cola#breadcrumb"},"inLanguage":"pl-PL","potentialAction":[{"@type":"ReadAction","target":["https:\/\/biznes.t-mobile.pl\/pl\/case-study\/coca-cola"]}]},{"@type":"ImageObject","inLanguage":"pl-PL","@id":"https:\/\/biznes.t-mobile.pl\/pl\/case-study\/coca-cola#primaryimage","url":"https:\/\/biznes.t-mobile.pl\/wp-content\/uploads\/2021\/04\/Coca_Cola_mobile-2.jpg","contentUrl":"https:\/\/biznes.t-mobile.pl\/wp-content\/uploads\/2021\/04\/Coca_Cola_mobile-2.jpg","width":375,"height":212,"caption":"\" \""},{"@type":"BreadcrumbList","@id":"https:\/\/biznes.t-mobile.pl\/pl\/case-study\/coca-cola#breadcrumb","itemListElement":[{"@type":"ListItem","position":1,"name":"Strona g\u0142\u00f3wna","item":"https:\/\/biznes.t-mobile.pl\/pl"},{"@type":"ListItem","position":2,"name":"Case Study","item":"https:\/\/biznes.t-mobile.pl\/pl\/case-study"},{"@type":"ListItem","position":3,"name":"Coca Cola"}]},{"@type":"WebSite","@id":"https:\/\/biznes.t-mobile.pl\/pl\/#website","url":"https:\/\/biznes.t-mobile.pl\/pl\/","name":"T-Mobile Biznes Polska","description":"Kompletna oferta T-Mobile dla firm. Sprawd\u017a us\u0142ugi mobilne, stacjonarne, sieci transmisji danych, internetu, centrum danych, cyberbezpiecze\u0144stwa i smart city ju\u017c teraz!","publisher":{"@id":"https:\/\/biznes.t-mobile.pl\/pl\/#organization"},"potentialAction":[{"@type":"SearchAction","target":{"@type":"EntryPoint","urlTemplate":"https:\/\/biznes.t-mobile.pl\/pl\/?s={search_term_string}"},"query-input":{"@type":"PropertyValueSpecification","valueRequired":true,"valueName":"search_term_string"}}],"inLanguage":"pl-PL"},{"@type":"Organization","@id":"https:\/\/biznes.t-mobile.pl\/pl\/#organization","name":"T-Mobile Biznes Polska","url":"https:\/\/biznes.t-mobile.pl\/pl\/","logo":{"@type":"ImageObject","inLanguage":"pl-PL","@id":"https:\/\/biznes.t-mobile.pl\/pl\/#\/schema\/logo\/image\/","url":"https:\/\/biznes.t-mobile.pl\/wp-content\/uploads\/2024\/05\/logo-tmobile-white-new.svg","contentUrl":"https:\/\/biznes.t-mobile.pl\/wp-content\/uploads\/2024\/05\/logo-tmobile-white-new.svg","caption":"T-Mobile Biznes Polska"},"image":{"@id":"https:\/\/biznes.t-mobile.pl\/pl\/#\/schema\/logo\/image\/"}}]}},"_links":{"self":[{"href":"https:\/\/biznes.t-mobile.pl\/pl\/wp-json\/wp\/v2\/pages\/11829","targetHints":{"allow":["GET"]}}],"collection":[{"href":"https:\/\/biznes.t-mobile.pl\/pl\/wp-json\/wp\/v2\/pages"}],"about":[{"href":"https:\/\/biznes.t-mobile.pl\/pl\/wp-json\/wp\/v2\/types\/page"}],"author":[{"embeddable":true,"href":"https:\/\/biznes.t-mobile.pl\/pl\/wp-json\/wp\/v2\/users\/1"}],"replies":[{"embeddable":true,"href":"https:\/\/biznes.t-mobile.pl\/pl\/wp-json\/wp\/v2\/comments?post=11829"}],"version-history":[{"count":20,"href":"https:\/\/biznes.t-mobile.pl\/pl\/wp-json\/wp\/v2\/pages\/11829\/revisions"}],"predecessor-version":[{"id":82229,"href":"https:\/\/biznes.t-mobile.pl\/pl\/wp-json\/wp\/v2\/pages\/11829\/revisions\/82229"}],"up":[{"embeddable":true,"href":"https:\/\/biznes.t-mobile.pl\/pl\/wp-json\/wp\/v2\/pages\/11827"}],"wp:featuredmedia":[{"embeddable":true,"href":"https:\/\/biznes.t-mobile.pl\/pl\/wp-json\/wp\/v2\/media\/36351"}],"wp:attachment":[{"href":"https:\/\/biznes.t-mobile.pl\/pl\/wp-json\/wp\/v2\/media?parent=11829"}],"curies":[{"name":"wp","href":"https:\/\/api.w.org\/{rel}","templated":true}]}}