{"id":85509,"date":"2026-04-14T11:11:47","date_gmt":"2026-04-14T09:11:47","guid":{"rendered":"https:\/\/biznes.t-mobile.pl\/?page_id=85509"},"modified":"2026-04-14T11:12:28","modified_gmt":"2026-04-14T09:12:28","slug":"id-logistics","status":"publish","type":"page","link":"https:\/\/biznes.t-mobile.pl\/en\/id-logistics","title":{"rendered":"ID Logistics"},"content":{"rendered":"","protected":false},"excerpt":{"rendered":"","protected":false},"author":7,"featured_media":0,"parent":0,"menu_order":0,"comment_status":"closed","ping_status":"closed","template":"page-case-study-new.php","meta":{"_acf_changed":false,"footnotes":""},"class_list":["post-85509","page","type-page","status-publish","hentry"],"acf":[],"yoast_head":"<!-- This site is optimized with the Yoast SEO plugin v26.4 - https:\/\/yoast.com\/wordpress\/plugins\/seo\/ -->\n<title>Modern technologies in logistics \u2013 ID Logistics case study<\/title>\n<meta name=\"description\" content=\"Case Study: Find out how T-Mobile helped ID Logistics with digital transformation and the optimization of logistics processes.\" \/>\n<meta name=\"robots\" content=\"index, follow, max-snippet:-1, max-image-preview:large, max-video-preview:-1\" \/>\n<link rel=\"canonical\" href=\"https:\/\/biznes.t-mobile.pl\/en\/id-logistics\" \/>\n<meta property=\"og:locale\" content=\"en_US\" \/>\n<meta property=\"og:type\" content=\"article\" \/>\n<meta property=\"og:title\" content=\"Modern technologies in logistics \u2013 ID Logistics case study\" \/>\n<meta property=\"og:description\" content=\"Case Study: Find out how T-Mobile helped ID Logistics with digital transformation and the optimization of logistics processes.\" \/>\n<meta property=\"og:url\" content=\"https:\/\/biznes.t-mobile.pl\/en\/id-logistics\" \/>\n<meta property=\"og:site_name\" content=\"T-Mobile Biznes Polska\" \/>\n<meta property=\"article:modified_time\" content=\"2026-04-14T09:12:28+00:00\" \/>\n<meta name=\"twitter:card\" content=\"summary_large_image\" \/>\n<script type=\"application\/ld+json\" class=\"yoast-schema-graph\">{\"@context\":\"https:\/\/schema.org\",\"@graph\":[{\"@type\":\"WebPage\",\"@id\":\"https:\/\/biznes.t-mobile.pl\/en\/id-logistics\",\"url\":\"https:\/\/biznes.t-mobile.pl\/en\/id-logistics\",\"name\":\"Modern technologies in logistics \u2013 ID Logistics case study\",\"isPartOf\":{\"@id\":\"https:\/\/biznes.t-mobile.pl\/pl\/#website\"},\"datePublished\":\"2026-04-14T09:11:47+00:00\",\"dateModified\":\"2026-04-14T09:12:28+00:00\",\"description\":\"Case Study: Find out how T-Mobile helped ID Logistics with digital transformation and the optimization of logistics processes.\",\"breadcrumb\":{\"@id\":\"https:\/\/biznes.t-mobile.pl\/en\/id-logistics#breadcrumb\"},\"inLanguage\":\"en-US\",\"potentialAction\":[{\"@type\":\"ReadAction\",\"target\":[\"https:\/\/biznes.t-mobile.pl\/en\/id-logistics\"]}]},{\"@type\":\"BreadcrumbList\",\"@id\":\"https:\/\/biznes.t-mobile.pl\/en\/id-logistics#breadcrumb\",\"itemListElement\":[{\"@type\":\"ListItem\",\"position\":1,\"name\":\"Home\",\"item\":\"https:\/\/biznes.t-mobile.pl\/en\"},{\"@type\":\"ListItem\",\"position\":2,\"name\":\"ID Logistics\"}]},{\"@type\":\"WebSite\",\"@id\":\"https:\/\/biznes.t-mobile.pl\/pl\/#website\",\"url\":\"https:\/\/biznes.t-mobile.pl\/pl\/\",\"name\":\"T-Mobile Biznes Polska\",\"description\":\"Kompletna oferta T-Mobile dla firm. Sprawd\u017a us\u0142ugi mobilne, stacjonarne, sieci transmisji danych, internetu, centrum danych, cyberbezpiecze\u0144stwa i smart city ju\u017c teraz!\",\"publisher\":{\"@id\":\"https:\/\/biznes.t-mobile.pl\/pl\/#organization\"},\"potentialAction\":[{\"@type\":\"SearchAction\",\"target\":{\"@type\":\"EntryPoint\",\"urlTemplate\":\"https:\/\/biznes.t-mobile.pl\/pl\/?s={search_term_string}\"},\"query-input\":{\"@type\":\"PropertyValueSpecification\",\"valueRequired\":true,\"valueName\":\"search_term_string\"}}],\"inLanguage\":\"en-US\"},{\"@type\":\"Organization\",\"@id\":\"https:\/\/biznes.t-mobile.pl\/pl\/#organization\",\"name\":\"T-Mobile Biznes Polska\",\"url\":\"https:\/\/biznes.t-mobile.pl\/pl\/\",\"logo\":{\"@type\":\"ImageObject\",\"inLanguage\":\"en-US\",\"@id\":\"https:\/\/biznes.t-mobile.pl\/pl\/#\/schema\/logo\/image\/\",\"url\":\"https:\/\/biznes.t-mobile.pl\/wp-content\/uploads\/2024\/05\/logo-tmobile-white-new.svg\",\"contentUrl\":\"https:\/\/biznes.t-mobile.pl\/wp-content\/uploads\/2024\/05\/logo-tmobile-white-new.svg\",\"caption\":\"T-Mobile Biznes Polska\"},\"image\":{\"@id\":\"https:\/\/biznes.t-mobile.pl\/pl\/#\/schema\/logo\/image\/\"}}]}<\/script>\n<!-- \/ Yoast SEO plugin. -->","yoast_head_json":{"title":"Modern technologies in logistics \u2013 ID Logistics case study","description":"Case Study: Find out how T-Mobile helped ID Logistics with digital transformation and the optimization of logistics processes.","robots":{"index":"index","follow":"follow","max-snippet":"max-snippet:-1","max-image-preview":"max-image-preview:large","max-video-preview":"max-video-preview:-1"},"canonical":"https:\/\/biznes.t-mobile.pl\/en\/id-logistics","og_locale":"en_US","og_type":"article","og_title":"Modern technologies in logistics \u2013 ID Logistics case study","og_description":"Case Study: Find out how T-Mobile helped ID Logistics with digital transformation and the optimization of logistics processes.","og_url":"https:\/\/biznes.t-mobile.pl\/en\/id-logistics","og_site_name":"T-Mobile Biznes Polska","article_modified_time":"2026-04-14T09:12:28+00:00","twitter_card":"summary_large_image","schema":{"@context":"https:\/\/schema.org","@graph":[{"@type":"WebPage","@id":"https:\/\/biznes.t-mobile.pl\/en\/id-logistics","url":"https:\/\/biznes.t-mobile.pl\/en\/id-logistics","name":"Modern technologies in logistics \u2013 ID Logistics case study","isPartOf":{"@id":"https:\/\/biznes.t-mobile.pl\/pl\/#website"},"datePublished":"2026-04-14T09:11:47+00:00","dateModified":"2026-04-14T09:12:28+00:00","description":"Case Study: Find out how T-Mobile helped ID Logistics with digital transformation and the optimization of logistics processes.","breadcrumb":{"@id":"https:\/\/biznes.t-mobile.pl\/en\/id-logistics#breadcrumb"},"inLanguage":"en-US","potentialAction":[{"@type":"ReadAction","target":["https:\/\/biznes.t-mobile.pl\/en\/id-logistics"]}]},{"@type":"BreadcrumbList","@id":"https:\/\/biznes.t-mobile.pl\/en\/id-logistics#breadcrumb","itemListElement":[{"@type":"ListItem","position":1,"name":"Home","item":"https:\/\/biznes.t-mobile.pl\/en"},{"@type":"ListItem","position":2,"name":"ID Logistics"}]},{"@type":"WebSite","@id":"https:\/\/biznes.t-mobile.pl\/pl\/#website","url":"https:\/\/biznes.t-mobile.pl\/pl\/","name":"T-Mobile Biznes Polska","description":"Kompletna oferta T-Mobile dla firm. Sprawd\u017a us\u0142ugi mobilne, stacjonarne, sieci transmisji danych, internetu, centrum danych, cyberbezpiecze\u0144stwa i smart city ju\u017c teraz!","publisher":{"@id":"https:\/\/biznes.t-mobile.pl\/pl\/#organization"},"potentialAction":[{"@type":"SearchAction","target":{"@type":"EntryPoint","urlTemplate":"https:\/\/biznes.t-mobile.pl\/pl\/?s={search_term_string}"},"query-input":{"@type":"PropertyValueSpecification","valueRequired":true,"valueName":"search_term_string"}}],"inLanguage":"en-US"},{"@type":"Organization","@id":"https:\/\/biznes.t-mobile.pl\/pl\/#organization","name":"T-Mobile Biznes Polska","url":"https:\/\/biznes.t-mobile.pl\/pl\/","logo":{"@type":"ImageObject","inLanguage":"en-US","@id":"https:\/\/biznes.t-mobile.pl\/pl\/#\/schema\/logo\/image\/","url":"https:\/\/biznes.t-mobile.pl\/wp-content\/uploads\/2024\/05\/logo-tmobile-white-new.svg","contentUrl":"https:\/\/biznes.t-mobile.pl\/wp-content\/uploads\/2024\/05\/logo-tmobile-white-new.svg","caption":"T-Mobile Biznes Polska"},"image":{"@id":"https:\/\/biznes.t-mobile.pl\/pl\/#\/schema\/logo\/image\/"}}]}},"_links":{"self":[{"href":"https:\/\/biznes.t-mobile.pl\/en\/wp-json\/wp\/v2\/pages\/85509","targetHints":{"allow":["GET"]}}],"collection":[{"href":"https:\/\/biznes.t-mobile.pl\/en\/wp-json\/wp\/v2\/pages"}],"about":[{"href":"https:\/\/biznes.t-mobile.pl\/en\/wp-json\/wp\/v2\/types\/page"}],"author":[{"embeddable":true,"href":"https:\/\/biznes.t-mobile.pl\/en\/wp-json\/wp\/v2\/users\/7"}],"replies":[{"embeddable":true,"href":"https:\/\/biznes.t-mobile.pl\/en\/wp-json\/wp\/v2\/comments?post=85509"}],"version-history":[{"count":2,"href":"https:\/\/biznes.t-mobile.pl\/en\/wp-json\/wp\/v2\/pages\/85509\/revisions"}],"predecessor-version":[{"id":85517,"href":"https:\/\/biznes.t-mobile.pl\/en\/wp-json\/wp\/v2\/pages\/85509\/revisions\/85517"}],"wp:attachment":[{"href":"https:\/\/biznes.t-mobile.pl\/en\/wp-json\/wp\/v2\/media?parent=85509"}],"curies":[{"name":"wp","href":"https:\/\/api.w.org\/{rel}","templated":true}]}}