{"id":84583,"date":"2025-08-04T11:46:21","date_gmt":"2025-08-04T09:46:21","guid":{"rendered":"https:\/\/bizdev2.gts.pl\/case-study\/miasto-wroclaw"},"modified":"2026-01-13T10:27:00","modified_gmt":"2026-01-13T09:27:00","slug":"miasto-wroclaw","status":"publish","type":"page","link":"https:\/\/biznes.t-mobile.pl\/en\/miasto-wroclaw","title":{"rendered":"Wroc\u0142aw City"},"content":{"rendered":"","protected":false},"excerpt":{"rendered":"","protected":false},"author":11,"featured_media":0,"parent":0,"menu_order":0,"comment_status":"closed","ping_status":"closed","template":"page-case-study-new.php","meta":{"_acf_changed":false,"footnotes":""},"class_list":["post-84583","page","type-page","status-publish","hentry"],"acf":[],"yoast_head":"<!-- This site is optimized with the Yoast SEO plugin v26.4 - https:\/\/yoast.com\/wordpress\/plugins\/seo\/ -->\n<title>Water Quality Monitoring in the Oder River: Wroc\u0142aw Smart City | T-Mobile Business<\/title>\n<meta name=\"description\" content=\"Case Study: How Did Wroc\u0142aw Implement a Water Quality Monitoring System with T-Mobile Business? See How IoT Supports the Wroc\u0142aw Smart City in Environmental Protection!\" \/>\n<meta name=\"robots\" content=\"index, follow, max-snippet:-1, max-image-preview:large, max-video-preview:-1\" \/>\n<link rel=\"canonical\" href=\"https:\/\/biznes.t-mobile.pl\/en\/miasto-wroclaw\" \/>\n<meta property=\"og:locale\" content=\"en_US\" \/>\n<meta property=\"og:type\" content=\"article\" \/>\n<meta property=\"og:title\" content=\"Water Quality Monitoring in the Oder River: Wroc\u0142aw Smart City | T-Mobile Business\" \/>\n<meta property=\"og:description\" content=\"Case Study: How Did Wroc\u0142aw Implement a Water Quality Monitoring System with T-Mobile Business? See How IoT Supports the Wroc\u0142aw Smart City in Environmental Protection!\" \/>\n<meta property=\"og:url\" content=\"https:\/\/biznes.t-mobile.pl\/en\/miasto-wroclaw\" \/>\n<meta property=\"og:site_name\" content=\"T-Mobile Biznes Polska\" \/>\n<meta property=\"article:modified_time\" content=\"2026-01-13T09:27:00+00:00\" \/>\n<meta name=\"twitter:card\" content=\"summary_large_image\" \/>\n<script type=\"application\/ld+json\" class=\"yoast-schema-graph\">{\"@context\":\"https:\/\/schema.org\",\"@graph\":[{\"@type\":\"WebPage\",\"@id\":\"https:\/\/biznes.t-mobile.pl\/en\/miasto-wroclaw\",\"url\":\"https:\/\/biznes.t-mobile.pl\/en\/miasto-wroclaw\",\"name\":\"Water Quality Monitoring in the Oder River: Wroc\u0142aw Smart City | T-Mobile Business\",\"isPartOf\":{\"@id\":\"https:\/\/biznes.t-mobile.pl\/pl\/#website\"},\"datePublished\":\"2025-08-04T09:46:21+00:00\",\"dateModified\":\"2026-01-13T09:27:00+00:00\",\"description\":\"Case Study: How Did Wroc\u0142aw Implement a Water Quality Monitoring System with T-Mobile Business? See How IoT Supports the Wroc\u0142aw Smart City in Environmental Protection!\",\"breadcrumb\":{\"@id\":\"https:\/\/biznes.t-mobile.pl\/en\/miasto-wroclaw#breadcrumb\"},\"inLanguage\":\"en-US\",\"potentialAction\":[{\"@type\":\"ReadAction\",\"target\":[\"https:\/\/biznes.t-mobile.pl\/en\/miasto-wroclaw\"]}]},{\"@type\":\"BreadcrumbList\",\"@id\":\"https:\/\/biznes.t-mobile.pl\/en\/miasto-wroclaw#breadcrumb\",\"itemListElement\":[{\"@type\":\"ListItem\",\"position\":1,\"name\":\"Home\",\"item\":\"https:\/\/biznes.t-mobile.pl\/en\"},{\"@type\":\"ListItem\",\"position\":2,\"name\":\"Wroc\u0142aw City\"}]},{\"@type\":\"WebSite\",\"@id\":\"https:\/\/biznes.t-mobile.pl\/pl\/#website\",\"url\":\"https:\/\/biznes.t-mobile.pl\/pl\/\",\"name\":\"T-Mobile Biznes Polska\",\"description\":\"Kompletna oferta T-Mobile dla firm. Sprawd\u017a us\u0142ugi mobilne, stacjonarne, sieci transmisji danych, internetu, centrum danych, cyberbezpiecze\u0144stwa i smart city ju\u017c teraz!\",\"publisher\":{\"@id\":\"https:\/\/biznes.t-mobile.pl\/pl\/#organization\"},\"potentialAction\":[{\"@type\":\"SearchAction\",\"target\":{\"@type\":\"EntryPoint\",\"urlTemplate\":\"https:\/\/biznes.t-mobile.pl\/pl\/?s={search_term_string}\"},\"query-input\":{\"@type\":\"PropertyValueSpecification\",\"valueRequired\":true,\"valueName\":\"search_term_string\"}}],\"inLanguage\":\"en-US\"},{\"@type\":\"Organization\",\"@id\":\"https:\/\/biznes.t-mobile.pl\/pl\/#organization\",\"name\":\"T-Mobile Biznes Polska\",\"url\":\"https:\/\/biznes.t-mobile.pl\/pl\/\",\"logo\":{\"@type\":\"ImageObject\",\"inLanguage\":\"en-US\",\"@id\":\"https:\/\/biznes.t-mobile.pl\/pl\/#\/schema\/logo\/image\/\",\"url\":\"https:\/\/biznes.t-mobile.pl\/wp-content\/uploads\/2024\/05\/logo-tmobile-white-new.svg\",\"contentUrl\":\"https:\/\/biznes.t-mobile.pl\/wp-content\/uploads\/2024\/05\/logo-tmobile-white-new.svg\",\"caption\":\"T-Mobile Biznes Polska\"},\"image\":{\"@id\":\"https:\/\/biznes.t-mobile.pl\/pl\/#\/schema\/logo\/image\/\"}}]}<\/script>\n<!-- \/ Yoast SEO plugin. -->","yoast_head_json":{"title":"Water Quality Monitoring in the Oder River: Wroc\u0142aw Smart City | T-Mobile Business","description":"Case Study: How Did Wroc\u0142aw Implement a Water Quality Monitoring System with T-Mobile Business? See How IoT Supports the Wroc\u0142aw Smart City in Environmental Protection!","robots":{"index":"index","follow":"follow","max-snippet":"max-snippet:-1","max-image-preview":"max-image-preview:large","max-video-preview":"max-video-preview:-1"},"canonical":"https:\/\/biznes.t-mobile.pl\/en\/miasto-wroclaw","og_locale":"en_US","og_type":"article","og_title":"Water Quality Monitoring in the Oder River: Wroc\u0142aw Smart City | T-Mobile Business","og_description":"Case Study: How Did Wroc\u0142aw Implement a Water Quality Monitoring System with T-Mobile Business? See How IoT Supports the Wroc\u0142aw Smart City in Environmental Protection!","og_url":"https:\/\/biznes.t-mobile.pl\/en\/miasto-wroclaw","og_site_name":"T-Mobile Biznes Polska","article_modified_time":"2026-01-13T09:27:00+00:00","twitter_card":"summary_large_image","schema":{"@context":"https:\/\/schema.org","@graph":[{"@type":"WebPage","@id":"https:\/\/biznes.t-mobile.pl\/en\/miasto-wroclaw","url":"https:\/\/biznes.t-mobile.pl\/en\/miasto-wroclaw","name":"Water Quality Monitoring in the Oder River: Wroc\u0142aw Smart City | T-Mobile Business","isPartOf":{"@id":"https:\/\/biznes.t-mobile.pl\/pl\/#website"},"datePublished":"2025-08-04T09:46:21+00:00","dateModified":"2026-01-13T09:27:00+00:00","description":"Case Study: How Did Wroc\u0142aw Implement a Water Quality Monitoring System with T-Mobile Business? See How IoT Supports the Wroc\u0142aw Smart City in Environmental Protection!","breadcrumb":{"@id":"https:\/\/biznes.t-mobile.pl\/en\/miasto-wroclaw#breadcrumb"},"inLanguage":"en-US","potentialAction":[{"@type":"ReadAction","target":["https:\/\/biznes.t-mobile.pl\/en\/miasto-wroclaw"]}]},{"@type":"BreadcrumbList","@id":"https:\/\/biznes.t-mobile.pl\/en\/miasto-wroclaw#breadcrumb","itemListElement":[{"@type":"ListItem","position":1,"name":"Home","item":"https:\/\/biznes.t-mobile.pl\/en"},{"@type":"ListItem","position":2,"name":"Wroc\u0142aw City"}]},{"@type":"WebSite","@id":"https:\/\/biznes.t-mobile.pl\/pl\/#website","url":"https:\/\/biznes.t-mobile.pl\/pl\/","name":"T-Mobile Biznes Polska","description":"Kompletna oferta T-Mobile dla firm. Sprawd\u017a us\u0142ugi mobilne, stacjonarne, sieci transmisji danych, internetu, centrum danych, cyberbezpiecze\u0144stwa i smart city ju\u017c teraz!","publisher":{"@id":"https:\/\/biznes.t-mobile.pl\/pl\/#organization"},"potentialAction":[{"@type":"SearchAction","target":{"@type":"EntryPoint","urlTemplate":"https:\/\/biznes.t-mobile.pl\/pl\/?s={search_term_string}"},"query-input":{"@type":"PropertyValueSpecification","valueRequired":true,"valueName":"search_term_string"}}],"inLanguage":"en-US"},{"@type":"Organization","@id":"https:\/\/biznes.t-mobile.pl\/pl\/#organization","name":"T-Mobile Biznes Polska","url":"https:\/\/biznes.t-mobile.pl\/pl\/","logo":{"@type":"ImageObject","inLanguage":"en-US","@id":"https:\/\/biznes.t-mobile.pl\/pl\/#\/schema\/logo\/image\/","url":"https:\/\/biznes.t-mobile.pl\/wp-content\/uploads\/2024\/05\/logo-tmobile-white-new.svg","contentUrl":"https:\/\/biznes.t-mobile.pl\/wp-content\/uploads\/2024\/05\/logo-tmobile-white-new.svg","caption":"T-Mobile Biznes Polska"},"image":{"@id":"https:\/\/biznes.t-mobile.pl\/pl\/#\/schema\/logo\/image\/"}}]}},"_links":{"self":[{"href":"https:\/\/biznes.t-mobile.pl\/en\/wp-json\/wp\/v2\/pages\/84583","targetHints":{"allow":["GET"]}}],"collection":[{"href":"https:\/\/biznes.t-mobile.pl\/en\/wp-json\/wp\/v2\/pages"}],"about":[{"href":"https:\/\/biznes.t-mobile.pl\/en\/wp-json\/wp\/v2\/types\/page"}],"author":[{"embeddable":true,"href":"https:\/\/biznes.t-mobile.pl\/en\/wp-json\/wp\/v2\/users\/11"}],"replies":[{"embeddable":true,"href":"https:\/\/biznes.t-mobile.pl\/en\/wp-json\/wp\/v2\/comments?post=84583"}],"version-history":[{"count":5,"href":"https:\/\/biznes.t-mobile.pl\/en\/wp-json\/wp\/v2\/pages\/84583\/revisions"}],"predecessor-version":[{"id":84621,"href":"https:\/\/biznes.t-mobile.pl\/en\/wp-json\/wp\/v2\/pages\/84583\/revisions\/84621"}],"wp:attachment":[{"href":"https:\/\/biznes.t-mobile.pl\/en\/wp-json\/wp\/v2\/media?parent=84583"}],"curies":[{"name":"wp","href":"https:\/\/api.w.org\/{rel}","templated":true}]}}