{"id":69178,"date":"2021-03-22T10:56:49","date_gmt":"2021-03-22T09:56:49","guid":{"rendered":"https:\/\/biznes.t-mobile.pl\/case-study"},"modified":"2026-04-14T11:20:56","modified_gmt":"2026-04-14T09:20:56","slug":"case-study","status":"publish","type":"page","link":"https:\/\/biznes.t-mobile.pl\/en\/case-study","title":{"rendered":"Case Study"},"content":{"rendered":"","protected":false},"excerpt":{"rendered":"","protected":false},"author":1,"featured_media":62051,"parent":0,"menu_order":0,"comment_status":"closed","ping_status":"closed","template":"page-about-us.php","meta":{"_acf_changed":false,"footnotes":""},"class_list":["post-69178","page","type-page","status-publish","has-post-thumbnail","hentry"],"acf":[],"yoast_head":"<!-- This site is optimized with the Yoast SEO plugin v26.4 - https:\/\/yoast.com\/wordpress\/plugins\/seo\/ -->\n<title>Case studies | T-Mobile Business<\/title>\n<meta name=\"description\" content=\"How our technology solutions have helped companies? Read our case studies and find out how we can help your business too.\" \/>\n<meta name=\"robots\" content=\"index, follow, max-snippet:-1, max-image-preview:large, max-video-preview:-1\" \/>\n<link rel=\"canonical\" href=\"https:\/\/biznes.t-mobile.pl\/en\/case-study\" \/>\n<meta property=\"og:locale\" content=\"en_US\" \/>\n<meta property=\"og:type\" content=\"article\" \/>\n<meta property=\"og:title\" content=\"Case studies | T-Mobile Business\" \/>\n<meta property=\"og:description\" content=\"How our technology solutions have helped companies? Read our case studies and find out how we can help your business too.\" \/>\n<meta property=\"og:url\" content=\"https:\/\/biznes.t-mobile.pl\/en\/case-study\" \/>\n<meta property=\"og:site_name\" content=\"T-Mobile Biznes Polska\" \/>\n<meta property=\"article:modified_time\" content=\"2026-04-14T09:20:56+00:00\" \/>\n<meta property=\"og:image\" content=\"https:\/\/biznes.t-mobile.pl\/wp-content\/uploads\/2023\/01\/tm_1920x198.webp\" \/>\n\t<meta property=\"og:image:width\" content=\"1920\" \/>\n\t<meta property=\"og:image:height\" content=\"198\" \/>\n\t<meta property=\"og:image:type\" content=\"image\/webp\" \/>\n<meta name=\"twitter:card\" content=\"summary_large_image\" \/>\n<meta name=\"twitter:label1\" content=\"Est. reading time\" \/>\n\t<meta name=\"twitter:data1\" content=\"1 minute\" \/>\n<script type=\"application\/ld+json\" class=\"yoast-schema-graph\">{\"@context\":\"https:\/\/schema.org\",\"@graph\":[{\"@type\":\"WebPage\",\"@id\":\"https:\/\/biznes.t-mobile.pl\/en\/case-study\",\"url\":\"https:\/\/biznes.t-mobile.pl\/en\/case-study\",\"name\":\"Case studies | T-Mobile Business\",\"isPartOf\":{\"@id\":\"https:\/\/biznes.t-mobile.pl\/pl\/#website\"},\"primaryImageOfPage\":{\"@id\":\"https:\/\/biznes.t-mobile.pl\/en\/case-study#primaryimage\"},\"image\":{\"@id\":\"https:\/\/biznes.t-mobile.pl\/en\/case-study#primaryimage\"},\"thumbnailUrl\":\"https:\/\/biznes.t-mobile.pl\/wp-content\/uploads\/2023\/01\/tm_1920x198.webp\",\"datePublished\":\"2021-03-22T09:56:49+00:00\",\"dateModified\":\"2026-04-14T09:20:56+00:00\",\"description\":\"How our technology solutions have helped companies? Read our case studies and find out how we can help your business too.\",\"breadcrumb\":{\"@id\":\"https:\/\/biznes.t-mobile.pl\/en\/case-study#breadcrumb\"},\"inLanguage\":\"en-US\",\"potentialAction\":[{\"@type\":\"ReadAction\",\"target\":[\"https:\/\/biznes.t-mobile.pl\/en\/case-study\"]}]},{\"@type\":\"ImageObject\",\"inLanguage\":\"en-US\",\"@id\":\"https:\/\/biznes.t-mobile.pl\/en\/case-study#primaryimage\",\"url\":\"https:\/\/biznes.t-mobile.pl\/wp-content\/uploads\/2023\/01\/tm_1920x198.webp\",\"contentUrl\":\"https:\/\/biznes.t-mobile.pl\/wp-content\/uploads\/2023\/01\/tm_1920x198.webp\",\"width\":1920,\"height\":198},{\"@type\":\"BreadcrumbList\",\"@id\":\"https:\/\/biznes.t-mobile.pl\/en\/case-study#breadcrumb\",\"itemListElement\":[{\"@type\":\"ListItem\",\"position\":1,\"name\":\"Home\",\"item\":\"https:\/\/biznes.t-mobile.pl\/en\"},{\"@type\":\"ListItem\",\"position\":2,\"name\":\"Case Study\"}]},{\"@type\":\"WebSite\",\"@id\":\"https:\/\/biznes.t-mobile.pl\/pl\/#website\",\"url\":\"https:\/\/biznes.t-mobile.pl\/pl\/\",\"name\":\"T-Mobile Biznes Polska\",\"description\":\"Kompletna oferta T-Mobile dla firm. Sprawd\u017a us\u0142ugi mobilne, stacjonarne, sieci transmisji danych, internetu, centrum danych, cyberbezpiecze\u0144stwa i smart city ju\u017c teraz!\",\"publisher\":{\"@id\":\"https:\/\/biznes.t-mobile.pl\/pl\/#organization\"},\"potentialAction\":[{\"@type\":\"SearchAction\",\"target\":{\"@type\":\"EntryPoint\",\"urlTemplate\":\"https:\/\/biznes.t-mobile.pl\/pl\/?s={search_term_string}\"},\"query-input\":{\"@type\":\"PropertyValueSpecification\",\"valueRequired\":true,\"valueName\":\"search_term_string\"}}],\"inLanguage\":\"en-US\"},{\"@type\":\"Organization\",\"@id\":\"https:\/\/biznes.t-mobile.pl\/pl\/#organization\",\"name\":\"T-Mobile Biznes Polska\",\"url\":\"https:\/\/biznes.t-mobile.pl\/pl\/\",\"logo\":{\"@type\":\"ImageObject\",\"inLanguage\":\"en-US\",\"@id\":\"https:\/\/biznes.t-mobile.pl\/pl\/#\/schema\/logo\/image\/\",\"url\":\"https:\/\/biznes.t-mobile.pl\/wp-content\/uploads\/2024\/05\/logo-tmobile-white-new.svg\",\"contentUrl\":\"https:\/\/biznes.t-mobile.pl\/wp-content\/uploads\/2024\/05\/logo-tmobile-white-new.svg\",\"caption\":\"T-Mobile Biznes Polska\"},\"image\":{\"@id\":\"https:\/\/biznes.t-mobile.pl\/pl\/#\/schema\/logo\/image\/\"}}]}<\/script>\n<!-- \/ Yoast SEO plugin. -->","yoast_head_json":{"title":"Case studies | T-Mobile Business","description":"How our technology solutions have helped companies? Read our case studies and find out how we can help your business too.","robots":{"index":"index","follow":"follow","max-snippet":"max-snippet:-1","max-image-preview":"max-image-preview:large","max-video-preview":"max-video-preview:-1"},"canonical":"https:\/\/biznes.t-mobile.pl\/en\/case-study","og_locale":"en_US","og_type":"article","og_title":"Case studies | T-Mobile Business","og_description":"How our technology solutions have helped companies? Read our case studies and find out how we can help your business too.","og_url":"https:\/\/biznes.t-mobile.pl\/en\/case-study","og_site_name":"T-Mobile Biznes Polska","article_modified_time":"2026-04-14T09:20:56+00:00","og_image":[{"width":1920,"height":198,"url":"https:\/\/biznes.t-mobile.pl\/wp-content\/uploads\/2023\/01\/tm_1920x198.webp","type":"image\/webp"}],"twitter_card":"summary_large_image","twitter_misc":{"Est. reading time":"1 minute"},"schema":{"@context":"https:\/\/schema.org","@graph":[{"@type":"WebPage","@id":"https:\/\/biznes.t-mobile.pl\/en\/case-study","url":"https:\/\/biznes.t-mobile.pl\/en\/case-study","name":"Case studies | T-Mobile Business","isPartOf":{"@id":"https:\/\/biznes.t-mobile.pl\/pl\/#website"},"primaryImageOfPage":{"@id":"https:\/\/biznes.t-mobile.pl\/en\/case-study#primaryimage"},"image":{"@id":"https:\/\/biznes.t-mobile.pl\/en\/case-study#primaryimage"},"thumbnailUrl":"https:\/\/biznes.t-mobile.pl\/wp-content\/uploads\/2023\/01\/tm_1920x198.webp","datePublished":"2021-03-22T09:56:49+00:00","dateModified":"2026-04-14T09:20:56+00:00","description":"How our technology solutions have helped companies? Read our case studies and find out how we can help your business too.","breadcrumb":{"@id":"https:\/\/biznes.t-mobile.pl\/en\/case-study#breadcrumb"},"inLanguage":"en-US","potentialAction":[{"@type":"ReadAction","target":["https:\/\/biznes.t-mobile.pl\/en\/case-study"]}]},{"@type":"ImageObject","inLanguage":"en-US","@id":"https:\/\/biznes.t-mobile.pl\/en\/case-study#primaryimage","url":"https:\/\/biznes.t-mobile.pl\/wp-content\/uploads\/2023\/01\/tm_1920x198.webp","contentUrl":"https:\/\/biznes.t-mobile.pl\/wp-content\/uploads\/2023\/01\/tm_1920x198.webp","width":1920,"height":198},{"@type":"BreadcrumbList","@id":"https:\/\/biznes.t-mobile.pl\/en\/case-study#breadcrumb","itemListElement":[{"@type":"ListItem","position":1,"name":"Home","item":"https:\/\/biznes.t-mobile.pl\/en"},{"@type":"ListItem","position":2,"name":"Case Study"}]},{"@type":"WebSite","@id":"https:\/\/biznes.t-mobile.pl\/pl\/#website","url":"https:\/\/biznes.t-mobile.pl\/pl\/","name":"T-Mobile Biznes Polska","description":"Kompletna oferta T-Mobile dla firm. Sprawd\u017a us\u0142ugi mobilne, stacjonarne, sieci transmisji danych, internetu, centrum danych, cyberbezpiecze\u0144stwa i smart city ju\u017c teraz!","publisher":{"@id":"https:\/\/biznes.t-mobile.pl\/pl\/#organization"},"potentialAction":[{"@type":"SearchAction","target":{"@type":"EntryPoint","urlTemplate":"https:\/\/biznes.t-mobile.pl\/pl\/?s={search_term_string}"},"query-input":{"@type":"PropertyValueSpecification","valueRequired":true,"valueName":"search_term_string"}}],"inLanguage":"en-US"},{"@type":"Organization","@id":"https:\/\/biznes.t-mobile.pl\/pl\/#organization","name":"T-Mobile Biznes Polska","url":"https:\/\/biznes.t-mobile.pl\/pl\/","logo":{"@type":"ImageObject","inLanguage":"en-US","@id":"https:\/\/biznes.t-mobile.pl\/pl\/#\/schema\/logo\/image\/","url":"https:\/\/biznes.t-mobile.pl\/wp-content\/uploads\/2024\/05\/logo-tmobile-white-new.svg","contentUrl":"https:\/\/biznes.t-mobile.pl\/wp-content\/uploads\/2024\/05\/logo-tmobile-white-new.svg","caption":"T-Mobile Biznes Polska"},"image":{"@id":"https:\/\/biznes.t-mobile.pl\/pl\/#\/schema\/logo\/image\/"}}]}},"_links":{"self":[{"href":"https:\/\/biznes.t-mobile.pl\/en\/wp-json\/wp\/v2\/pages\/69178","targetHints":{"allow":["GET"]}}],"collection":[{"href":"https:\/\/biznes.t-mobile.pl\/en\/wp-json\/wp\/v2\/pages"}],"about":[{"href":"https:\/\/biznes.t-mobile.pl\/en\/wp-json\/wp\/v2\/types\/page"}],"author":[{"embeddable":true,"href":"https:\/\/biznes.t-mobile.pl\/en\/wp-json\/wp\/v2\/users\/1"}],"replies":[{"embeddable":true,"href":"https:\/\/biznes.t-mobile.pl\/en\/wp-json\/wp\/v2\/comments?post=69178"}],"version-history":[{"count":5,"href":"https:\/\/biznes.t-mobile.pl\/en\/wp-json\/wp\/v2\/pages\/69178\/revisions"}],"predecessor-version":[{"id":85521,"href":"https:\/\/biznes.t-mobile.pl\/en\/wp-json\/wp\/v2\/pages\/69178\/revisions\/85521"}],"wp:featuredmedia":[{"embeddable":true,"href":"https:\/\/biznes.t-mobile.pl\/en\/wp-json\/wp\/v2\/media\/62051"}],"wp:attachment":[{"href":"https:\/\/biznes.t-mobile.pl\/en\/wp-json\/wp\/v2\/media?parent=69178"}],"curies":[{"name":"wp","href":"https:\/\/api.w.org\/{rel}","templated":true}]}}