{"id":69140,"date":"2023-09-20T11:45:32","date_gmt":"2023-09-20T09:45:32","guid":{"rendered":"https:\/\/biznes.t-mobile.pl\/grupa-boryszew-s-a"},"modified":"2025-08-04T12:25:38","modified_gmt":"2025-08-04T10:25:38","slug":"grupa-boryszew-s-a","status":"publish","type":"page","link":"https:\/\/biznes.t-mobile.pl\/en\/case-study\/grupa-boryszew-s-a","title":{"rendered":"Grupa Boryszew S.A."},"content":{"rendered":"","protected":false},"excerpt":{"rendered":"","protected":false},"author":1,"featured_media":65230,"parent":69178,"menu_order":0,"comment_status":"closed","ping_status":"closed","template":"page-case-study.php","meta":{"_acf_changed":false,"footnotes":""},"class_list":["post-69140","page","type-page","status-publish","has-post-thumbnail","hentry"],"acf":[],"yoast_head":"<!-- This site is optimized with the Yoast SEO plugin v26.4 - https:\/\/yoast.com\/wordpress\/plugins\/seo\/ -->\n<title>International integration of Boryszew Group&#039;s | T-Mobile Business<\/title>\n<meta name=\"description\" content=\"Find out how, with the SD-WAN service, we carried out the international integration of Boryszew Group&#039;s. Read our case study.\" \/>\n<meta name=\"robots\" content=\"index, follow, max-snippet:-1, max-image-preview:large, max-video-preview:-1\" \/>\n<link rel=\"canonical\" href=\"https:\/\/biznes.t-mobile.pl\/en\/case-study\/grupa-boryszew-s-a\" \/>\n<meta property=\"og:locale\" content=\"en_US\" \/>\n<meta property=\"og:type\" content=\"article\" \/>\n<meta property=\"og:title\" content=\"International integration of Boryszew Group&#039;s | T-Mobile Business\" \/>\n<meta property=\"og:description\" content=\"Find out how, with the SD-WAN service, we carried out the international integration of Boryszew Group&#039;s. Read our case study.\" \/>\n<meta property=\"og:url\" content=\"https:\/\/biznes.t-mobile.pl\/en\/case-study\/grupa-boryszew-s-a\" \/>\n<meta property=\"og:site_name\" content=\"T-Mobile Biznes Polska\" \/>\n<meta property=\"article:modified_time\" content=\"2025-08-04T10:25:38+00:00\" \/>\n<meta property=\"og:image\" content=\"https:\/\/biznes.t-mobile.pl\/wp-content\/uploads\/2023\/09\/header_375x325-1.png\" \/>\n\t<meta property=\"og:image:width\" content=\"375\" \/>\n\t<meta property=\"og:image:height\" content=\"325\" \/>\n\t<meta property=\"og:image:type\" content=\"image\/png\" \/>\n<meta name=\"twitter:card\" content=\"summary_large_image\" \/>\n<script type=\"application\/ld+json\" class=\"yoast-schema-graph\">{\"@context\":\"https:\/\/schema.org\",\"@graph\":[{\"@type\":\"WebPage\",\"@id\":\"https:\/\/biznes.t-mobile.pl\/en\/case-study\/grupa-boryszew-s-a\",\"url\":\"https:\/\/biznes.t-mobile.pl\/en\/case-study\/grupa-boryszew-s-a\",\"name\":\"International integration of Boryszew Group's | T-Mobile Business\",\"isPartOf\":{\"@id\":\"https:\/\/biznes.t-mobile.pl\/pl\/#website\"},\"primaryImageOfPage\":{\"@id\":\"https:\/\/biznes.t-mobile.pl\/en\/case-study\/grupa-boryszew-s-a#primaryimage\"},\"image\":{\"@id\":\"https:\/\/biznes.t-mobile.pl\/en\/case-study\/grupa-boryszew-s-a#primaryimage\"},\"thumbnailUrl\":\"https:\/\/biznes.t-mobile.pl\/wp-content\/uploads\/2023\/09\/header_375x325-1.png\",\"datePublished\":\"2023-09-20T09:45:32+00:00\",\"dateModified\":\"2025-08-04T10:25:38+00:00\",\"description\":\"Find out how, with the SD-WAN service, we carried out the international integration of Boryszew Group's. Read our case study.\",\"breadcrumb\":{\"@id\":\"https:\/\/biznes.t-mobile.pl\/en\/case-study\/grupa-boryszew-s-a#breadcrumb\"},\"inLanguage\":\"en-US\",\"potentialAction\":[{\"@type\":\"ReadAction\",\"target\":[\"https:\/\/biznes.t-mobile.pl\/en\/case-study\/grupa-boryszew-s-a\"]}]},{\"@type\":\"ImageObject\",\"inLanguage\":\"en-US\",\"@id\":\"https:\/\/biznes.t-mobile.pl\/en\/case-study\/grupa-boryszew-s-a#primaryimage\",\"url\":\"https:\/\/biznes.t-mobile.pl\/wp-content\/uploads\/2023\/09\/header_375x325-1.png\",\"contentUrl\":\"https:\/\/biznes.t-mobile.pl\/wp-content\/uploads\/2023\/09\/header_375x325-1.png\",\"width\":375,\"height\":325,\"caption\":\"\\\" \\\"\"},{\"@type\":\"BreadcrumbList\",\"@id\":\"https:\/\/biznes.t-mobile.pl\/en\/case-study\/grupa-boryszew-s-a#breadcrumb\",\"itemListElement\":[{\"@type\":\"ListItem\",\"position\":1,\"name\":\"Home\",\"item\":\"https:\/\/biznes.t-mobile.pl\/en\"},{\"@type\":\"ListItem\",\"position\":2,\"name\":\"Case Study\",\"item\":\"https:\/\/biznes.t-mobile.pl\/en\/case-study\"},{\"@type\":\"ListItem\",\"position\":3,\"name\":\"Grupa Boryszew S.A.\"}]},{\"@type\":\"WebSite\",\"@id\":\"https:\/\/biznes.t-mobile.pl\/pl\/#website\",\"url\":\"https:\/\/biznes.t-mobile.pl\/pl\/\",\"name\":\"T-Mobile Biznes Polska\",\"description\":\"Kompletna oferta T-Mobile dla firm. Sprawd\u017a us\u0142ugi mobilne, stacjonarne, sieci transmisji danych, internetu, centrum danych, cyberbezpiecze\u0144stwa i smart city ju\u017c teraz!\",\"publisher\":{\"@id\":\"https:\/\/biznes.t-mobile.pl\/pl\/#organization\"},\"potentialAction\":[{\"@type\":\"SearchAction\",\"target\":{\"@type\":\"EntryPoint\",\"urlTemplate\":\"https:\/\/biznes.t-mobile.pl\/pl\/?s={search_term_string}\"},\"query-input\":{\"@type\":\"PropertyValueSpecification\",\"valueRequired\":true,\"valueName\":\"search_term_string\"}}],\"inLanguage\":\"en-US\"},{\"@type\":\"Organization\",\"@id\":\"https:\/\/biznes.t-mobile.pl\/pl\/#organization\",\"name\":\"T-Mobile Biznes Polska\",\"url\":\"https:\/\/biznes.t-mobile.pl\/pl\/\",\"logo\":{\"@type\":\"ImageObject\",\"inLanguage\":\"en-US\",\"@id\":\"https:\/\/biznes.t-mobile.pl\/pl\/#\/schema\/logo\/image\/\",\"url\":\"https:\/\/biznes.t-mobile.pl\/wp-content\/uploads\/2024\/05\/logo-tmobile-white-new.svg\",\"contentUrl\":\"https:\/\/biznes.t-mobile.pl\/wp-content\/uploads\/2024\/05\/logo-tmobile-white-new.svg\",\"caption\":\"T-Mobile Biznes Polska\"},\"image\":{\"@id\":\"https:\/\/biznes.t-mobile.pl\/pl\/#\/schema\/logo\/image\/\"}}]}<\/script>\n<!-- \/ Yoast SEO plugin. -->","yoast_head_json":{"title":"International integration of Boryszew Group's | T-Mobile Business","description":"Find out how, with the SD-WAN service, we carried out the international integration of Boryszew Group's. Read our case study.","robots":{"index":"index","follow":"follow","max-snippet":"max-snippet:-1","max-image-preview":"max-image-preview:large","max-video-preview":"max-video-preview:-1"},"canonical":"https:\/\/biznes.t-mobile.pl\/en\/case-study\/grupa-boryszew-s-a","og_locale":"en_US","og_type":"article","og_title":"International integration of Boryszew Group's | T-Mobile Business","og_description":"Find out how, with the SD-WAN service, we carried out the international integration of Boryszew Group's. Read our case study.","og_url":"https:\/\/biznes.t-mobile.pl\/en\/case-study\/grupa-boryszew-s-a","og_site_name":"T-Mobile Biznes Polska","article_modified_time":"2025-08-04T10:25:38+00:00","og_image":[{"width":375,"height":325,"url":"https:\/\/biznes.t-mobile.pl\/wp-content\/uploads\/2023\/09\/header_375x325-1.png","type":"image\/png"}],"twitter_card":"summary_large_image","schema":{"@context":"https:\/\/schema.org","@graph":[{"@type":"WebPage","@id":"https:\/\/biznes.t-mobile.pl\/en\/case-study\/grupa-boryszew-s-a","url":"https:\/\/biznes.t-mobile.pl\/en\/case-study\/grupa-boryszew-s-a","name":"International integration of Boryszew Group's | T-Mobile Business","isPartOf":{"@id":"https:\/\/biznes.t-mobile.pl\/pl\/#website"},"primaryImageOfPage":{"@id":"https:\/\/biznes.t-mobile.pl\/en\/case-study\/grupa-boryszew-s-a#primaryimage"},"image":{"@id":"https:\/\/biznes.t-mobile.pl\/en\/case-study\/grupa-boryszew-s-a#primaryimage"},"thumbnailUrl":"https:\/\/biznes.t-mobile.pl\/wp-content\/uploads\/2023\/09\/header_375x325-1.png","datePublished":"2023-09-20T09:45:32+00:00","dateModified":"2025-08-04T10:25:38+00:00","description":"Find out how, with the SD-WAN service, we carried out the international integration of Boryszew Group's. Read our case study.","breadcrumb":{"@id":"https:\/\/biznes.t-mobile.pl\/en\/case-study\/grupa-boryszew-s-a#breadcrumb"},"inLanguage":"en-US","potentialAction":[{"@type":"ReadAction","target":["https:\/\/biznes.t-mobile.pl\/en\/case-study\/grupa-boryszew-s-a"]}]},{"@type":"ImageObject","inLanguage":"en-US","@id":"https:\/\/biznes.t-mobile.pl\/en\/case-study\/grupa-boryszew-s-a#primaryimage","url":"https:\/\/biznes.t-mobile.pl\/wp-content\/uploads\/2023\/09\/header_375x325-1.png","contentUrl":"https:\/\/biznes.t-mobile.pl\/wp-content\/uploads\/2023\/09\/header_375x325-1.png","width":375,"height":325,"caption":"\" \""},{"@type":"BreadcrumbList","@id":"https:\/\/biznes.t-mobile.pl\/en\/case-study\/grupa-boryszew-s-a#breadcrumb","itemListElement":[{"@type":"ListItem","position":1,"name":"Home","item":"https:\/\/biznes.t-mobile.pl\/en"},{"@type":"ListItem","position":2,"name":"Case Study","item":"https:\/\/biznes.t-mobile.pl\/en\/case-study"},{"@type":"ListItem","position":3,"name":"Grupa Boryszew S.A."}]},{"@type":"WebSite","@id":"https:\/\/biznes.t-mobile.pl\/pl\/#website","url":"https:\/\/biznes.t-mobile.pl\/pl\/","name":"T-Mobile Biznes Polska","description":"Kompletna oferta T-Mobile dla firm. Sprawd\u017a us\u0142ugi mobilne, stacjonarne, sieci transmisji danych, internetu, centrum danych, cyberbezpiecze\u0144stwa i smart city ju\u017c teraz!","publisher":{"@id":"https:\/\/biznes.t-mobile.pl\/pl\/#organization"},"potentialAction":[{"@type":"SearchAction","target":{"@type":"EntryPoint","urlTemplate":"https:\/\/biznes.t-mobile.pl\/pl\/?s={search_term_string}"},"query-input":{"@type":"PropertyValueSpecification","valueRequired":true,"valueName":"search_term_string"}}],"inLanguage":"en-US"},{"@type":"Organization","@id":"https:\/\/biznes.t-mobile.pl\/pl\/#organization","name":"T-Mobile Biznes Polska","url":"https:\/\/biznes.t-mobile.pl\/pl\/","logo":{"@type":"ImageObject","inLanguage":"en-US","@id":"https:\/\/biznes.t-mobile.pl\/pl\/#\/schema\/logo\/image\/","url":"https:\/\/biznes.t-mobile.pl\/wp-content\/uploads\/2024\/05\/logo-tmobile-white-new.svg","contentUrl":"https:\/\/biznes.t-mobile.pl\/wp-content\/uploads\/2024\/05\/logo-tmobile-white-new.svg","caption":"T-Mobile Biznes Polska"},"image":{"@id":"https:\/\/biznes.t-mobile.pl\/pl\/#\/schema\/logo\/image\/"}}]}},"_links":{"self":[{"href":"https:\/\/biznes.t-mobile.pl\/en\/wp-json\/wp\/v2\/pages\/69140","targetHints":{"allow":["GET"]}}],"collection":[{"href":"https:\/\/biznes.t-mobile.pl\/en\/wp-json\/wp\/v2\/pages"}],"about":[{"href":"https:\/\/biznes.t-mobile.pl\/en\/wp-json\/wp\/v2\/types\/page"}],"author":[{"embeddable":true,"href":"https:\/\/biznes.t-mobile.pl\/en\/wp-json\/wp\/v2\/users\/1"}],"replies":[{"embeddable":true,"href":"https:\/\/biznes.t-mobile.pl\/en\/wp-json\/wp\/v2\/comments?post=69140"}],"version-history":[{"count":4,"href":"https:\/\/biznes.t-mobile.pl\/en\/wp-json\/wp\/v2\/pages\/69140\/revisions"}],"predecessor-version":[{"id":82781,"href":"https:\/\/biznes.t-mobile.pl\/en\/wp-json\/wp\/v2\/pages\/69140\/revisions\/82781"}],"up":[{"embeddable":true,"href":"https:\/\/biznes.t-mobile.pl\/en\/wp-json\/wp\/v2\/pages\/69178"}],"wp:featuredmedia":[{"embeddable":true,"href":"https:\/\/biznes.t-mobile.pl\/en\/wp-json\/wp\/v2\/media\/65230"}],"wp:attachment":[{"href":"https:\/\/biznes.t-mobile.pl\/en\/wp-json\/wp\/v2\/media?parent=69140"}],"curies":[{"name":"wp","href":"https:\/\/api.w.org\/{rel}","templated":true}]}}